{"id":5133,"date":"2026-04-02T16:39:42","date_gmt":"2026-04-02T14:39:42","guid":{"rendered":"https:\/\/cefanl.be\/?page_id=5133"},"modified":"2026-04-02T16:39:43","modified_gmt":"2026-04-02T14:39:43","slug":"electricien-electricienne-de-maintenance-industrielle","status":"publish","type":"page","link":"https:\/\/cefanl.be\/index.php\/formations\/electricien-electricienne-de-maintenance-industrielle\/","title":{"rendered":"Electricien \/ Electricienne de maintenance industrielle"},"content":{"rendered":"\n<figure class=\"wp-block-image size-large\"><img loading=\"lazy\" decoding=\"async\" width=\"1024\" height=\"410\" src=\"https:\/\/cefanl.be\/wp-content\/uploads\/2026\/04\/Electricite-maintenance-industrielle-1024x410.png\" alt=\"Electricit\u00e9 de maintenance industrielle\" class=\"wp-image-5132\" srcset=\"https:\/\/cefanl.be\/wp-content\/uploads\/2026\/04\/Electricite-maintenance-industrielle-scaled.png 1024w, https:\/\/cefanl.be\/wp-content\/uploads\/2026\/04\/Electricite-maintenance-industrielle-scaled.png 300w, https:\/\/cefanl.be\/wp-content\/uploads\/2026\/04\/Electricite-maintenance-industrielle-scaled.png 768w, https:\/\/cefanl.be\/wp-content\/uploads\/2026\/04\/Electricite-maintenance-industrielle-scaled.png 200w, https:\/\/cefanl.be\/wp-content\/uploads\/2026\/04\/Electricite-maintenance-industrielle-scaled.png 1536w, https:\/\/cefanl.be\/wp-content\/uploads\/2026\/04\/Electricite-maintenance-industrielle-scaled.png 2048w, https:\/\/cefanl.be\/wp-content\/uploads\/2026\/04\/Electricite-maintenance-industrielle-scaled.png 1110w, https:\/\/cefanl.be\/wp-content\/uploads\/2026\/04\/Electricite-maintenance-industrielle-scaled.png 2280w\" sizes=\"auto, (max-width: 1024px) 100vw, 1024px\" \/><\/figure>\n\n\n\n<h3 class=\"wp-block-heading has-vivid-red-color has-text-color\">Lieux de formation<\/h3>\n\n\n\n<section class=\"wp-block-uagb-columns uagb-columns__wrap uagb-columns__background-none uagb-columns__stack-mobile uagb-columns__valign- uagb-columns__gap-10 align uagb-block-28e976ce uagb-columns__columns-4 uagb-columns__max_width-theme\"><div class=\"uagb-columns__overlay\"><\/div><div class=\"uagb-columns__inner-wrap uagb-columns__columns-4\">\n<div class=\"wp-block-uagb-column uagb-column__wrap uagb-column__background-undefined uagb-block-acfdf2ae\"><div class=\"uagb-column__overlay\"><\/div>\n<div class=\"wp-block-uagb-image uagb-block-0737279c wp-block-uagb-image--layout-default wp-block-uagb-image--effect-zoomin wp-block-uagb-image--align-none\"><figure class=\"wp-block-uagb-image__figure\"><a class=\"\" href=\"https:\/\/cefanl.be\/index.php\/implantations\/cefa-vielsalm\/\" target=\"\" rel=\"noopener\"><img decoding=\"async\" srcset=\"https:\/\/cefanl.be\/wp-content\/uploads\/2024\/08\/Logo-CEFA-NL-AR-Vielsalm-2024-1024x838.png ,https:\/\/cefanl.be\/wp-content\/uploads\/2024\/08\/Logo-CEFA-NL-AR-Vielsalm-2024.png 780w, https:\/\/cefanl.be\/wp-content\/uploads\/2024\/08\/Logo-CEFA-NL-AR-Vielsalm-2024.png 360w\" sizes=\"auto, (max-width: 480px) 150px\" src=\"https:\/\/cefanl.be\/wp-content\/uploads\/2024\/08\/Logo-CEFA-NL-AR-Vielsalm-2024-1024x838.png\" alt=\"CEFA Vielsalm\" class=\"uag-image-3803\" width=\"305\" height=\"250\" title=\"Logo CEFA NL-AR Vielsalm-2024\" loading=\"lazy\" role=\"img\"\/><\/a><figcaption class=\"uagb-image-caption\"><a href=\"https:\/\/cefanl.be\/index.php\/implantations\/cefa-vielsalm\/\" type=\"page\" id=\"2479\">VIELSALM<\/a><\/figcaption><\/figure><\/div>\n<\/div>\n\n\n\n<div class=\"wp-block-uagb-column uagb-column__wrap uagb-column__background-undefined uagb-block-58564b72\"><div class=\"uagb-column__overlay\"><\/div><\/div>\n\n\n\n<div class=\"wp-block-uagb-column uagb-column__wrap uagb-column__background-undefined uagb-block-bd74f25d\"><div class=\"uagb-column__overlay\"><\/div><\/div>\n\n\n\n<div class=\"wp-block-uagb-column uagb-column__wrap uagb-column__background-undefined uagb-block-a6815dd4\"><div class=\"uagb-column__overlay\"><\/div><\/div>\n<\/div><\/section>\n\n\n\n<div class=\"wp-block-group\"><div class=\"wp-block-group__inner-container is-layout-flow wp-block-group-is-layout-flow\">\n<h3 class=\"wp-block-heading has-vivid-red-color has-text-color\">M\u00e9tier de l&rsquo;\u00e9lectricien(ne) de maintenance industrielle<\/h3>\n\n\n\n<p>L\u2019\u00e9lectricien(ne) de maintenance industrielle prend en charge la surveillance, l\u2019entretien, le nettoyage, le d\u00e9pannage et le contr\u00f4le de toutes les installations \u00e9lectriques d\u2019une ou de plusieurs entreprises.<\/p>\n\n\n\n<p>Il \/ elle doit lire et se rep\u00e9rer sur des plans pr\u00e9\u00e9tablis, des sch\u00e9mas d\u2019\u00e9quipement ou de c\u00e2blage \u00e9lectrique.&nbsp;<\/p>\n\n\n\n<p>L&rsquo;\u00e9lectricien(ne) de maintenance industrielle assure une maintenance dite pr\u00e9ventive, dans le but de pr\u00e9venir les pannes, en rempla\u00e7ant des pi\u00e8ces v\u00e9tustes avant qu\u2019elles ne s\u2019ab\u00eement trop ou en contr\u00f4lant le courant qui passe \u00e0 des points strat\u00e9giques pour analyser les variations. \u00a0<\/p>\n\n\n\n<p>Il \/elle \u00e9tablit un agenda avec les moments o\u00f9 il faudra intervenir sur un \u00e9l\u00e9ment pr\u00e9cis de l\u2019installation, que ce soit pour un nettoyage ou une v\u00e9rification du fonctionnement. Il \/elle r\u00e9dige donc des proc\u00e9dures et des rapports pr\u00e9cis sur les interventions qu\u2019il effectue pour garder une trace de ce qu\u2019il \/elle a d\u00e9j\u00e0 fait ou pour que les autres techniciens sachent quel est l\u2019\u00e9tat exact de l\u2019installation, parfois au jour pr\u00e8s.<\/p>\n\n\n\n<p>En cas de panne, l\u2019\u00e9lectricien(ne) de maintenance intervient rapidement pour identifier la cause du probl\u00e8me, r\u00e9parer l\u2019\u00e9quipement et s\u2019assurer du bon fonctionnement de l\u2019installation.<\/p>\n\n\n\n<p>La s\u00e9curit\u00e9 est \u00e9galement un point tr\u00e8s important&nbsp;: il \/ elle doit pouvoir rep\u00e9rer les dangers et agir avant qu\u2019ils ne surviennent.&nbsp;<\/p>\n<\/div><\/div>\n\n\n\n<div class=\"wp-block-group\"><div class=\"wp-block-group__inner-container is-layout-flow wp-block-group-is-layout-flow\">\n<h3 class=\"wp-block-heading has-vivid-red-color has-text-color\">Activit\u00e9s<\/h3>\n\n\n\n<ul class=\"wp-block-list\">\n<li>Effectuer des montages, d\u00e9montages ou des modifications au sein de celles-ci ;<\/li>\n\n\n\n<li>Intervenir, \u00e0 partir d\u2019instructions de travail, de plans et de sch\u00e9mas \u00e9lectriques, de plans m\u00e9caniques et de sch\u00e9mas \u00e9lectrohydrauliques et \u00e9lectropneumatiques, sur les \u00e9quipements de production et de distribution d\u2019\u00e9nergie (huile, vapeur, eau et air comprim\u00e9 \u2026) ;<\/li>\n\n\n\n<li>Au niveau curatif, identifier les dysfonctionnements des \u00e9quipements pluritechnologiques, effectuer les d\u00e9pannages des syst\u00e8mes \u00e9lectrom\u00e9caniques (y compris \u00e9lectrohydraulique et \u00e9lectropneumatique) et assurer la remise en service des installations ;<\/li>\n\n\n\n<li>Passer le relais \u00e0 la personne comp\u00e9tente pour toute intervention technique d\u00e9passant son champ d\u2019intervention ;<\/li>\n\n\n\n<li>Il-Elle ne con\u00e7oit pas de programmes d\u2019automates programmables ou de boucles de r\u00e9gulation mais doit \u00eatre capable de les comprendre et d\u2019adapter les param\u00e8tres qui rel\u00e8vent de son champ d\u2019intervention, si n\u00e9cessaire ;<\/li>\n\n\n\n<li>Il-Elle peut intervenir ou \u00eatre associ\u00e9\u00b7e \u00e0 d\u2019autres activit\u00e9s (r\u00e9alisation de travaux neufs \u2026) ; Les m\u00e9tiers de la maintenance industrielle s\u2019exercent au sein d\u2019entreprises industrielles (agroalimentaire, construction automobile, production d\u2019\u00e9nergie, sid\u00e9rurgie, fabrications m\u00e9talliques, chimie, plasturgie et composites, textile \u2026), de soci\u00e9t\u00e9s de services (maintenance), de services apr\u00e8s-vente (milieu industriel, tous secteurs).<\/li>\n<\/ul>\n<\/div><\/div>\n\n\n\n<h3 class=\"wp-block-heading has-vivid-red-color has-text-color has-link-color wp-elements-63f9337cc54a519ae12c02eeadcf3f2e\">Grille horaire<\/h3>\n\n\n\n<figure class=\"wp-block-table has-small-font-size\"><table class=\"has-vivid-red-color has-text-color has-link-color\"><thead><tr><th class=\"has-text-align-left\" data-align=\"left\">Cours<\/th><th class=\"has-text-align-left\" data-align=\"left\">4TQ<\/th><th class=\"has-text-align-left\" data-align=\"left\">5TQ<\/th><th class=\"has-text-align-left\" data-align=\"left\">6TQ<\/th><\/tr><\/thead><tbody><tr><td class=\"has-text-align-left\" data-align=\"left\"><strong>FORMATION COMMUNE<\/strong><\/td><td class=\"has-text-align-left\" data-align=\"left\"><strong>12<\/strong><\/td><td class=\"has-text-align-left\" data-align=\"left\"><strong>13<\/strong><\/td><td class=\"has-text-align-left\" data-align=\"left\"><strong>13<\/strong><\/td><\/tr><tr><td class=\"has-text-align-left\" data-align=\"left\">Fran\u00e7ais<\/td><td class=\"has-text-align-left\" data-align=\"left\">4<\/td><td class=\"has-text-align-left\" data-align=\"left\">3<\/td><td class=\"has-text-align-left\" data-align=\"left\">3<\/td><\/tr><tr><td class=\"has-text-align-left\" data-align=\"left\">Math\u00e9matique<\/td><td class=\"has-text-align-left\" data-align=\"left\">2<\/td><td class=\"has-text-align-left\" data-align=\"left\">2<\/td><td class=\"has-text-align-left\" data-align=\"left\">2<\/td><\/tr><tr><td class=\"has-text-align-left\" data-align=\"left\">G\u00e9ographie<\/td><td class=\"has-text-align-left\" data-align=\"left\">1<\/td><td class=\"has-text-align-left\" data-align=\"left\">1<\/td><td class=\"has-text-align-left\" data-align=\"left\">1<\/td><\/tr><tr><td class=\"has-text-align-left\" data-align=\"left\">Histoire<\/td><td class=\"has-text-align-left\" data-align=\"left\">1<\/td><td class=\"has-text-align-left\" data-align=\"left\">1<\/td><td class=\"has-text-align-left\" data-align=\"left\">1<\/td><\/tr><tr><td class=\"has-text-align-left\" data-align=\"left\">Formation sociale et \u00e9conomique<\/td><td class=\"has-text-align-left\" data-align=\"left\">0<\/td><td class=\"has-text-align-left\" data-align=\"left\">2<\/td><td class=\"has-text-align-left\" data-align=\"left\">2<\/td><\/tr><tr><td class=\"has-text-align-left\" data-align=\"left\">Formation scientifique<\/td><td class=\"has-text-align-left\" data-align=\"left\">2<\/td><td class=\"has-text-align-left\" data-align=\"left\">2<\/td><td class=\"has-text-align-left\" data-align=\"left\">2<\/td><\/tr><tr><td class=\"has-text-align-left\" data-align=\"left\">Langue moderne I : Anglais<\/td><td class=\"has-text-align-left\" data-align=\"left\">2<\/td><td class=\"has-text-align-left\" data-align=\"left\">2<\/td><td class=\"has-text-align-left\" data-align=\"left\">2<\/td><\/tr><tr><td class=\"has-text-align-left\" data-align=\"left\"><strong>OPTION DE BASE GROUP\u00c9E<\/strong><\/td><td class=\"has-text-align-left\" data-align=\"left\"><strong>3<\/strong><\/td><td class=\"has-text-align-left\" data-align=\"left\"><strong>3<\/strong><\/td><td class=\"has-text-align-left\" data-align=\"left\"><strong>3<\/strong><\/td><\/tr><tr><td class=\"has-text-align-left\" data-align=\"left\"><strong>Electricien(ne) de maintenance industrielle<\/strong><\/td><td class=\"has-text-align-left\" data-align=\"left\"><\/td><td class=\"has-text-align-left\" data-align=\"left\"><\/td><td class=\"has-text-align-left\" data-align=\"left\"><\/td><\/tr><tr><td class=\"has-text-align-left\" data-align=\"left\">Cours techniques : Electricit\u00e9<\/td><td class=\"has-text-align-left\" data-align=\"left\">2<\/td><td class=\"has-text-align-left\" data-align=\"left\">2<\/td><td class=\"has-text-align-left\" data-align=\"left\">2<\/td><\/tr><tr><td class=\"has-text-align-left\" data-align=\"left\">Cours techniques : Maintenance<\/td><td class=\"has-text-align-left\" data-align=\"left\">1<\/td><td class=\"has-text-align-left\" data-align=\"left\">1<\/td><td class=\"has-text-align-left\" data-align=\"left\">1<\/td><\/tr><\/tbody><\/table><\/figure>\n\n\n\n<div class=\"wp-block-group\"><div class=\"wp-block-group__inner-container is-layout-flow wp-block-group-is-layout-flow\">\n<h3 class=\"wp-block-heading has-vivid-red-color has-text-color\">En fin de parcours, tu obtiens:<\/h3>\n\n\n\n<ul class=\"wp-block-list\">\n<li>CESS<\/li>\n\n\n\n<li>CQ6<\/li>\n<\/ul>\n<\/div><\/div>\n\n\n\n<div class=\"wp-block-group\"><div class=\"wp-block-group__inner-container is-layout-flow wp-block-group-is-layout-flow\">\n<h3 class=\"wp-block-heading has-vivid-red-color has-text-color\">Les d\u00e9bouch\u00e9s<\/h3>\n\n\n\n<ul class=\"wp-block-list\">\n<li>Industries (agroalimentaire, construction automobile, production d\u2019\u00e9nergie, sid\u00e9rurgie, fabrications m\u00e9talliques, chimie, plasturgie et composites, textile \u2026)<\/li>\n\n\n\n<li>Soci\u00e9t\u00e9s de services (maintenance)<\/li>\n\n\n\n<li>Soci\u00e9t\u00e9s de services apr\u00e8s-vente (milieu industriel, tous secteurs)<\/li>\n<\/ul>\n<\/div><\/div>\n\n\n\n<p><\/p>\n","protected":false},"excerpt":{"rendered":"<p>Lieux de formation M\u00e9tier de l&rsquo;\u00e9lectricien(ne) de maintenance industrielle L\u2019\u00e9lectricien(ne) de maintenance industrielle prend en charge la surveillance, l\u2019entretien, le nettoyage, le d\u00e9pannage et le contr\u00f4le de toutes les installations \u00e9lectriques d\u2019une ou de plusieurs entreprises. Il \/ elle doit lire et se rep\u00e9rer sur des plans pr\u00e9\u00e9tablis, des sch\u00e9mas d\u2019\u00e9quipement ou de c\u00e2blage \u00e9lectrique.&nbsp; [&hellip;]<\/p>\n","protected":false},"author":1,"featured_media":0,"parent":39,"menu_order":0,"comment_status":"closed","ping_status":"closed","template":"","meta":{"_uag_custom_page_level_css":"","footnotes":""},"class_list":["post-5133","page","type-page","status-publish","czr-hentry"],"yoast_head":"<!-- This site is optimized with the Yoast SEO plugin v27.3 - https:\/\/yoast.com\/product\/yoast-seo-wordpress\/ -->\n<title>Electricien \/ Electricienne de maintenance industrielle - CEFA Nord-Luxembourg<\/title>\n<meta name=\"description\" content=\"Formation d&#039;\u00e9lectricien(ne) de maintenance industrielle. Enseignement secondaire de technique de qualification en alternance\" \/>\n<meta name=\"robots\" content=\"index, follow, max-snippet:-1, max-image-preview:large, max-video-preview:-1\" \/>\n<link rel=\"canonical\" href=\"https:\/\/cefanl.be\/index.php\/formations\/electricien-electricienne-de-maintenance-industrielle\/\" \/>\n<meta property=\"og:locale\" content=\"fr_FR\" \/>\n<meta property=\"og:type\" content=\"article\" \/>\n<meta property=\"og:title\" content=\"Electricien \/ Electricienne de maintenance industrielle - CEFA Nord-Luxembourg\" \/>\n<meta property=\"og:description\" content=\"Formation d&#039;\u00e9lectricien(ne) de maintenance industrielle. Enseignement secondaire de technique de qualification en alternance\" \/>\n<meta property=\"og:url\" content=\"https:\/\/cefanl.be\/index.php\/formations\/electricien-electricienne-de-maintenance-industrielle\/\" \/>\n<meta property=\"og:site_name\" content=\"CEFA Nord-Luxembourg\" \/>\n<meta property=\"article:publisher\" content=\"https:\/\/www.facebook.com\/CEFA.Bastogne.Bomal.Aywaille.Erezee\/\" \/>\n<meta property=\"article:modified_time\" content=\"2026-04-02T14:39:43+00:00\" \/>\n<meta property=\"og:image\" content=\"https:\/\/cefanl.be\/wp-content\/uploads\/2026\/04\/Electricite-maintenance-industrielle-1024x410.png\" \/>\n\t<meta property=\"og:image:width\" content=\"1024\" \/>\n\t<meta property=\"og:image:height\" content=\"410\" \/>\n\t<meta property=\"og:image:type\" content=\"image\/png\" \/>\n<meta name=\"twitter:card\" content=\"summary_large_image\" \/>\n<meta name=\"twitter:label1\" content=\"Dur\u00e9e de lecture estim\u00e9e\" \/>\n\t<meta name=\"twitter:data1\" content=\"3 minutes\" \/>\n<script type=\"application\/ld+json\" class=\"yoast-schema-graph\">{\"@context\":\"https:\\\/\\\/schema.org\",\"@graph\":[{\"@type\":\"WebPage\",\"@id\":\"https:\\\/\\\/cefanl.be\\\/index.php\\\/formations\\\/electricien-electricienne-de-maintenance-industrielle\\\/\",\"url\":\"https:\\\/\\\/cefanl.be\\\/index.php\\\/formations\\\/electricien-electricienne-de-maintenance-industrielle\\\/\",\"name\":\"Electricien \\\/ Electricienne de maintenance industrielle - CEFA Nord-Luxembourg\",\"isPartOf\":{\"@id\":\"https:\\\/\\\/cefanl.be\\\/#website\"},\"primaryImageOfPage\":{\"@id\":\"https:\\\/\\\/cefanl.be\\\/index.php\\\/formations\\\/electricien-electricienne-de-maintenance-industrielle\\\/#primaryimage\"},\"image\":{\"@id\":\"https:\\\/\\\/cefanl.be\\\/index.php\\\/formations\\\/electricien-electricienne-de-maintenance-industrielle\\\/#primaryimage\"},\"thumbnailUrl\":\"https:\\\/\\\/cefanl.be\\\/wp-content\\\/uploads\\\/2026\\\/04\\\/Electricite-maintenance-industrielle-1024x410.png\",\"datePublished\":\"2026-04-02T14:39:42+00:00\",\"dateModified\":\"2026-04-02T14:39:43+00:00\",\"description\":\"Formation d'\u00e9lectricien(ne) de maintenance industrielle. Enseignement secondaire de technique de qualification en alternance\",\"breadcrumb\":{\"@id\":\"https:\\\/\\\/cefanl.be\\\/index.php\\\/formations\\\/electricien-electricienne-de-maintenance-industrielle\\\/#breadcrumb\"},\"inLanguage\":\"fr-FR\",\"potentialAction\":[{\"@type\":\"ReadAction\",\"target\":[\"https:\\\/\\\/cefanl.be\\\/index.php\\\/formations\\\/electricien-electricienne-de-maintenance-industrielle\\\/\"]}]},{\"@type\":\"ImageObject\",\"inLanguage\":\"fr-FR\",\"@id\":\"https:\\\/\\\/cefanl.be\\\/index.php\\\/formations\\\/electricien-electricienne-de-maintenance-industrielle\\\/#primaryimage\",\"url\":\"https:\\\/\\\/cefanl.be\\\/wp-content\\\/uploads\\\/2026\\\/04\\\/Electricite-maintenance-industrielle-scaled.png\",\"contentUrl\":\"https:\\\/\\\/cefanl.be\\\/wp-content\\\/uploads\\\/2026\\\/04\\\/Electricite-maintenance-industrielle-scaled.png\",\"width\":2560,\"height\":1024},{\"@type\":\"BreadcrumbList\",\"@id\":\"https:\\\/\\\/cefanl.be\\\/index.php\\\/formations\\\/electricien-electricienne-de-maintenance-industrielle\\\/#breadcrumb\",\"itemListElement\":[{\"@type\":\"ListItem\",\"position\":1,\"name\":\"Accueil\",\"item\":\"https:\\\/\\\/cefanl.be\\\/\"},{\"@type\":\"ListItem\",\"position\":2,\"name\":\"FORMATIONS CEFA\",\"item\":\"https:\\\/\\\/cefanl.be\\\/index.php\\\/formations\\\/\"},{\"@type\":\"ListItem\",\"position\":3,\"name\":\"Electricien \\\/ Electricienne de maintenance industrielle\"}]},{\"@type\":\"WebSite\",\"@id\":\"https:\\\/\\\/cefanl.be\\\/#website\",\"url\":\"https:\\\/\\\/cefanl.be\\\/\",\"name\":\"CEFA Nord-Luxembourg\",\"description\":\"Bastogne - Bomal - Aywaille - Erez\u00e9e - Vielsalm\",\"publisher\":{\"@id\":\"https:\\\/\\\/cefanl.be\\\/#organization\"},\"potentialAction\":[{\"@type\":\"SearchAction\",\"target\":{\"@type\":\"EntryPoint\",\"urlTemplate\":\"https:\\\/\\\/cefanl.be\\\/?s={search_term_string}\"},\"query-input\":{\"@type\":\"PropertyValueSpecification\",\"valueRequired\":true,\"valueName\":\"search_term_string\"}}],\"inLanguage\":\"fr-FR\"},{\"@type\":\"Organization\",\"@id\":\"https:\\\/\\\/cefanl.be\\\/#organization\",\"name\":\"CEFA Nord-Luxembourg\",\"url\":\"https:\\\/\\\/cefanl.be\\\/\",\"logo\":{\"@type\":\"ImageObject\",\"inLanguage\":\"fr-FR\",\"@id\":\"https:\\\/\\\/cefanl.be\\\/#\\\/schema\\\/logo\\\/image\\\/\",\"url\":\"https:\\\/\\\/cefanl.be\\\/wp-content\\\/uploads\\\/2024\\\/08\\\/cropped-Logo-CEFA-TOUS-ARBH-ARMB-ARAY-Erezee-ARMV-ICET-202.jpg\",\"contentUrl\":\"https:\\\/\\\/cefanl.be\\\/wp-content\\\/uploads\\\/2024\\\/08\\\/cropped-Logo-CEFA-TOUS-ARBH-ARMB-ARAY-Erezee-ARMV-ICET-202.jpg\",\"width\":643,\"height\":526,\"caption\":\"CEFA Nord-Luxembourg\"},\"image\":{\"@id\":\"https:\\\/\\\/cefanl.be\\\/#\\\/schema\\\/logo\\\/image\\\/\"},\"sameAs\":[\"https:\\\/\\\/www.facebook.com\\\/CEFA.Bastogne.Bomal.Aywaille.Erezee\\\/\"]}]}<\/script>\n<!-- \/ Yoast SEO plugin. -->","yoast_head_json":{"title":"Electricien \/ Electricienne de maintenance industrielle - CEFA Nord-Luxembourg","description":"Formation d'\u00e9lectricien(ne) de maintenance industrielle. Enseignement secondaire de technique de qualification en alternance","robots":{"index":"index","follow":"follow","max-snippet":"max-snippet:-1","max-image-preview":"max-image-preview:large","max-video-preview":"max-video-preview:-1"},"canonical":"https:\/\/cefanl.be\/index.php\/formations\/electricien-electricienne-de-maintenance-industrielle\/","og_locale":"fr_FR","og_type":"article","og_title":"Electricien \/ Electricienne de maintenance industrielle - CEFA Nord-Luxembourg","og_description":"Formation d'\u00e9lectricien(ne) de maintenance industrielle. Enseignement secondaire de technique de qualification en alternance","og_url":"https:\/\/cefanl.be\/index.php\/formations\/electricien-electricienne-de-maintenance-industrielle\/","og_site_name":"CEFA Nord-Luxembourg","article_publisher":"https:\/\/www.facebook.com\/CEFA.Bastogne.Bomal.Aywaille.Erezee\/","article_modified_time":"2026-04-02T14:39:43+00:00","og_image":[{"width":1024,"height":410,"url":"https:\/\/cefanl.be\/wp-content\/uploads\/2026\/04\/Electricite-maintenance-industrielle-1024x410.png","type":"image\/png"}],"twitter_card":"summary_large_image","twitter_misc":{"Dur\u00e9e de lecture estim\u00e9e":"3 minutes"},"schema":{"@context":"https:\/\/schema.org","@graph":[{"@type":"WebPage","@id":"https:\/\/cefanl.be\/index.php\/formations\/electricien-electricienne-de-maintenance-industrielle\/","url":"https:\/\/cefanl.be\/index.php\/formations\/electricien-electricienne-de-maintenance-industrielle\/","name":"Electricien \/ Electricienne de maintenance industrielle - CEFA Nord-Luxembourg","isPartOf":{"@id":"https:\/\/cefanl.be\/#website"},"primaryImageOfPage":{"@id":"https:\/\/cefanl.be\/index.php\/formations\/electricien-electricienne-de-maintenance-industrielle\/#primaryimage"},"image":{"@id":"https:\/\/cefanl.be\/index.php\/formations\/electricien-electricienne-de-maintenance-industrielle\/#primaryimage"},"thumbnailUrl":"https:\/\/cefanl.be\/wp-content\/uploads\/2026\/04\/Electricite-maintenance-industrielle-1024x410.png","datePublished":"2026-04-02T14:39:42+00:00","dateModified":"2026-04-02T14:39:43+00:00","description":"Formation d'\u00e9lectricien(ne) de maintenance industrielle. Enseignement secondaire de technique de qualification en alternance","breadcrumb":{"@id":"https:\/\/cefanl.be\/index.php\/formations\/electricien-electricienne-de-maintenance-industrielle\/#breadcrumb"},"inLanguage":"fr-FR","potentialAction":[{"@type":"ReadAction","target":["https:\/\/cefanl.be\/index.php\/formations\/electricien-electricienne-de-maintenance-industrielle\/"]}]},{"@type":"ImageObject","inLanguage":"fr-FR","@id":"https:\/\/cefanl.be\/index.php\/formations\/electricien-electricienne-de-maintenance-industrielle\/#primaryimage","url":"https:\/\/cefanl.be\/wp-content\/uploads\/2026\/04\/Electricite-maintenance-industrielle-scaled.png","contentUrl":"https:\/\/cefanl.be\/wp-content\/uploads\/2026\/04\/Electricite-maintenance-industrielle-scaled.png","width":2560,"height":1024},{"@type":"BreadcrumbList","@id":"https:\/\/cefanl.be\/index.php\/formations\/electricien-electricienne-de-maintenance-industrielle\/#breadcrumb","itemListElement":[{"@type":"ListItem","position":1,"name":"Accueil","item":"https:\/\/cefanl.be\/"},{"@type":"ListItem","position":2,"name":"FORMATIONS CEFA","item":"https:\/\/cefanl.be\/index.php\/formations\/"},{"@type":"ListItem","position":3,"name":"Electricien \/ Electricienne de maintenance industrielle"}]},{"@type":"WebSite","@id":"https:\/\/cefanl.be\/#website","url":"https:\/\/cefanl.be\/","name":"CEFA Nord-Luxembourg","description":"Bastogne - Bomal - Aywaille - Erez\u00e9e - Vielsalm","publisher":{"@id":"https:\/\/cefanl.be\/#organization"},"potentialAction":[{"@type":"SearchAction","target":{"@type":"EntryPoint","urlTemplate":"https:\/\/cefanl.be\/?s={search_term_string}"},"query-input":{"@type":"PropertyValueSpecification","valueRequired":true,"valueName":"search_term_string"}}],"inLanguage":"fr-FR"},{"@type":"Organization","@id":"https:\/\/cefanl.be\/#organization","name":"CEFA Nord-Luxembourg","url":"https:\/\/cefanl.be\/","logo":{"@type":"ImageObject","inLanguage":"fr-FR","@id":"https:\/\/cefanl.be\/#\/schema\/logo\/image\/","url":"https:\/\/cefanl.be\/wp-content\/uploads\/2024\/08\/cropped-Logo-CEFA-TOUS-ARBH-ARMB-ARAY-Erezee-ARMV-ICET-202.jpg","contentUrl":"https:\/\/cefanl.be\/wp-content\/uploads\/2024\/08\/cropped-Logo-CEFA-TOUS-ARBH-ARMB-ARAY-Erezee-ARMV-ICET-202.jpg","width":643,"height":526,"caption":"CEFA Nord-Luxembourg"},"image":{"@id":"https:\/\/cefanl.be\/#\/schema\/logo\/image\/"},"sameAs":["https:\/\/www.facebook.com\/CEFA.Bastogne.Bomal.Aywaille.Erezee\/"]}]}},"uagb_featured_image_src":{"full":false,"thumbnail":false,"medium":false,"medium_large":false,"large":false,"etfrtb_logo":false,"1536x1536":false,"2048x2048":false,"tc-grid-full":false,"tc-grid":false,"tc-thumb":false,"slider-full":false,"slider":false,"tc-sq-thumb":false,"tc-ws-thumb":false,"tc-ws-small-thumb":false,"tc-slider-small":false},"uagb_author_info":{"display_name":"Geoffrey Plat\u00e9us","author_link":"https:\/\/cefanl.be\/index.php\/author\/admin2186\/"},"uagb_comment_info":0,"uagb_excerpt":"Lieux de formation M\u00e9tier de l&rsquo;\u00e9lectricien(ne) de maintenance industrielle L\u2019\u00e9lectricien(ne) de maintenance industrielle prend en charge la surveillance, l\u2019entretien, le nettoyage, le d\u00e9pannage et le contr\u00f4le de toutes les installations \u00e9lectriques d\u2019une ou de plusieurs entreprises. Il \/ elle doit lire et se rep\u00e9rer sur des plans pr\u00e9\u00e9tablis, des sch\u00e9mas d\u2019\u00e9quipement ou de c\u00e2blage \u00e9lectrique.&nbsp;\u2026","jetpack_sharing_enabled":true,"_links":{"self":[{"href":"https:\/\/cefanl.be\/index.php\/wp-json\/wp\/v2\/pages\/5133","targetHints":{"allow":["GET"]}}],"collection":[{"href":"https:\/\/cefanl.be\/index.php\/wp-json\/wp\/v2\/pages"}],"about":[{"href":"https:\/\/cefanl.be\/index.php\/wp-json\/wp\/v2\/types\/page"}],"author":[{"embeddable":true,"href":"https:\/\/cefanl.be\/index.php\/wp-json\/wp\/v2\/users\/1"}],"replies":[{"embeddable":true,"href":"https:\/\/cefanl.be\/index.php\/wp-json\/wp\/v2\/comments?post=5133"}],"version-history":[{"count":1,"href":"https:\/\/cefanl.be\/index.php\/wp-json\/wp\/v2\/pages\/5133\/revisions"}],"predecessor-version":[{"id":5134,"href":"https:\/\/cefanl.be\/index.php\/wp-json\/wp\/v2\/pages\/5133\/revisions\/5134"}],"up":[{"embeddable":true,"href":"https:\/\/cefanl.be\/index.php\/wp-json\/wp\/v2\/pages\/39"}],"wp:attachment":[{"href":"https:\/\/cefanl.be\/index.php\/wp-json\/wp\/v2\/media?parent=5133"}],"curies":[{"name":"wp","href":"https:\/\/api.w.org\/{rel}","templated":true}]}}