{"id":5112,"date":"2026-04-02T14:47:37","date_gmt":"2026-04-02T12:47:37","guid":{"rendered":"https:\/\/cefanl.be\/?page_id=5112"},"modified":"2026-04-02T16:04:58","modified_gmt":"2026-04-02T14:04:58","slug":"conducteur-conductrice-dengins-de-chantier","status":"publish","type":"page","link":"https:\/\/cefanl.be\/index.php\/formations\/conducteur-conductrice-dengins-de-chantier\/","title":{"rendered":"Conducteur \/ Conductrice d&rsquo;Engins de Chantier"},"content":{"rendered":"\n<figure class=\"wp-block-image size-large\"><img loading=\"lazy\" decoding=\"async\" width=\"1024\" height=\"683\" src=\"https:\/\/cefanl.be\/wp-content\/uploads\/2026\/04\/CEC-1024x683.png\" alt=\"\" class=\"wp-image-5113\" srcset=\"https:\/\/cefanl.be\/wp-content\/uploads\/2026\/04\/CEC-scaled.png 1024w, https:\/\/cefanl.be\/wp-content\/uploads\/2026\/04\/CEC-scaled.png 300w, https:\/\/cefanl.be\/wp-content\/uploads\/2026\/04\/CEC-scaled.png 768w, https:\/\/cefanl.be\/wp-content\/uploads\/2026\/04\/CEC-scaled.png 200w, https:\/\/cefanl.be\/wp-content\/uploads\/2026\/04\/CEC-scaled.png 1536w, https:\/\/cefanl.be\/wp-content\/uploads\/2026\/04\/CEC-scaled.png 2048w, https:\/\/cefanl.be\/wp-content\/uploads\/2026\/04\/CEC-scaled.png 2280w\" sizes=\"auto, (max-width: 1024px) 100vw, 1024px\" \/><\/figure>\n\n\n\n<h3 class=\"wp-block-heading has-vivid-red-color has-text-color\">Lieux de formation<\/h3>\n\n\n\n<section class=\"wp-block-uagb-columns uagb-columns__wrap uagb-columns__background-none uagb-columns__stack-mobile uagb-columns__valign- uagb-columns__gap-10 align uagb-block-8e34825d uagb-columns__columns-4 uagb-columns__max_width-theme\"><div class=\"uagb-columns__overlay\"><\/div><div class=\"uagb-columns__inner-wrap uagb-columns__columns-4\">\n<div class=\"wp-block-uagb-column uagb-column__wrap uagb-column__background-undefined uagb-block-3fcf7dc5\"><div class=\"uagb-column__overlay\"><\/div>\n<div class=\"wp-block-uagb-image uagb-block-b05fd944 wp-block-uagb-image--layout-default wp-block-uagb-image--effect-zoomin wp-block-uagb-image--align-none\"><figure class=\"wp-block-uagb-image__figure\"><img decoding=\"async\" srcset=\"https:\/\/cefanl.be\/wp-content\/uploads\/2024\/08\/Logo-CEFA-NL-AR-Vielsalm-2024-1024x838.png ,https:\/\/cefanl.be\/wp-content\/uploads\/2024\/08\/Logo-CEFA-NL-AR-Vielsalm-2024.png 780w, https:\/\/cefanl.be\/wp-content\/uploads\/2024\/08\/Logo-CEFA-NL-AR-Vielsalm-2024.png 360w\" sizes=\"auto, (max-width: 480px) 150px\" src=\"https:\/\/cefanl.be\/wp-content\/uploads\/2024\/08\/Logo-CEFA-NL-AR-Vielsalm-2024-1024x838.png\" alt=\"\" class=\"uag-image-3803\" width=\"1024\" height=\"838\" title=\"Logo CEFA NL-AR Vielsalm-2024\" loading=\"lazy\" role=\"img\"\/><figcaption class=\"uagb-image-caption\"><a href=\"https:\/\/cefanl.be\/index.php\/implantations\/cefa-vielsalm\/\">VIELSALM<\/a><\/figcaption><\/figure><\/div>\n<\/div>\n\n\n\n<div class=\"wp-block-uagb-column uagb-column__wrap uagb-column__background-undefined uagb-block-8224d4db\"><div class=\"uagb-column__overlay\"><\/div><\/div>\n\n\n\n<div class=\"wp-block-uagb-column uagb-column__wrap uagb-column__background-undefined uagb-block-2df2a84d\"><div class=\"uagb-column__overlay\"><\/div><\/div>\n\n\n\n<div class=\"wp-block-uagb-column uagb-column__wrap uagb-column__background-undefined uagb-block-744ba5c8\"><div class=\"uagb-column__overlay\"><\/div><\/div>\n<\/div><\/section>\n\n\n\n<h3 class=\"wp-block-heading has-vivid-red-color has-text-color\">M\u00e9tier<\/h3>\n\n\n\n<p>Le conducteur \/ La conductrice d\u2019engins de chantier est bien plus qu\u2019un \u00ab chauffeur(euse) \u00bb. C\u2019est un v\u00e9ritable outil qu\u2019il\/elle manipule. Il \/elle se charge de creuser, d\u2019excaver, de remblayer ou encore de terrasser. Il \/elle creuse des tranch\u00e9es dont la largeur, la profondeur et le parcours sont d\u00e9finis sur un plan qu\u2019il \/elle doit absolument respecter. De plus, Il \/elle aplanit un terrain \u00e0 l\u2019aide d\u2019une niveleuse. Il \/elle d\u00e9charge du mat\u00e9riel avant de le placer au bon endroit sur un chantier. Ses missions sont vari\u00e9es puisqu\u2019il \/elle peut participer \u00e0 la construction de routes, \u00e0 la pose de r\u00e9seaux d\u2019\u00e9gouttage ou de conduites diverses, par exemple. Par ailleurs, Il \/elle intervient souvent aussi dans la premi\u00e8re phase d\u2019un chantier de construction.<\/p>\n\n\n\n<p>Le m\u00e9tier comprendra notamment les t\u00e2ches suivantes&nbsp;:<\/p>\n\n\n\n<ul class=\"wp-block-list\">\n<li>Conduire des bulldozers pour l\u2019ex\u00e9cution de terrassements, le remblaiement de foss\u00e9s, le talutage, les travaux sur terrain en pente<\/li>\n\n\n\n<li>Ex\u00e9cuter des terrassements au moyen de chargeurs et de pelles hydrauliques pour la pose de rigoles, de r\u00e9seaux d\u2019\u00e9gouttage ou d\u2019autres conduites<\/li>\n\n\n\n<li>Damer avec un compacteur<\/li>\n\n\n\n<li>R\u00e9pandre des mat\u00e9riaux (sable, gravier) et niveler des terrains<\/li>\n\n\n\n<li>Compacter et renforcer des talus et des routes en terre<\/li>\n\n\n\n<li>Transporter des mat\u00e9riaux avec un dumper<\/li>\n\n\n\n<li>Entretenir des moteurs diesel<\/li>\n\n\n\n<li>Assurer le suivi des entretiens, inspections et r\u00e9parations n\u00e9cessaires<\/li>\n<\/ul>\n\n\n\n<section class=\"wp-block-uagb-columns uagb-columns__wrap uagb-columns__background-none uagb-columns__stack-mobile uagb-columns__valign- uagb-columns__gap-10 align uagb-block-1b517ed7 uagb-columns__columns-3 uagb-columns__max_width-theme\"><div class=\"uagb-columns__overlay\"><\/div><div class=\"uagb-columns__inner-wrap uagb-columns__columns-3\">\n<div class=\"wp-block-uagb-column uagb-column__wrap uagb-column__background-undefined uagb-block-9a835a04\"><div class=\"uagb-column__overlay\"><\/div><\/div>\n\n\n\n<div class=\"wp-block-uagb-column uagb-column__wrap uagb-column__background-undefined uagb-block-cfb23b4b\"><div class=\"uagb-column__overlay\"><\/div>\n<figure class=\"wp-block-embed is-type-video is-provider-youtube wp-block-embed-youtube wp-embed-aspect-16-9 wp-has-aspect-ratio\"><div class=\"wp-block-embed__wrapper\">\n<iframe loading=\"lazy\" title=\"Rencontre avec de jeunes passionn\u00e9s de notre secteur\" width=\"1140\" height=\"641\" src=\"https:\/\/www.youtube.com\/embed\/Jr3oSr8NzPQ?start=4&#038;feature=oembed\" frameborder=\"0\" allow=\"accelerometer; autoplay; clipboard-write; encrypted-media; gyroscope; picture-in-picture; web-share\" referrerpolicy=\"strict-origin-when-cross-origin\" allowfullscreen><\/iframe>\n<\/div><\/figure>\n<\/div>\n\n\n\n<div class=\"wp-block-uagb-column uagb-column__wrap uagb-column__background-undefined uagb-block-0d9eb8b8\"><div class=\"uagb-column__overlay\"><\/div><\/div>\n<\/div><\/section>\n\n\n\n<h3 class=\"wp-block-heading has-vivid-red-color has-text-color\">Activit\u00e9s<\/h3>\n\n\n\n<ul class=\"wp-block-list\">\n<li>Conna\u00eetre la technique des moteurs diesel, des syst\u00e8mes hydrauliques, pneumatiques et \u00e9lectriques et des machines de construction<\/li>\n\n\n\n<li>Conna\u00eetre les techniques de conduite, de pratique et de transport des bulldozers, chargeurs, compacteurs, pelles et niveleuses<\/li>\n\n\n\n<li>Assurer le suivi des entretiens, inspections et r\u00e9parations n\u00e9cessaires<\/li>\n\n\n\n<li>Pouvoir r\u00e9pandre des mat\u00e9riaux (sable, gravier) et niveler des terrains avec une niveleuse<\/li>\n\n\n\n<li>Compacter et renforcer des talus et des routes en terre<\/li>\n\n\n\n<li>S\u2019adapter de mani\u00e8re permanente aux nouvelles technologies<\/li>\n\n\n\n<li>Respecter les prescriptions en mati\u00e8re de s\u00e9curit\u00e9, hygi\u00e8ne et environnement<\/li>\n<\/ul>\n\n\n\n<h3 class=\"wp-block-heading has-vivid-red-color has-text-color has-link-color wp-elements-63f9337cc54a519ae12c02eeadcf3f2e\">Grille horaire<\/h3>\n\n\n\n<figure class=\"wp-block-table has-small-font-size\"><table class=\"has-vivid-red-color has-text-color has-link-color\"><thead><tr><th class=\"has-text-align-left\" data-align=\"left\">Cours<\/th><th class=\"has-text-align-left\" data-align=\"left\">6P<\/th><\/tr><\/thead><tbody><tr><td class=\"has-text-align-left\" data-align=\"left\"><strong>FORMATION COMMUNE<\/strong><\/td><td class=\"has-text-align-left\" data-align=\"left\"><strong>7<\/strong><\/td><\/tr><tr><td class=\"has-text-align-left\" data-align=\"left\">Fran\u00e7ais<\/td><td class=\"has-text-align-left\" data-align=\"left\">3<\/td><\/tr><tr><td class=\"has-text-align-left\" data-align=\"left\">Formation scientifique<\/td><td class=\"has-text-align-left\" data-align=\"left\">2<\/td><\/tr><tr><td class=\"has-text-align-left\" data-align=\"left\">Formation sociale et \u00e9conomique<\/td><td class=\"has-text-align-left\" data-align=\"left\">2<\/td><\/tr><tr><td class=\"has-text-align-left\" data-align=\"left\"><strong>OPTION DE BASE GROUP\u00c9E<\/strong><\/td><td class=\"has-text-align-left\" data-align=\"left\"><strong>8<\/strong><\/td><\/tr><tr><td class=\"has-text-align-left\" data-align=\"left\"><strong>Conducteur(trice) d&rsquo;engins de chantier<\/strong><\/td><td class=\"has-text-align-left\" data-align=\"left\"><\/td><\/tr><tr><td class=\"has-text-align-left\" data-align=\"left\">Technologie de la m\u00e9canique<\/td><td class=\"has-text-align-left\" data-align=\"left\">1<\/td><\/tr><tr><td class=\"has-text-align-left\" data-align=\"left\">Technologie du m\u00e9tier : Construction<\/td><td class=\"has-text-align-left\" data-align=\"left\">1<\/td><\/tr><tr><td class=\"has-text-align-left\" data-align=\"left\">Technologie du m\u00e9tier : Engins de chantier<\/td><td class=\"has-text-align-left\" data-align=\"left\">1<\/td><\/tr><tr><td class=\"has-text-align-left\" data-align=\"left\">Travaux Pratiques<\/td><td class=\"has-text-align-left\" data-align=\"left\">1<\/td><\/tr><\/tbody><\/table><\/figure>\n\n\n\n<div class=\"wp-block-group\"><div class=\"wp-block-group__inner-container is-layout-flow wp-block-group-is-layout-flow\">\n<h3 class=\"wp-block-heading has-vivid-red-color has-text-color\">En fin de parcours, tu obtiens:<\/h3>\n\n\n\n<ul class=\"wp-block-list\">\n<li>CE6P<\/li>\n\n\n\n<li>CQ6<\/li>\n<\/ul>\n<\/div><\/div>\n\n\n\n<h3 class=\"wp-block-heading has-vivid-red-color has-text-color\">Les d\u00e9bouch\u00e9s<\/h3>\n\n\n\n<ul class=\"wp-block-list\">\n<li>Construction g\u00e9n\u00e9rale<\/li>\n\n\n\n<li>Terrassement<\/li>\n\n\n\n<li>Travaux publics<\/li>\n\n\n\n<li>G\u00e9nie civil<\/li>\n\n\n\n<li>Administrations communales<\/li>\n\n\n\n<li>Carri\u00e8res et extraction<\/li>\n<\/ul>\n\n\n\n<p><\/p>\n","protected":false},"excerpt":{"rendered":"<p>Lieux de formation M\u00e9tier Le conducteur \/ La conductrice d\u2019engins de chantier est bien plus qu\u2019un \u00ab chauffeur(euse) \u00bb. C\u2019est un v\u00e9ritable outil qu\u2019il\/elle manipule. Il \/elle se charge de creuser, d\u2019excaver, de remblayer ou encore de terrasser. Il \/elle creuse des tranch\u00e9es dont la largeur, la profondeur et le parcours sont d\u00e9finis sur un [&hellip;]<\/p>\n","protected":false},"author":1,"featured_media":0,"parent":39,"menu_order":0,"comment_status":"closed","ping_status":"closed","template":"","meta":{"_uag_custom_page_level_css":"","footnotes":""},"class_list":["post-5112","page","type-page","status-publish","czr-hentry"],"yoast_head":"<!-- This site is optimized with the Yoast SEO plugin v27.3 - https:\/\/yoast.com\/product\/yoast-seo-wordpress\/ -->\n<title>Conducteur \/ Conductrice d&#039;Engins de Chantier - CEFA Nord-Luxembourg<\/title>\n<meta name=\"description\" content=\"Formation de conducteur \/ conductrice d&#039;engins de chantier. Enseignement secondaire professionnel en alternance.\" \/>\n<meta name=\"robots\" content=\"index, follow, max-snippet:-1, max-image-preview:large, max-video-preview:-1\" \/>\n<link rel=\"canonical\" href=\"https:\/\/cefanl.be\/index.php\/formations\/conducteur-conductrice-dengins-de-chantier\/\" \/>\n<meta property=\"og:locale\" content=\"fr_FR\" \/>\n<meta property=\"og:type\" content=\"article\" \/>\n<meta property=\"og:title\" content=\"Conducteur \/ Conductrice d&#039;Engins de Chantier - CEFA Nord-Luxembourg\" \/>\n<meta property=\"og:description\" content=\"Formation de conducteur \/ conductrice d&#039;engins de chantier. Enseignement secondaire professionnel en alternance.\" \/>\n<meta property=\"og:url\" content=\"https:\/\/cefanl.be\/index.php\/formations\/conducteur-conductrice-dengins-de-chantier\/\" \/>\n<meta property=\"og:site_name\" content=\"CEFA Nord-Luxembourg\" \/>\n<meta property=\"article:publisher\" content=\"https:\/\/www.facebook.com\/CEFA.Bastogne.Bomal.Aywaille.Erezee\/\" \/>\n<meta property=\"article:modified_time\" content=\"2026-04-02T14:04:58+00:00\" \/>\n<meta property=\"og:image\" content=\"https:\/\/cefanl.be\/wp-content\/uploads\/2026\/04\/CEC-1024x683.png\" \/>\n\t<meta property=\"og:image:width\" content=\"1024\" \/>\n\t<meta property=\"og:image:height\" content=\"683\" \/>\n\t<meta property=\"og:image:type\" content=\"image\/png\" \/>\n<meta name=\"twitter:card\" content=\"summary_large_image\" \/>\n<meta name=\"twitter:label1\" content=\"Dur\u00e9e de lecture estim\u00e9e\" \/>\n\t<meta name=\"twitter:data1\" content=\"3 minutes\" \/>\n<script type=\"application\/ld+json\" class=\"yoast-schema-graph\">{\"@context\":\"https:\\\/\\\/schema.org\",\"@graph\":[{\"@type\":\"WebPage\",\"@id\":\"https:\\\/\\\/cefanl.be\\\/index.php\\\/formations\\\/conducteur-conductrice-dengins-de-chantier\\\/\",\"url\":\"https:\\\/\\\/cefanl.be\\\/index.php\\\/formations\\\/conducteur-conductrice-dengins-de-chantier\\\/\",\"name\":\"Conducteur \\\/ Conductrice d'Engins de Chantier - CEFA Nord-Luxembourg\",\"isPartOf\":{\"@id\":\"https:\\\/\\\/cefanl.be\\\/#website\"},\"primaryImageOfPage\":{\"@id\":\"https:\\\/\\\/cefanl.be\\\/index.php\\\/formations\\\/conducteur-conductrice-dengins-de-chantier\\\/#primaryimage\"},\"image\":{\"@id\":\"https:\\\/\\\/cefanl.be\\\/index.php\\\/formations\\\/conducteur-conductrice-dengins-de-chantier\\\/#primaryimage\"},\"thumbnailUrl\":\"https:\\\/\\\/cefanl.be\\\/wp-content\\\/uploads\\\/2026\\\/04\\\/CEC-1024x683.png\",\"datePublished\":\"2026-04-02T12:47:37+00:00\",\"dateModified\":\"2026-04-02T14:04:58+00:00\",\"description\":\"Formation de conducteur \\\/ conductrice d'engins de chantier. Enseignement secondaire professionnel en alternance.\",\"breadcrumb\":{\"@id\":\"https:\\\/\\\/cefanl.be\\\/index.php\\\/formations\\\/conducteur-conductrice-dengins-de-chantier\\\/#breadcrumb\"},\"inLanguage\":\"fr-FR\",\"potentialAction\":[{\"@type\":\"ReadAction\",\"target\":[\"https:\\\/\\\/cefanl.be\\\/index.php\\\/formations\\\/conducteur-conductrice-dengins-de-chantier\\\/\"]}]},{\"@type\":\"ImageObject\",\"inLanguage\":\"fr-FR\",\"@id\":\"https:\\\/\\\/cefanl.be\\\/index.php\\\/formations\\\/conducteur-conductrice-dengins-de-chantier\\\/#primaryimage\",\"url\":\"https:\\\/\\\/cefanl.be\\\/wp-content\\\/uploads\\\/2026\\\/04\\\/CEC-scaled.png\",\"contentUrl\":\"https:\\\/\\\/cefanl.be\\\/wp-content\\\/uploads\\\/2026\\\/04\\\/CEC-scaled.png\",\"width\":2560,\"height\":1707},{\"@type\":\"BreadcrumbList\",\"@id\":\"https:\\\/\\\/cefanl.be\\\/index.php\\\/formations\\\/conducteur-conductrice-dengins-de-chantier\\\/#breadcrumb\",\"itemListElement\":[{\"@type\":\"ListItem\",\"position\":1,\"name\":\"Accueil\",\"item\":\"https:\\\/\\\/cefanl.be\\\/\"},{\"@type\":\"ListItem\",\"position\":2,\"name\":\"FORMATIONS CEFA\",\"item\":\"https:\\\/\\\/cefanl.be\\\/index.php\\\/formations\\\/\"},{\"@type\":\"ListItem\",\"position\":3,\"name\":\"Conducteur \\\/ Conductrice d&rsquo;Engins de Chantier\"}]},{\"@type\":\"WebSite\",\"@id\":\"https:\\\/\\\/cefanl.be\\\/#website\",\"url\":\"https:\\\/\\\/cefanl.be\\\/\",\"name\":\"CEFA Nord-Luxembourg\",\"description\":\"Bastogne - Bomal - Aywaille - Erez\u00e9e - Vielsalm\",\"publisher\":{\"@id\":\"https:\\\/\\\/cefanl.be\\\/#organization\"},\"potentialAction\":[{\"@type\":\"SearchAction\",\"target\":{\"@type\":\"EntryPoint\",\"urlTemplate\":\"https:\\\/\\\/cefanl.be\\\/?s={search_term_string}\"},\"query-input\":{\"@type\":\"PropertyValueSpecification\",\"valueRequired\":true,\"valueName\":\"search_term_string\"}}],\"inLanguage\":\"fr-FR\"},{\"@type\":\"Organization\",\"@id\":\"https:\\\/\\\/cefanl.be\\\/#organization\",\"name\":\"CEFA Nord-Luxembourg\",\"url\":\"https:\\\/\\\/cefanl.be\\\/\",\"logo\":{\"@type\":\"ImageObject\",\"inLanguage\":\"fr-FR\",\"@id\":\"https:\\\/\\\/cefanl.be\\\/#\\\/schema\\\/logo\\\/image\\\/\",\"url\":\"https:\\\/\\\/cefanl.be\\\/wp-content\\\/uploads\\\/2024\\\/08\\\/cropped-Logo-CEFA-TOUS-ARBH-ARMB-ARAY-Erezee-ARMV-ICET-202.jpg\",\"contentUrl\":\"https:\\\/\\\/cefanl.be\\\/wp-content\\\/uploads\\\/2024\\\/08\\\/cropped-Logo-CEFA-TOUS-ARBH-ARMB-ARAY-Erezee-ARMV-ICET-202.jpg\",\"width\":643,\"height\":526,\"caption\":\"CEFA Nord-Luxembourg\"},\"image\":{\"@id\":\"https:\\\/\\\/cefanl.be\\\/#\\\/schema\\\/logo\\\/image\\\/\"},\"sameAs\":[\"https:\\\/\\\/www.facebook.com\\\/CEFA.Bastogne.Bomal.Aywaille.Erezee\\\/\"]}]}<\/script>\n<!-- \/ Yoast SEO plugin. -->","yoast_head_json":{"title":"Conducteur \/ Conductrice d'Engins de Chantier - CEFA Nord-Luxembourg","description":"Formation de conducteur \/ conductrice d'engins de chantier. Enseignement secondaire professionnel en alternance.","robots":{"index":"index","follow":"follow","max-snippet":"max-snippet:-1","max-image-preview":"max-image-preview:large","max-video-preview":"max-video-preview:-1"},"canonical":"https:\/\/cefanl.be\/index.php\/formations\/conducteur-conductrice-dengins-de-chantier\/","og_locale":"fr_FR","og_type":"article","og_title":"Conducteur \/ Conductrice d'Engins de Chantier - CEFA Nord-Luxembourg","og_description":"Formation de conducteur \/ conductrice d'engins de chantier. Enseignement secondaire professionnel en alternance.","og_url":"https:\/\/cefanl.be\/index.php\/formations\/conducteur-conductrice-dengins-de-chantier\/","og_site_name":"CEFA Nord-Luxembourg","article_publisher":"https:\/\/www.facebook.com\/CEFA.Bastogne.Bomal.Aywaille.Erezee\/","article_modified_time":"2026-04-02T14:04:58+00:00","og_image":[{"width":1024,"height":683,"url":"https:\/\/cefanl.be\/wp-content\/uploads\/2026\/04\/CEC-1024x683.png","type":"image\/png"}],"twitter_card":"summary_large_image","twitter_misc":{"Dur\u00e9e de lecture estim\u00e9e":"3 minutes"},"schema":{"@context":"https:\/\/schema.org","@graph":[{"@type":"WebPage","@id":"https:\/\/cefanl.be\/index.php\/formations\/conducteur-conductrice-dengins-de-chantier\/","url":"https:\/\/cefanl.be\/index.php\/formations\/conducteur-conductrice-dengins-de-chantier\/","name":"Conducteur \/ Conductrice d'Engins de Chantier - CEFA Nord-Luxembourg","isPartOf":{"@id":"https:\/\/cefanl.be\/#website"},"primaryImageOfPage":{"@id":"https:\/\/cefanl.be\/index.php\/formations\/conducteur-conductrice-dengins-de-chantier\/#primaryimage"},"image":{"@id":"https:\/\/cefanl.be\/index.php\/formations\/conducteur-conductrice-dengins-de-chantier\/#primaryimage"},"thumbnailUrl":"https:\/\/cefanl.be\/wp-content\/uploads\/2026\/04\/CEC-1024x683.png","datePublished":"2026-04-02T12:47:37+00:00","dateModified":"2026-04-02T14:04:58+00:00","description":"Formation de conducteur \/ conductrice d'engins de chantier. Enseignement secondaire professionnel en alternance.","breadcrumb":{"@id":"https:\/\/cefanl.be\/index.php\/formations\/conducteur-conductrice-dengins-de-chantier\/#breadcrumb"},"inLanguage":"fr-FR","potentialAction":[{"@type":"ReadAction","target":["https:\/\/cefanl.be\/index.php\/formations\/conducteur-conductrice-dengins-de-chantier\/"]}]},{"@type":"ImageObject","inLanguage":"fr-FR","@id":"https:\/\/cefanl.be\/index.php\/formations\/conducteur-conductrice-dengins-de-chantier\/#primaryimage","url":"https:\/\/cefanl.be\/wp-content\/uploads\/2026\/04\/CEC-scaled.png","contentUrl":"https:\/\/cefanl.be\/wp-content\/uploads\/2026\/04\/CEC-scaled.png","width":2560,"height":1707},{"@type":"BreadcrumbList","@id":"https:\/\/cefanl.be\/index.php\/formations\/conducteur-conductrice-dengins-de-chantier\/#breadcrumb","itemListElement":[{"@type":"ListItem","position":1,"name":"Accueil","item":"https:\/\/cefanl.be\/"},{"@type":"ListItem","position":2,"name":"FORMATIONS CEFA","item":"https:\/\/cefanl.be\/index.php\/formations\/"},{"@type":"ListItem","position":3,"name":"Conducteur \/ Conductrice d&rsquo;Engins de Chantier"}]},{"@type":"WebSite","@id":"https:\/\/cefanl.be\/#website","url":"https:\/\/cefanl.be\/","name":"CEFA Nord-Luxembourg","description":"Bastogne - Bomal - Aywaille - Erez\u00e9e - Vielsalm","publisher":{"@id":"https:\/\/cefanl.be\/#organization"},"potentialAction":[{"@type":"SearchAction","target":{"@type":"EntryPoint","urlTemplate":"https:\/\/cefanl.be\/?s={search_term_string}"},"query-input":{"@type":"PropertyValueSpecification","valueRequired":true,"valueName":"search_term_string"}}],"inLanguage":"fr-FR"},{"@type":"Organization","@id":"https:\/\/cefanl.be\/#organization","name":"CEFA Nord-Luxembourg","url":"https:\/\/cefanl.be\/","logo":{"@type":"ImageObject","inLanguage":"fr-FR","@id":"https:\/\/cefanl.be\/#\/schema\/logo\/image\/","url":"https:\/\/cefanl.be\/wp-content\/uploads\/2024\/08\/cropped-Logo-CEFA-TOUS-ARBH-ARMB-ARAY-Erezee-ARMV-ICET-202.jpg","contentUrl":"https:\/\/cefanl.be\/wp-content\/uploads\/2024\/08\/cropped-Logo-CEFA-TOUS-ARBH-ARMB-ARAY-Erezee-ARMV-ICET-202.jpg","width":643,"height":526,"caption":"CEFA Nord-Luxembourg"},"image":{"@id":"https:\/\/cefanl.be\/#\/schema\/logo\/image\/"},"sameAs":["https:\/\/www.facebook.com\/CEFA.Bastogne.Bomal.Aywaille.Erezee\/"]}]}},"uagb_featured_image_src":{"full":false,"thumbnail":false,"medium":false,"medium_large":false,"large":false,"etfrtb_logo":false,"1536x1536":false,"2048x2048":false,"tc-grid-full":false,"tc-grid":false,"tc-thumb":false,"slider-full":false,"slider":false,"tc-sq-thumb":false,"tc-ws-thumb":false,"tc-ws-small-thumb":false,"tc-slider-small":false},"uagb_author_info":{"display_name":"Geoffrey Plat\u00e9us","author_link":"https:\/\/cefanl.be\/index.php\/author\/admin2186\/"},"uagb_comment_info":0,"uagb_excerpt":"Lieux de formation M\u00e9tier Le conducteur \/ La conductrice d\u2019engins de chantier est bien plus qu\u2019un \u00ab chauffeur(euse) \u00bb. C\u2019est un v\u00e9ritable outil qu\u2019il\/elle manipule. Il \/elle se charge de creuser, d\u2019excaver, de remblayer ou encore de terrasser. Il \/elle creuse des tranch\u00e9es dont la largeur, la profondeur et le parcours sont d\u00e9finis sur un\u2026","jetpack_sharing_enabled":true,"_links":{"self":[{"href":"https:\/\/cefanl.be\/index.php\/wp-json\/wp\/v2\/pages\/5112","targetHints":{"allow":["GET"]}}],"collection":[{"href":"https:\/\/cefanl.be\/index.php\/wp-json\/wp\/v2\/pages"}],"about":[{"href":"https:\/\/cefanl.be\/index.php\/wp-json\/wp\/v2\/types\/page"}],"author":[{"embeddable":true,"href":"https:\/\/cefanl.be\/index.php\/wp-json\/wp\/v2\/users\/1"}],"replies":[{"embeddable":true,"href":"https:\/\/cefanl.be\/index.php\/wp-json\/wp\/v2\/comments?post=5112"}],"version-history":[{"count":2,"href":"https:\/\/cefanl.be\/index.php\/wp-json\/wp\/v2\/pages\/5112\/revisions"}],"predecessor-version":[{"id":5128,"href":"https:\/\/cefanl.be\/index.php\/wp-json\/wp\/v2\/pages\/5112\/revisions\/5128"}],"up":[{"embeddable":true,"href":"https:\/\/cefanl.be\/index.php\/wp-json\/wp\/v2\/pages\/39"}],"wp:attachment":[{"href":"https:\/\/cefanl.be\/index.php\/wp-json\/wp\/v2\/media?parent=5112"}],"curies":[{"name":"wp","href":"https:\/\/api.w.org\/{rel}","templated":true}]}}