{"id":5080,"date":"2026-03-24T11:19:22","date_gmt":"2026-03-24T10:19:22","guid":{"rendered":"https:\/\/cefanl.be\/?page_id=5080"},"modified":"2026-04-02T14:13:31","modified_gmt":"2026-04-02T12:13:31","slug":"coiffure","status":"publish","type":"page","link":"https:\/\/cefanl.be\/index.php\/formations\/coiffure\/","title":{"rendered":"Coiffure"},"content":{"rendered":"\n<figure class=\"wp-block-image size-large\"><img loading=\"lazy\" decoding=\"async\" width=\"1024\" height=\"683\" src=\"https:\/\/cefanl.be\/wp-content\/uploads\/2026\/03\/Coiffure-1024x683.png\" alt=\"\" class=\"wp-image-5081\" style=\"aspect-ratio:16\/9;object-fit:cover\" srcset=\"https:\/\/cefanl.be\/wp-content\/uploads\/2026\/03\/Coiffure-scaled.png 1024w, https:\/\/cefanl.be\/wp-content\/uploads\/2026\/03\/Coiffure-scaled.png 300w, https:\/\/cefanl.be\/wp-content\/uploads\/2026\/03\/Coiffure-scaled.png 768w, https:\/\/cefanl.be\/wp-content\/uploads\/2026\/03\/Coiffure-scaled.png 200w, https:\/\/cefanl.be\/wp-content\/uploads\/2026\/03\/Coiffure-scaled.png 1536w, https:\/\/cefanl.be\/wp-content\/uploads\/2026\/03\/Coiffure-scaled.png 2048w, https:\/\/cefanl.be\/wp-content\/uploads\/2026\/03\/Coiffure-scaled.png 2280w\" sizes=\"auto, (max-width: 1024px) 100vw, 1024px\" \/><\/figure>\n\n\n\n<h3 class=\"wp-block-heading has-vivid-red-color has-text-color has-link-color wp-elements-99714d8e8a00243234aa4d5ffced5e1f\">Lieu de formation<\/h3>\n\n\n\n<section class=\"wp-block-uagb-columns uagb-columns__wrap uagb-columns__background-none uagb-columns__stack-mobile uagb-columns__valign- uagb-columns__gap-10 align uagb-block-1335b8b0 uagb-columns__columns-3 uagb-columns__max_width-theme\"><div class=\"uagb-columns__overlay\"><\/div><div class=\"uagb-columns__inner-wrap uagb-columns__columns-3\">\n<div class=\"wp-block-uagb-column uagb-column__wrap uagb-column__background-undefined uagb-block-11c86209\"><div class=\"uagb-column__overlay\"><\/div>\n<figure class=\"wp-block-image size-medium\"><a href=\"https:\/\/cefanl.be\/index.php\/implantations\/cefa-vielsalm\/\"><img loading=\"lazy\" decoding=\"async\" width=\"300\" height=\"246\" src=\"https:\/\/cefanl.be\/wp-content\/uploads\/2024\/08\/Logo-CEFA-NL-AR-Vielsalm-2024-300x246.png\" alt=\"CEFA Vielsalm\" class=\"wp-image-3803\" srcset=\"https:\/\/cefanl.be\/wp-content\/uploads\/2024\/08\/Logo-CEFA-NL-AR-Vielsalm-2024.png 300w, https:\/\/cefanl.be\/wp-content\/uploads\/2024\/08\/Logo-CEFA-NL-AR-Vielsalm-2024.png 1024w, https:\/\/cefanl.be\/wp-content\/uploads\/2024\/08\/Logo-CEFA-NL-AR-Vielsalm-2024.png 768w, https:\/\/cefanl.be\/wp-content\/uploads\/2024\/08\/Logo-CEFA-NL-AR-Vielsalm-2024.png 200w, https:\/\/cefanl.be\/wp-content\/uploads\/2024\/08\/Logo-CEFA-NL-AR-Vielsalm-2024.png 1536w, https:\/\/cefanl.be\/wp-content\/uploads\/2024\/08\/Logo-CEFA-NL-AR-Vielsalm-2024.png 1948w\" sizes=\"auto, (max-width: 300px) 100vw, 300px\" \/><\/a><\/figure>\n\n\n\n<p class=\"has-text-align-center has-vivid-red-color has-text-color has-link-color wp-elements-30bc24310ae59d217595d371342aa17c\"><a href=\"https:\/\/cefanl.be\/index.php\/implantations\/cefa-vielsalm\/\" type=\"page\" id=\"2479\">VIELSALM<\/a><\/p>\n<\/div>\n\n\n\n<div class=\"wp-block-uagb-column uagb-column__wrap uagb-column__background-undefined uagb-block-6c605be7\"><div class=\"uagb-column__overlay\"><\/div><\/div>\n\n\n\n<div class=\"wp-block-uagb-column uagb-column__wrap uagb-column__background-undefined uagb-block-26988a55\"><div class=\"uagb-column__overlay\"><\/div><\/div>\n<\/div><\/section>\n\n\n\n<h3 class=\"wp-block-heading has-vivid-red-color has-text-color has-link-color wp-elements-4107a9f54dba3bf909cea89e7d0b4ef3\">Le m\u00e9tier de coiffeur \/ coiffeuse<\/h3>\n\n\n\n<p>Le coiffeur \/ la coiffeuse est le \/la professionnel(le) du cheveu. Il \/elle d\u00e9termine et r\u00e9alise des coupes et des mises en forme, il \/elle propose et effectue des soins et des traitements capillaires. Il \/elle apporte des conseils et aide au choix des coiffures, des coupes. Il \/elle est en mesure d\u2019\u00e9tablir un \u00ab diagnostic \u00bb de la qualit\u00e9 du cheveu et du cuir chevelu et, est susceptible de proposer au client l\u2019utilisation des divers produits de soin ou de conseiller un traitement (antipelliculaire par exemple). Il \/elle r\u00e9alise des shampoings, des \u00e9claircissements, des colorations, des d\u00e9capages, des m\u00e8ches, des balayages, etc. Il \/elle se charge de la chevelure en utilisant diff\u00e9rentes techniques et appareillages dans le but de r\u00e9aliser une permanente, un brushing, une mise en plis, des tresses, un chignon, etc.<\/p>\n\n\n\n<p>Les coiffeurs(euses) pour hommes proposent aussi g\u00e9n\u00e9ralement le service de barbier.<\/p>\n\n\n\n<p>Il \/elle commercialise aussi des produits capillaires et des accessoires. Il \/elle prodigue des conseils concernant leur utilisation. Il \/elle accomplit des t\u00e2ches de gestion, notamment de caisse, d\u2019agenda, etc.<\/p>\n\n\n\n<p>Si le coiffeur \/ la coiffeuse est propri\u00e9taire ou g\u00e9rant d\u2019un salon, il \/elle se charge de la gestion administrative, des approvisionnements, de la relation avec les diff\u00e9rents repr\u00e9sentants commerciaux, du recrutement et de l\u2019encadrement des collaborateurs, etc.<\/p>\n\n\n\n<p>Dans un salon de coiffure, il existe plusieurs niveaux de qualification&nbsp;: shampouineur, assistant coiffeur, coiffeur pour dames, coiffeur mixte\u2026 <\/p>\n\n\n\n<h3 class=\"wp-block-heading has-vivid-red-color has-text-color has-link-color wp-elements-2ef0452c4aa928416e5fd505718e3d30\">Activit\u00e9s de la coiffure<\/h3>\n\n\n\n<ul class=\"wp-block-list\">\n<li>Ma\u00eetriser les diff\u00e9rentes techniques de coupe, de mise en forme, etc.<\/li>\n\n\n\n<li>Ma\u00eetriser l\u2019utilisation du mat\u00e9riel sp\u00e9cifique<\/li>\n\n\n\n<li>Connaissance parfaite des produits \u00e0 utiliser tant du point de vue effets, que des interactions ou des objectifs<\/li>\n\n\n\n<li>Conna\u00eetre et appliquer les r\u00e8gles de s\u00e9curit\u00e9 et d\u2019hygi\u00e8ne inh\u00e9rentes \u00e0 la profession<\/li>\n\n\n\n<li>Se tenir au courant de l\u2019\u00e9volution des tendances de la mode, des techniques et des produits<\/li>\n\n\n\n<li>Connaissances de gestion (principalement pour les futurs ind\u00e9pendants ou futurs g\u00e9rants d\u2019implantation)<\/li>\n<\/ul>\n\n\n\n<p>En outre, il\/elle doit avoir certaines capacit\u00e9s :<\/p>\n\n\n\n<ul class=\"wp-block-list\">\n<li>Faire preuve de cr\u00e9ativit\u00e9<\/li>\n\n\n\n<li>Capacit\u00e9 d\u2019adaptation vis-\u00e0-vis de la client\u00e8le mais aussi en termes d\u2019horaires<\/li>\n\n\n\n<li>Etre dynamique<\/li>\n\n\n\n<li>Etre ponctuel<\/li>\n\n\n\n<li>Faire preuve de courtoisie<\/li>\n\n\n\n<li>Faire preuve de rigueur et de m\u00e9thode<\/li>\n\n\n\n<li>Une certaine r\u00e9sistance physique est n\u00e9cessaire car le m\u00e9tier s\u2019exerce debout, \u00e0 longueur de journ\u00e9es<\/li>\n<\/ul>\n\n\n\n<h3 class=\"wp-block-heading has-vivid-red-color has-text-color has-link-color wp-elements-63f9337cc54a519ae12c02eeadcf3f2e\">Grille horaire<\/h3>\n\n\n\n<figure class=\"wp-block-table has-small-font-size\"><table class=\"has-vivid-red-color has-text-color has-link-color\"><thead><tr><th class=\"has-text-align-left\" data-align=\"left\">Cours<\/th><th class=\"has-text-align-left\" data-align=\"left\">4P<\/th><th class=\"has-text-align-left\" data-align=\"left\">5P<\/th><th class=\"has-text-align-left\" data-align=\"left\">6P<\/th><\/tr><\/thead><tbody><tr><td class=\"has-text-align-left\" data-align=\"left\"><strong>FORMATION COMMUNE<\/strong><\/td><td class=\"has-text-align-left\" data-align=\"left\"><strong>5<\/strong><\/td><td class=\"has-text-align-left\" data-align=\"left\"><strong>7<\/strong><\/td><td class=\"has-text-align-left\" data-align=\"left\"><strong>7<\/strong><\/td><\/tr><tr><td class=\"has-text-align-left\" data-align=\"left\">Fran\u00e7ais<\/td><td class=\"has-text-align-left\" data-align=\"left\">3<\/td><td class=\"has-text-align-left\" data-align=\"left\">3<\/td><td class=\"has-text-align-left\" data-align=\"left\">3<\/td><\/tr><tr><td class=\"has-text-align-left\" data-align=\"left\">Math\u00e9matique<\/td><td class=\"has-text-align-left\" data-align=\"left\">2<\/td><td class=\"has-text-align-left\" data-align=\"left\">0<\/td><td class=\"has-text-align-left\" data-align=\"left\">0<\/td><\/tr><tr><td class=\"has-text-align-left\" data-align=\"left\">G\u00e9ographie<\/td><td class=\"has-text-align-left\" data-align=\"left\">0<\/td><td class=\"has-text-align-left\" data-align=\"left\">1<\/td><td class=\"has-text-align-left\" data-align=\"left\">1<\/td><\/tr><tr><td class=\"has-text-align-left\" data-align=\"left\">Histoire<\/td><td class=\"has-text-align-left\" data-align=\"left\">0<\/td><td class=\"has-text-align-left\" data-align=\"left\">1<\/td><td class=\"has-text-align-left\" data-align=\"left\">1<\/td><\/tr><tr><td class=\"has-text-align-left\" data-align=\"left\">Formation sociale et \u00e9conomique<\/td><td class=\"has-text-align-left\" data-align=\"left\">0<\/td><td class=\"has-text-align-left\" data-align=\"left\">2<\/td><td class=\"has-text-align-left\" data-align=\"left\">2<\/td><\/tr><tr><td class=\"has-text-align-left\" data-align=\"left\"><strong>OPTION DE BASE GROUP\u00c9E<\/strong><\/td><td class=\"has-text-align-left\" data-align=\"left\"><strong>10<\/strong><\/td><td class=\"has-text-align-left\" data-align=\"left\"><strong>8<\/strong><\/td><td class=\"has-text-align-left\" data-align=\"left\"><strong>8<\/strong><\/td><\/tr><tr><td class=\"has-text-align-left\" data-align=\"left\"><strong>Coiffeur \/ Coiffeuse<\/strong><\/td><td class=\"has-text-align-left\" data-align=\"left\"><\/td><td class=\"has-text-align-left\" data-align=\"left\"><\/td><td class=\"has-text-align-left\" data-align=\"left\"><\/td><\/tr><tr><td class=\"has-text-align-left\" data-align=\"left\">Technologie<\/td><td class=\"has-text-align-left\" data-align=\"left\">4<\/td><td class=\"has-text-align-left\" data-align=\"left\">4<\/td><td class=\"has-text-align-left\" data-align=\"left\">4<\/td><\/tr><tr><td class=\"has-text-align-left\" data-align=\"left\">Travaux pratiques Coiffure<\/td><td class=\"has-text-align-left\" data-align=\"left\">6<\/td><td class=\"has-text-align-left\" data-align=\"left\">4<\/td><td class=\"has-text-align-left\" data-align=\"left\">4<\/td><\/tr><\/tbody><\/table><\/figure>\n\n\n\n<h3 class=\"wp-block-heading has-vivid-red-color has-text-color has-link-color wp-elements-07f35ebfc3e89509f516c091dbb08a06\">En fin de parcours, tu obtiens :<\/h3>\n\n\n\n<ul class=\"wp-block-list\">\n<li>CE6P<\/li>\n\n\n\n<li>CQ6<\/li>\n<\/ul>\n\n\n\n<h3 class=\"wp-block-heading has-vivid-red-color has-text-color has-link-color wp-elements-a3b79e811853cb2cbc8cebd7fda6a687\">Les d\u00e9bouch\u00e9s<\/h3>\n\n\n\n<ul class=\"wp-block-list\">\n<li>Salon de coiffure<\/li>\n\n\n\n<li>Arts du spectacle<\/li>\n\n\n\n<li>Cin\u00e9ma &amp; T\u00e9l\u00e9vision<\/li>\n<\/ul>\n\n\n\n<figure class=\"wp-block-embed is-type-video is-provider-youtube wp-block-embed-youtube wp-embed-aspect-16-9 wp-has-aspect-ratio\"><div class=\"wp-block-embed__wrapper\">\n<iframe loading=\"lazy\" title=\"Pr\u00e9sentation de la section Coiffure \u00e0 Rencheux\" width=\"1140\" height=\"641\" src=\"https:\/\/www.youtube.com\/embed\/Op761srLGRE?start=7&#038;feature=oembed\" frameborder=\"0\" allow=\"accelerometer; autoplay; clipboard-write; encrypted-media; gyroscope; picture-in-picture; web-share\" referrerpolicy=\"strict-origin-when-cross-origin\" allowfullscreen><\/iframe>\n<\/div><\/figure>\n","protected":false},"excerpt":{"rendered":"<p>Lieu de formation VIELSALM Le m\u00e9tier de coiffeur \/ coiffeuse Le coiffeur \/ la coiffeuse est le \/la professionnel(le) du cheveu. Il \/elle d\u00e9termine et r\u00e9alise des coupes et des mises en forme, il \/elle propose et effectue des soins et des traitements capillaires. Il \/elle apporte des conseils et aide au choix des coiffures, [&hellip;]<\/p>\n","protected":false},"author":1,"featured_media":0,"parent":39,"menu_order":0,"comment_status":"closed","ping_status":"closed","template":"","meta":{"_uag_custom_page_level_css":"","footnotes":""},"class_list":["post-5080","page","type-page","status-publish","czr-hentry"],"yoast_head":"<!-- This site is optimized with the Yoast SEO plugin v27.3 - https:\/\/yoast.com\/product\/yoast-seo-wordpress\/ -->\n<title>Coiffure - CEFA Nord-Luxembourg<\/title>\n<meta name=\"description\" content=\"Formation en coiffure \u00e0 partir de la 4\u00e8me ann\u00e9e de l&#039;enseignement secondaire professionnel en alternance \u00e0 Vielsalm\" \/>\n<meta name=\"robots\" content=\"index, follow, max-snippet:-1, max-image-preview:large, max-video-preview:-1\" \/>\n<link rel=\"canonical\" href=\"https:\/\/cefanl.be\/index.php\/formations\/coiffure\/\" \/>\n<meta property=\"og:locale\" content=\"fr_FR\" \/>\n<meta property=\"og:type\" content=\"article\" \/>\n<meta property=\"og:title\" content=\"Coiffure - CEFA Nord-Luxembourg\" \/>\n<meta property=\"og:description\" content=\"Formation en coiffure \u00e0 partir de la 4\u00e8me ann\u00e9e de l&#039;enseignement secondaire professionnel en alternance \u00e0 Vielsalm\" \/>\n<meta property=\"og:url\" content=\"https:\/\/cefanl.be\/index.php\/formations\/coiffure\/\" \/>\n<meta property=\"og:site_name\" content=\"CEFA Nord-Luxembourg\" \/>\n<meta property=\"article:publisher\" content=\"https:\/\/www.facebook.com\/CEFA.Bastogne.Bomal.Aywaille.Erezee\/\" \/>\n<meta property=\"article:modified_time\" content=\"2026-04-02T12:13:31+00:00\" \/>\n<meta property=\"og:image\" content=\"https:\/\/cefanl.be\/wp-content\/uploads\/2026\/03\/Coiffure-1024x683.png\" \/>\n\t<meta property=\"og:image:width\" content=\"1024\" \/>\n\t<meta property=\"og:image:height\" content=\"683\" \/>\n\t<meta property=\"og:image:type\" content=\"image\/png\" \/>\n<meta name=\"twitter:card\" content=\"summary_large_image\" \/>\n<meta name=\"twitter:label1\" content=\"Dur\u00e9e de lecture estim\u00e9e\" \/>\n\t<meta name=\"twitter:data1\" content=\"3 minutes\" \/>\n<script type=\"application\/ld+json\" class=\"yoast-schema-graph\">{\"@context\":\"https:\\\/\\\/schema.org\",\"@graph\":[{\"@type\":\"WebPage\",\"@id\":\"https:\\\/\\\/cefanl.be\\\/index.php\\\/formations\\\/coiffure\\\/\",\"url\":\"https:\\\/\\\/cefanl.be\\\/index.php\\\/formations\\\/coiffure\\\/\",\"name\":\"Coiffure - CEFA Nord-Luxembourg\",\"isPartOf\":{\"@id\":\"https:\\\/\\\/cefanl.be\\\/#website\"},\"primaryImageOfPage\":{\"@id\":\"https:\\\/\\\/cefanl.be\\\/index.php\\\/formations\\\/coiffure\\\/#primaryimage\"},\"image\":{\"@id\":\"https:\\\/\\\/cefanl.be\\\/index.php\\\/formations\\\/coiffure\\\/#primaryimage\"},\"thumbnailUrl\":\"https:\\\/\\\/cefanl.be\\\/wp-content\\\/uploads\\\/2026\\\/03\\\/Coiffure-1024x683.png\",\"datePublished\":\"2026-03-24T10:19:22+00:00\",\"dateModified\":\"2026-04-02T12:13:31+00:00\",\"description\":\"Formation en coiffure \u00e0 partir de la 4\u00e8me ann\u00e9e de l'enseignement secondaire professionnel en alternance \u00e0 Vielsalm\",\"breadcrumb\":{\"@id\":\"https:\\\/\\\/cefanl.be\\\/index.php\\\/formations\\\/coiffure\\\/#breadcrumb\"},\"inLanguage\":\"fr-FR\",\"potentialAction\":[{\"@type\":\"ReadAction\",\"target\":[\"https:\\\/\\\/cefanl.be\\\/index.php\\\/formations\\\/coiffure\\\/\"]}]},{\"@type\":\"ImageObject\",\"inLanguage\":\"fr-FR\",\"@id\":\"https:\\\/\\\/cefanl.be\\\/index.php\\\/formations\\\/coiffure\\\/#primaryimage\",\"url\":\"https:\\\/\\\/cefanl.be\\\/wp-content\\\/uploads\\\/2026\\\/03\\\/Coiffure-scaled.png\",\"contentUrl\":\"https:\\\/\\\/cefanl.be\\\/wp-content\\\/uploads\\\/2026\\\/03\\\/Coiffure-scaled.png\",\"width\":2560,\"height\":1709},{\"@type\":\"BreadcrumbList\",\"@id\":\"https:\\\/\\\/cefanl.be\\\/index.php\\\/formations\\\/coiffure\\\/#breadcrumb\",\"itemListElement\":[{\"@type\":\"ListItem\",\"position\":1,\"name\":\"Accueil\",\"item\":\"https:\\\/\\\/cefanl.be\\\/\"},{\"@type\":\"ListItem\",\"position\":2,\"name\":\"FORMATIONS CEFA\",\"item\":\"https:\\\/\\\/cefanl.be\\\/index.php\\\/formations\\\/\"},{\"@type\":\"ListItem\",\"position\":3,\"name\":\"Coiffure\"}]},{\"@type\":\"WebSite\",\"@id\":\"https:\\\/\\\/cefanl.be\\\/#website\",\"url\":\"https:\\\/\\\/cefanl.be\\\/\",\"name\":\"CEFA Nord-Luxembourg\",\"description\":\"Bastogne - Bomal - Aywaille - Erez\u00e9e - Vielsalm\",\"publisher\":{\"@id\":\"https:\\\/\\\/cefanl.be\\\/#organization\"},\"potentialAction\":[{\"@type\":\"SearchAction\",\"target\":{\"@type\":\"EntryPoint\",\"urlTemplate\":\"https:\\\/\\\/cefanl.be\\\/?s={search_term_string}\"},\"query-input\":{\"@type\":\"PropertyValueSpecification\",\"valueRequired\":true,\"valueName\":\"search_term_string\"}}],\"inLanguage\":\"fr-FR\"},{\"@type\":\"Organization\",\"@id\":\"https:\\\/\\\/cefanl.be\\\/#organization\",\"name\":\"CEFA Nord-Luxembourg\",\"url\":\"https:\\\/\\\/cefanl.be\\\/\",\"logo\":{\"@type\":\"ImageObject\",\"inLanguage\":\"fr-FR\",\"@id\":\"https:\\\/\\\/cefanl.be\\\/#\\\/schema\\\/logo\\\/image\\\/\",\"url\":\"https:\\\/\\\/cefanl.be\\\/wp-content\\\/uploads\\\/2024\\\/08\\\/cropped-Logo-CEFA-TOUS-ARBH-ARMB-ARAY-Erezee-ARMV-ICET-202.jpg\",\"contentUrl\":\"https:\\\/\\\/cefanl.be\\\/wp-content\\\/uploads\\\/2024\\\/08\\\/cropped-Logo-CEFA-TOUS-ARBH-ARMB-ARAY-Erezee-ARMV-ICET-202.jpg\",\"width\":643,\"height\":526,\"caption\":\"CEFA Nord-Luxembourg\"},\"image\":{\"@id\":\"https:\\\/\\\/cefanl.be\\\/#\\\/schema\\\/logo\\\/image\\\/\"},\"sameAs\":[\"https:\\\/\\\/www.facebook.com\\\/CEFA.Bastogne.Bomal.Aywaille.Erezee\\\/\"]}]}<\/script>\n<!-- \/ Yoast SEO plugin. -->","yoast_head_json":{"title":"Coiffure - CEFA Nord-Luxembourg","description":"Formation en coiffure \u00e0 partir de la 4\u00e8me ann\u00e9e de l'enseignement secondaire professionnel en alternance \u00e0 Vielsalm","robots":{"index":"index","follow":"follow","max-snippet":"max-snippet:-1","max-image-preview":"max-image-preview:large","max-video-preview":"max-video-preview:-1"},"canonical":"https:\/\/cefanl.be\/index.php\/formations\/coiffure\/","og_locale":"fr_FR","og_type":"article","og_title":"Coiffure - CEFA Nord-Luxembourg","og_description":"Formation en coiffure \u00e0 partir de la 4\u00e8me ann\u00e9e de l'enseignement secondaire professionnel en alternance \u00e0 Vielsalm","og_url":"https:\/\/cefanl.be\/index.php\/formations\/coiffure\/","og_site_name":"CEFA Nord-Luxembourg","article_publisher":"https:\/\/www.facebook.com\/CEFA.Bastogne.Bomal.Aywaille.Erezee\/","article_modified_time":"2026-04-02T12:13:31+00:00","og_image":[{"width":1024,"height":683,"url":"https:\/\/cefanl.be\/wp-content\/uploads\/2026\/03\/Coiffure-1024x683.png","type":"image\/png"}],"twitter_card":"summary_large_image","twitter_misc":{"Dur\u00e9e de lecture estim\u00e9e":"3 minutes"},"schema":{"@context":"https:\/\/schema.org","@graph":[{"@type":"WebPage","@id":"https:\/\/cefanl.be\/index.php\/formations\/coiffure\/","url":"https:\/\/cefanl.be\/index.php\/formations\/coiffure\/","name":"Coiffure - CEFA Nord-Luxembourg","isPartOf":{"@id":"https:\/\/cefanl.be\/#website"},"primaryImageOfPage":{"@id":"https:\/\/cefanl.be\/index.php\/formations\/coiffure\/#primaryimage"},"image":{"@id":"https:\/\/cefanl.be\/index.php\/formations\/coiffure\/#primaryimage"},"thumbnailUrl":"https:\/\/cefanl.be\/wp-content\/uploads\/2026\/03\/Coiffure-1024x683.png","datePublished":"2026-03-24T10:19:22+00:00","dateModified":"2026-04-02T12:13:31+00:00","description":"Formation en coiffure \u00e0 partir de la 4\u00e8me ann\u00e9e de l'enseignement secondaire professionnel en alternance \u00e0 Vielsalm","breadcrumb":{"@id":"https:\/\/cefanl.be\/index.php\/formations\/coiffure\/#breadcrumb"},"inLanguage":"fr-FR","potentialAction":[{"@type":"ReadAction","target":["https:\/\/cefanl.be\/index.php\/formations\/coiffure\/"]}]},{"@type":"ImageObject","inLanguage":"fr-FR","@id":"https:\/\/cefanl.be\/index.php\/formations\/coiffure\/#primaryimage","url":"https:\/\/cefanl.be\/wp-content\/uploads\/2026\/03\/Coiffure-scaled.png","contentUrl":"https:\/\/cefanl.be\/wp-content\/uploads\/2026\/03\/Coiffure-scaled.png","width":2560,"height":1709},{"@type":"BreadcrumbList","@id":"https:\/\/cefanl.be\/index.php\/formations\/coiffure\/#breadcrumb","itemListElement":[{"@type":"ListItem","position":1,"name":"Accueil","item":"https:\/\/cefanl.be\/"},{"@type":"ListItem","position":2,"name":"FORMATIONS CEFA","item":"https:\/\/cefanl.be\/index.php\/formations\/"},{"@type":"ListItem","position":3,"name":"Coiffure"}]},{"@type":"WebSite","@id":"https:\/\/cefanl.be\/#website","url":"https:\/\/cefanl.be\/","name":"CEFA Nord-Luxembourg","description":"Bastogne - Bomal - Aywaille - Erez\u00e9e - Vielsalm","publisher":{"@id":"https:\/\/cefanl.be\/#organization"},"potentialAction":[{"@type":"SearchAction","target":{"@type":"EntryPoint","urlTemplate":"https:\/\/cefanl.be\/?s={search_term_string}"},"query-input":{"@type":"PropertyValueSpecification","valueRequired":true,"valueName":"search_term_string"}}],"inLanguage":"fr-FR"},{"@type":"Organization","@id":"https:\/\/cefanl.be\/#organization","name":"CEFA Nord-Luxembourg","url":"https:\/\/cefanl.be\/","logo":{"@type":"ImageObject","inLanguage":"fr-FR","@id":"https:\/\/cefanl.be\/#\/schema\/logo\/image\/","url":"https:\/\/cefanl.be\/wp-content\/uploads\/2024\/08\/cropped-Logo-CEFA-TOUS-ARBH-ARMB-ARAY-Erezee-ARMV-ICET-202.jpg","contentUrl":"https:\/\/cefanl.be\/wp-content\/uploads\/2024\/08\/cropped-Logo-CEFA-TOUS-ARBH-ARMB-ARAY-Erezee-ARMV-ICET-202.jpg","width":643,"height":526,"caption":"CEFA Nord-Luxembourg"},"image":{"@id":"https:\/\/cefanl.be\/#\/schema\/logo\/image\/"},"sameAs":["https:\/\/www.facebook.com\/CEFA.Bastogne.Bomal.Aywaille.Erezee\/"]}]}},"uagb_featured_image_src":{"full":false,"thumbnail":false,"medium":false,"medium_large":false,"large":false,"etfrtb_logo":false,"1536x1536":false,"2048x2048":false,"tc-grid-full":false,"tc-grid":false,"tc-thumb":false,"slider-full":false,"slider":false,"tc-sq-thumb":false,"tc-ws-thumb":false,"tc-ws-small-thumb":false,"tc-slider-small":false},"uagb_author_info":{"display_name":"Geoffrey Plat\u00e9us","author_link":"https:\/\/cefanl.be\/index.php\/author\/admin2186\/"},"uagb_comment_info":0,"uagb_excerpt":"Lieu de formation VIELSALM Le m\u00e9tier de coiffeur \/ coiffeuse Le coiffeur \/ la coiffeuse est le \/la professionnel(le) du cheveu. Il \/elle d\u00e9termine et r\u00e9alise des coupes et des mises en forme, il \/elle propose et effectue des soins et des traitements capillaires. Il \/elle apporte des conseils et aide au choix des coiffures,\u2026","jetpack_sharing_enabled":true,"_links":{"self":[{"href":"https:\/\/cefanl.be\/index.php\/wp-json\/wp\/v2\/pages\/5080","targetHints":{"allow":["GET"]}}],"collection":[{"href":"https:\/\/cefanl.be\/index.php\/wp-json\/wp\/v2\/pages"}],"about":[{"href":"https:\/\/cefanl.be\/index.php\/wp-json\/wp\/v2\/types\/page"}],"author":[{"embeddable":true,"href":"https:\/\/cefanl.be\/index.php\/wp-json\/wp\/v2\/users\/1"}],"replies":[{"embeddable":true,"href":"https:\/\/cefanl.be\/index.php\/wp-json\/wp\/v2\/comments?post=5080"}],"version-history":[{"count":2,"href":"https:\/\/cefanl.be\/index.php\/wp-json\/wp\/v2\/pages\/5080\/revisions"}],"predecessor-version":[{"id":5111,"href":"https:\/\/cefanl.be\/index.php\/wp-json\/wp\/v2\/pages\/5080\/revisions\/5111"}],"up":[{"embeddable":true,"href":"https:\/\/cefanl.be\/index.php\/wp-json\/wp\/v2\/pages\/39"}],"wp:attachment":[{"href":"https:\/\/cefanl.be\/index.php\/wp-json\/wp\/v2\/media?parent=5080"}],"curies":[{"name":"wp","href":"https:\/\/api.w.org\/{rel}","templated":true}]}}