{"id":5071,"date":"2026-03-23T16:30:18","date_gmt":"2026-03-23T15:30:18","guid":{"rendered":"https:\/\/cefanl.be\/?page_id=5071"},"modified":"2026-04-03T10:23:09","modified_gmt":"2026-04-03T08:23:09","slug":"assistant-pharmaceutico-technique","status":"publish","type":"page","link":"https:\/\/cefanl.be\/index.php\/formations\/assistant-pharmaceutico-technique\/","title":{"rendered":"Assistant Pharmaceutico-technique"},"content":{"rendered":"\n<figure class=\"wp-block-image size-large\"><img loading=\"lazy\" decoding=\"async\" width=\"1024\" height=\"512\" src=\"https:\/\/cefanl.be\/wp-content\/uploads\/2026\/03\/Assitant-pharma-1024x512.png\" alt=\"Assistant en pharmacie\" class=\"wp-image-5072\" srcset=\"https:\/\/cefanl.be\/wp-content\/uploads\/2026\/03\/Assitant-pharma-scaled.png 1024w, https:\/\/cefanl.be\/wp-content\/uploads\/2026\/03\/Assitant-pharma-scaled.png 300w, https:\/\/cefanl.be\/wp-content\/uploads\/2026\/03\/Assitant-pharma-scaled.png 768w, https:\/\/cefanl.be\/wp-content\/uploads\/2026\/03\/Assitant-pharma-scaled.png 200w, https:\/\/cefanl.be\/wp-content\/uploads\/2026\/03\/Assitant-pharma-scaled.png 1536w, https:\/\/cefanl.be\/wp-content\/uploads\/2026\/03\/Assitant-pharma-scaled.png 2048w, https:\/\/cefanl.be\/wp-content\/uploads\/2026\/03\/Assitant-pharma-scaled.png 2280w\" sizes=\"auto, (max-width: 1024px) 100vw, 1024px\" \/><\/figure>\n\n\n\n<h3 class=\"wp-block-heading has-vivid-red-color has-text-color\">Lieux de formation<\/h3>\n\n\n\n<section class=\"wp-block-uagb-columns uagb-columns__wrap uagb-columns__background-none uagb-columns__stack-mobile uagb-columns__valign- uagb-columns__gap-10 align uagb-block-28e976ce uagb-columns__columns-4 uagb-columns__max_width-theme\"><div class=\"uagb-columns__overlay\"><\/div><div class=\"uagb-columns__inner-wrap uagb-columns__columns-4\">\n<div class=\"wp-block-uagb-column uagb-column__wrap uagb-column__background-undefined uagb-block-acfdf2ae\"><div class=\"uagb-column__overlay\"><\/div>\n<div class=\"wp-block-uagb-image uagb-block-0737279c wp-block-uagb-image--layout-default wp-block-uagb-image--effect-zoomin wp-block-uagb-image--align-none\"><figure class=\"wp-block-uagb-image__figure\"><a class=\"\" href=\"https:\/\/cefanl.be\/index.php\/implantations\/cefa-bastogne\/\" target=\"\" rel=\"noopener\"><img decoding=\"async\" srcset=\"https:\/\/cefanl.be\/wp-content\/uploads\/2017\/12\/cropped-Logo-CEFA-Nord-Luxembourg-ARBH-Bastogne-2012-transparent.png \" sizes=\"auto, (max-width: 480px) 150px\" src=\"https:\/\/cefanl.be\/wp-content\/uploads\/2017\/12\/cropped-Logo-CEFA-Nord-Luxembourg-ARBH-Bastogne-2012-transparent.png\" alt=\"\" class=\"uag-image-14\" width=\"305\" height=\"250\" title=\"\" loading=\"lazy\" role=\"img\"\/><\/a><figcaption class=\"uagb-image-caption\"><a href=\"https:\/\/cefanl.be\/index.php\/implantations\/cefa-bastogne\/\">BASTOGNE<\/a><\/figcaption><\/figure><\/div>\n<\/div>\n\n\n\n<div class=\"wp-block-uagb-column uagb-column__wrap uagb-column__background-undefined uagb-block-58564b72\"><div class=\"uagb-column__overlay\"><\/div><\/div>\n\n\n\n<div class=\"wp-block-uagb-column uagb-column__wrap uagb-column__background-undefined uagb-block-bd74f25d\"><div class=\"uagb-column__overlay\"><\/div><\/div>\n\n\n\n<div class=\"wp-block-uagb-column uagb-column__wrap uagb-column__background-undefined uagb-block-a6815dd4\"><div class=\"uagb-column__overlay\"><\/div><\/div>\n<\/div><\/section>\n\n\n\n<div class=\"wp-block-group\"><div class=\"wp-block-group__inner-container is-layout-flow wp-block-group-is-layout-flow\">\n<h3 class=\"wp-block-heading has-vivid-red-color has-text-color\">M\u00e9tier de l&rsquo;Assistant(e) pharmaceutico-technique<\/h3>\n\n\n\n<p><strong>L\u2019assistant(e) pharmaceutico-technique<\/strong>&nbsp;travaille g\u00e9n\u00e9ralement dans une officine sous la responsabilit\u00e9 et le contr\u00f4le du pharmacien.<\/p>\n\n\n\n<p>Il \/ elle d\u00e9livre des produits \u00e0 usage pharmaceutique, parapharmaceutique et v\u00e9t\u00e9rinaire, ainsi que des dispositifs m\u00e9dicaux.<\/p>\n\n\n\n<p>Il ex\u00e9cute des pr\u00e9parations magistrales ou officinales.<\/p>\n\n\n\n<p>Dans le cadre d\u2019une officine, il est en contact permanent avec la client\u00e8le. Lorsque le conseil au client sort du cadre de sa fonction, il sollicite l\u2019aide du \/ de la pharmacien(ne). Cette activit\u00e9 est soumise \u00e0 des r\u00e8gles d\u00e9ontologiques particuli\u00e8res dont le secret professionnel.<\/p>\n\n\n\n<p>L\u2019assistant(e) technique en pharmacie est une personne qui assiste le \/la pharmacien(ne) dans son travail. Il \/ Elle assure le suivi des dossiers de la client\u00e8le et effectue l\u2019inventaire des m\u00e9dicaments et des produits pharmaceutiques. L&rsquo;assistant(e) fait \u00e9galement le comptage des comprim\u00e9s et des capsules, fait l\u2019embouteillage des liquides et l\u2019empotage des onguents et des cr\u00e8mes. Il \/ Elle pr\u00e9pare les \u00e9tiquettes, fait les factures et effectue les transactions \u00e0 la caisse. Il \/ Elle classe et range les m\u00e9dicaments, les dossiers et les ordonnances.<\/p>\n<\/div><\/div>\n\n\n\n<div class=\"wp-block-group\"><div class=\"wp-block-group__inner-container is-layout-flow wp-block-group-is-layout-flow\">\n<h3 class=\"wp-block-heading has-vivid-red-color has-text-color\">Activit\u00e9s<\/h3>\n\n\n\n<ul class=\"wp-block-list\">\n<li>Accueillir le client, identifier et r\u00e9pondre \u00e0 ses besoins<\/li>\n\n\n\n<li>D\u00e9livrer les prescriptions sur base de l\u2019ordonnance du m\u00e9decin<\/li>\n\n\n\n<li>R\u00e9aliser des pr\u00e9parations \u00e0 usage humain ou v\u00e9t\u00e9rinaire<\/li>\n\n\n\n<li>Rechercher un m\u00e9dicament pour soulager le patient<\/li>\n\n\n\n<li>Informer sur un produit, ses indications et effets secondaires<\/li>\n\n\n\n<li>Conseiller un article sanitaire, d\u2019hygi\u00e8ne ou de soins<\/li>\n\n\n\n<li>Veiller au r\u00e9approvisionnement des produits<\/li>\n\n\n\n<li>Tenir \u00e0 jour le fichier client<\/li>\n<\/ul>\n<\/div><\/div>\n\n\n\n<h3 class=\"wp-block-heading has-vivid-red-color has-text-color has-link-color wp-elements-220973256f7d5079c6dbb095782d5fe7\">Grille horaire (sous r\u00e9serve de validation)<\/h3>\n\n\n\n<figure class=\"wp-block-table has-small-font-size\"><table class=\"has-vivid-red-color has-text-color has-link-color\"><thead><tr><th class=\"has-text-align-left\" data-align=\"left\">Cours<\/th><th class=\"has-text-align-left\" data-align=\"left\">4TQ<\/th><th class=\"has-text-align-left\" data-align=\"left\">5TQ<\/th><th class=\"has-text-align-left\" data-align=\"left\">6TQ<\/th><\/tr><\/thead><tbody><tr><td class=\"has-text-align-left\" data-align=\"left\"><strong>FORMATION COMMUNE<\/strong><\/td><td class=\"has-text-align-left\" data-align=\"left\"><strong>12<\/strong><\/td><td class=\"has-text-align-left\" data-align=\"left\"><strong>13<\/strong><\/td><td class=\"has-text-align-left\" data-align=\"left\"><strong>13<\/strong><\/td><\/tr><tr><td class=\"has-text-align-left\" data-align=\"left\">Fran\u00e7ais<\/td><td class=\"has-text-align-left\" data-align=\"left\">4<\/td><td class=\"has-text-align-left\" data-align=\"left\">3<\/td><td class=\"has-text-align-left\" data-align=\"left\">3<\/td><\/tr><tr><td class=\"has-text-align-left\" data-align=\"left\">Math\u00e9matique<\/td><td class=\"has-text-align-left\" data-align=\"left\">2<\/td><td class=\"has-text-align-left\" data-align=\"left\">2<\/td><td class=\"has-text-align-left\" data-align=\"left\">2<\/td><\/tr><tr><td class=\"has-text-align-left\" data-align=\"left\">G\u00e9ographie<\/td><td class=\"has-text-align-left\" data-align=\"left\">1<\/td><td class=\"has-text-align-left\" data-align=\"left\">1<\/td><td class=\"has-text-align-left\" data-align=\"left\">1<\/td><\/tr><tr><td class=\"has-text-align-left\" data-align=\"left\">Histoire<\/td><td class=\"has-text-align-left\" data-align=\"left\">1<\/td><td class=\"has-text-align-left\" data-align=\"left\">1<\/td><td class=\"has-text-align-left\" data-align=\"left\">1<\/td><\/tr><tr><td class=\"has-text-align-left\" data-align=\"left\">Formation sociale et \u00e9conomique<\/td><td class=\"has-text-align-left\" data-align=\"left\">0<\/td><td class=\"has-text-align-left\" data-align=\"left\">2<\/td><td class=\"has-text-align-left\" data-align=\"left\">2<\/td><\/tr><tr><td class=\"has-text-align-left\" data-align=\"left\">Formation scientifique<\/td><td class=\"has-text-align-left\" data-align=\"left\">2<\/td><td class=\"has-text-align-left\" data-align=\"left\">2<\/td><td class=\"has-text-align-left\" data-align=\"left\">2<\/td><\/tr><tr><td class=\"has-text-align-left\" data-align=\"left\">Langue moderne I : Anglais<\/td><td class=\"has-text-align-left\" data-align=\"left\">2<\/td><td class=\"has-text-align-left\" data-align=\"left\">2<\/td><td class=\"has-text-align-left\" data-align=\"left\">2<\/td><\/tr><tr><td class=\"has-text-align-left\" data-align=\"left\"><strong>OPTION DE BASE GROUP\u00c9E<\/strong><\/td><td class=\"has-text-align-left\" data-align=\"left\"><strong>3<\/strong><\/td><td class=\"has-text-align-left\" data-align=\"left\"><strong>3<\/strong><\/td><td class=\"has-text-align-left\" data-align=\"left\"><strong>3<\/strong><\/td><\/tr><tr><td class=\"has-text-align-left\" data-align=\"left\"><strong>Assistant(e) Pharmaceuto-technique<\/strong><\/td><td class=\"has-text-align-left\" data-align=\"left\"><\/td><td class=\"has-text-align-left\" data-align=\"left\"><\/td><td class=\"has-text-align-left\" data-align=\"left\"><\/td><\/tr><tr><td class=\"has-text-align-left\" data-align=\"left\">Cours techniques<\/td><td class=\"has-text-align-left\" data-align=\"left\">3<\/td><td class=\"has-text-align-left\" data-align=\"left\">3<\/td><td class=\"has-text-align-left\" data-align=\"left\">3<\/td><\/tr><\/tbody><\/table><\/figure>\n\n\n\n<div class=\"wp-block-group\"><div class=\"wp-block-group__inner-container is-layout-flow wp-block-group-is-layout-flow\">\n<h3 class=\"wp-block-heading has-vivid-red-color has-text-color\">En fin de parcours, tu obtiens:<\/h3>\n\n\n\n<ul class=\"wp-block-list\">\n<li>CESS<\/li>\n\n\n\n<li>CQ6<\/li>\n<\/ul>\n<\/div><\/div>\n\n\n\n<div class=\"wp-block-group\"><div class=\"wp-block-group__inner-container is-layout-flow wp-block-group-is-layout-flow\">\n<h3 class=\"wp-block-heading has-vivid-red-color has-text-color\">Les d\u00e9bouch\u00e9s<\/h3>\n\n\n\n<ul class=\"wp-block-list\">\n<li>Pharmacies ouvertes au public<\/li>\n\n\n\n<li>Pharmacies hospitali\u00e8res<\/li>\n\n\n\n<li>D\u00e9l\u00e9gu\u00e9(e) m\u00e9dical<\/li>\n\n\n\n<li>Laboratoires<\/li>\n\n\n\n<li>Industrie pharmaceutique<\/li>\n<\/ul>\n<\/div><\/div>\n\n\n\n<p><\/p>\n","protected":false},"excerpt":{"rendered":"<p>Lieux de formation M\u00e9tier de l&rsquo;Assistant(e) pharmaceutico-technique L\u2019assistant(e) pharmaceutico-technique&nbsp;travaille g\u00e9n\u00e9ralement dans une officine sous la responsabilit\u00e9 et le contr\u00f4le du pharmacien. Il \/ elle d\u00e9livre des produits \u00e0 usage pharmaceutique, parapharmaceutique et v\u00e9t\u00e9rinaire, ainsi que des dispositifs m\u00e9dicaux. Il ex\u00e9cute des pr\u00e9parations magistrales ou officinales. Dans le cadre d\u2019une officine, il est en contact permanent [&hellip;]<\/p>\n","protected":false},"author":1,"featured_media":5072,"parent":39,"menu_order":0,"comment_status":"closed","ping_status":"closed","template":"","meta":{"_uag_custom_page_level_css":"","footnotes":""},"class_list":["post-5071","page","type-page","status-publish","has-post-thumbnail","czr-hentry"],"yoast_head":"<!-- This site is optimized with the Yoast SEO plugin v27.3 - https:\/\/yoast.com\/product\/yoast-seo-wordpress\/ -->\n<title>Assistant Pharmaceutico-technique - CEFA Nord-Luxembourg<\/title>\n<meta name=\"description\" content=\"Formation en Assistant pharmacie d\u00e8s la 4\u00e8me ann\u00e9e de l&#039;enseignement secondaire de technique de qualification en alternance\" \/>\n<meta name=\"robots\" content=\"index, follow, max-snippet:-1, max-image-preview:large, max-video-preview:-1\" \/>\n<link rel=\"canonical\" href=\"https:\/\/cefanl.be\/index.php\/formations\/assistant-pharmaceutico-technique\/\" \/>\n<meta property=\"og:locale\" content=\"fr_FR\" \/>\n<meta property=\"og:type\" content=\"article\" \/>\n<meta property=\"og:title\" content=\"Assistant Pharmaceutico-technique - CEFA Nord-Luxembourg\" \/>\n<meta property=\"og:description\" content=\"Formation en Assistant pharmacie d\u00e8s la 4\u00e8me ann\u00e9e de l&#039;enseignement secondaire de technique de qualification en alternance\" \/>\n<meta property=\"og:url\" content=\"https:\/\/cefanl.be\/index.php\/formations\/assistant-pharmaceutico-technique\/\" \/>\n<meta property=\"og:site_name\" content=\"CEFA Nord-Luxembourg\" \/>\n<meta property=\"article:publisher\" content=\"https:\/\/www.facebook.com\/CEFA.Bastogne.Bomal.Aywaille.Erezee\/\" \/>\n<meta property=\"article:modified_time\" content=\"2026-04-03T08:23:09+00:00\" \/>\n<meta property=\"og:image\" content=\"https:\/\/cefanl.be\/wp-content\/uploads\/2026\/03\/Assitant-pharma-1024x512.png\" \/>\n\t<meta property=\"og:image:width\" content=\"1024\" \/>\n\t<meta property=\"og:image:height\" content=\"512\" \/>\n\t<meta property=\"og:image:type\" content=\"image\/png\" \/>\n<meta name=\"twitter:card\" content=\"summary_large_image\" \/>\n<meta name=\"twitter:label1\" content=\"Dur\u00e9e de lecture estim\u00e9e\" \/>\n\t<meta name=\"twitter:data1\" content=\"3 minutes\" \/>\n<script type=\"application\/ld+json\" class=\"yoast-schema-graph\">{\"@context\":\"https:\\\/\\\/schema.org\",\"@graph\":[{\"@type\":\"WebPage\",\"@id\":\"https:\\\/\\\/cefanl.be\\\/index.php\\\/formations\\\/assistant-pharmaceutico-technique\\\/\",\"url\":\"https:\\\/\\\/cefanl.be\\\/index.php\\\/formations\\\/assistant-pharmaceutico-technique\\\/\",\"name\":\"Assistant Pharmaceutico-technique - CEFA Nord-Luxembourg\",\"isPartOf\":{\"@id\":\"https:\\\/\\\/cefanl.be\\\/#website\"},\"primaryImageOfPage\":{\"@id\":\"https:\\\/\\\/cefanl.be\\\/index.php\\\/formations\\\/assistant-pharmaceutico-technique\\\/#primaryimage\"},\"image\":{\"@id\":\"https:\\\/\\\/cefanl.be\\\/index.php\\\/formations\\\/assistant-pharmaceutico-technique\\\/#primaryimage\"},\"thumbnailUrl\":\"https:\\\/\\\/cefanl.be\\\/wp-content\\\/uploads\\\/2026\\\/03\\\/Assitant-pharma-scaled.png\",\"datePublished\":\"2026-03-23T15:30:18+00:00\",\"dateModified\":\"2026-04-03T08:23:09+00:00\",\"description\":\"Formation en Assistant pharmacie d\u00e8s la 4\u00e8me ann\u00e9e de l'enseignement secondaire de technique de qualification en alternance\",\"breadcrumb\":{\"@id\":\"https:\\\/\\\/cefanl.be\\\/index.php\\\/formations\\\/assistant-pharmaceutico-technique\\\/#breadcrumb\"},\"inLanguage\":\"fr-FR\",\"potentialAction\":[{\"@type\":\"ReadAction\",\"target\":[\"https:\\\/\\\/cefanl.be\\\/index.php\\\/formations\\\/assistant-pharmaceutico-technique\\\/\"]}]},{\"@type\":\"ImageObject\",\"inLanguage\":\"fr-FR\",\"@id\":\"https:\\\/\\\/cefanl.be\\\/index.php\\\/formations\\\/assistant-pharmaceutico-technique\\\/#primaryimage\",\"url\":\"https:\\\/\\\/cefanl.be\\\/wp-content\\\/uploads\\\/2026\\\/03\\\/Assitant-pharma-scaled.png\",\"contentUrl\":\"https:\\\/\\\/cefanl.be\\\/wp-content\\\/uploads\\\/2026\\\/03\\\/Assitant-pharma-scaled.png\",\"width\":2560,\"height\":1280,\"caption\":\"Assistant en pharmacie\"},{\"@type\":\"BreadcrumbList\",\"@id\":\"https:\\\/\\\/cefanl.be\\\/index.php\\\/formations\\\/assistant-pharmaceutico-technique\\\/#breadcrumb\",\"itemListElement\":[{\"@type\":\"ListItem\",\"position\":1,\"name\":\"Accueil\",\"item\":\"https:\\\/\\\/cefanl.be\\\/\"},{\"@type\":\"ListItem\",\"position\":2,\"name\":\"FORMATIONS CEFA\",\"item\":\"https:\\\/\\\/cefanl.be\\\/index.php\\\/formations\\\/\"},{\"@type\":\"ListItem\",\"position\":3,\"name\":\"Assistant Pharmaceutico-technique\"}]},{\"@type\":\"WebSite\",\"@id\":\"https:\\\/\\\/cefanl.be\\\/#website\",\"url\":\"https:\\\/\\\/cefanl.be\\\/\",\"name\":\"CEFA Nord-Luxembourg\",\"description\":\"Bastogne - Bomal - Aywaille - Erez\u00e9e - Vielsalm\",\"publisher\":{\"@id\":\"https:\\\/\\\/cefanl.be\\\/#organization\"},\"potentialAction\":[{\"@type\":\"SearchAction\",\"target\":{\"@type\":\"EntryPoint\",\"urlTemplate\":\"https:\\\/\\\/cefanl.be\\\/?s={search_term_string}\"},\"query-input\":{\"@type\":\"PropertyValueSpecification\",\"valueRequired\":true,\"valueName\":\"search_term_string\"}}],\"inLanguage\":\"fr-FR\"},{\"@type\":\"Organization\",\"@id\":\"https:\\\/\\\/cefanl.be\\\/#organization\",\"name\":\"CEFA Nord-Luxembourg\",\"url\":\"https:\\\/\\\/cefanl.be\\\/\",\"logo\":{\"@type\":\"ImageObject\",\"inLanguage\":\"fr-FR\",\"@id\":\"https:\\\/\\\/cefanl.be\\\/#\\\/schema\\\/logo\\\/image\\\/\",\"url\":\"https:\\\/\\\/cefanl.be\\\/wp-content\\\/uploads\\\/2024\\\/08\\\/cropped-Logo-CEFA-TOUS-ARBH-ARMB-ARAY-Erezee-ARMV-ICET-202.jpg\",\"contentUrl\":\"https:\\\/\\\/cefanl.be\\\/wp-content\\\/uploads\\\/2024\\\/08\\\/cropped-Logo-CEFA-TOUS-ARBH-ARMB-ARAY-Erezee-ARMV-ICET-202.jpg\",\"width\":643,\"height\":526,\"caption\":\"CEFA Nord-Luxembourg\"},\"image\":{\"@id\":\"https:\\\/\\\/cefanl.be\\\/#\\\/schema\\\/logo\\\/image\\\/\"},\"sameAs\":[\"https:\\\/\\\/www.facebook.com\\\/CEFA.Bastogne.Bomal.Aywaille.Erezee\\\/\"]}]}<\/script>\n<!-- \/ Yoast SEO plugin. -->","yoast_head_json":{"title":"Assistant Pharmaceutico-technique - CEFA Nord-Luxembourg","description":"Formation en Assistant pharmacie d\u00e8s la 4\u00e8me ann\u00e9e de l'enseignement secondaire de technique de qualification en alternance","robots":{"index":"index","follow":"follow","max-snippet":"max-snippet:-1","max-image-preview":"max-image-preview:large","max-video-preview":"max-video-preview:-1"},"canonical":"https:\/\/cefanl.be\/index.php\/formations\/assistant-pharmaceutico-technique\/","og_locale":"fr_FR","og_type":"article","og_title":"Assistant Pharmaceutico-technique - CEFA Nord-Luxembourg","og_description":"Formation en Assistant pharmacie d\u00e8s la 4\u00e8me ann\u00e9e de l'enseignement secondaire de technique de qualification en alternance","og_url":"https:\/\/cefanl.be\/index.php\/formations\/assistant-pharmaceutico-technique\/","og_site_name":"CEFA Nord-Luxembourg","article_publisher":"https:\/\/www.facebook.com\/CEFA.Bastogne.Bomal.Aywaille.Erezee\/","article_modified_time":"2026-04-03T08:23:09+00:00","og_image":[{"width":1024,"height":512,"url":"https:\/\/cefanl.be\/wp-content\/uploads\/2026\/03\/Assitant-pharma-1024x512.png","type":"image\/png"}],"twitter_card":"summary_large_image","twitter_misc":{"Dur\u00e9e de lecture estim\u00e9e":"3 minutes"},"schema":{"@context":"https:\/\/schema.org","@graph":[{"@type":"WebPage","@id":"https:\/\/cefanl.be\/index.php\/formations\/assistant-pharmaceutico-technique\/","url":"https:\/\/cefanl.be\/index.php\/formations\/assistant-pharmaceutico-technique\/","name":"Assistant Pharmaceutico-technique - CEFA Nord-Luxembourg","isPartOf":{"@id":"https:\/\/cefanl.be\/#website"},"primaryImageOfPage":{"@id":"https:\/\/cefanl.be\/index.php\/formations\/assistant-pharmaceutico-technique\/#primaryimage"},"image":{"@id":"https:\/\/cefanl.be\/index.php\/formations\/assistant-pharmaceutico-technique\/#primaryimage"},"thumbnailUrl":"https:\/\/cefanl.be\/wp-content\/uploads\/2026\/03\/Assitant-pharma-scaled.png","datePublished":"2026-03-23T15:30:18+00:00","dateModified":"2026-04-03T08:23:09+00:00","description":"Formation en Assistant pharmacie d\u00e8s la 4\u00e8me ann\u00e9e de l'enseignement secondaire de technique de qualification en alternance","breadcrumb":{"@id":"https:\/\/cefanl.be\/index.php\/formations\/assistant-pharmaceutico-technique\/#breadcrumb"},"inLanguage":"fr-FR","potentialAction":[{"@type":"ReadAction","target":["https:\/\/cefanl.be\/index.php\/formations\/assistant-pharmaceutico-technique\/"]}]},{"@type":"ImageObject","inLanguage":"fr-FR","@id":"https:\/\/cefanl.be\/index.php\/formations\/assistant-pharmaceutico-technique\/#primaryimage","url":"https:\/\/cefanl.be\/wp-content\/uploads\/2026\/03\/Assitant-pharma-scaled.png","contentUrl":"https:\/\/cefanl.be\/wp-content\/uploads\/2026\/03\/Assitant-pharma-scaled.png","width":2560,"height":1280,"caption":"Assistant en pharmacie"},{"@type":"BreadcrumbList","@id":"https:\/\/cefanl.be\/index.php\/formations\/assistant-pharmaceutico-technique\/#breadcrumb","itemListElement":[{"@type":"ListItem","position":1,"name":"Accueil","item":"https:\/\/cefanl.be\/"},{"@type":"ListItem","position":2,"name":"FORMATIONS CEFA","item":"https:\/\/cefanl.be\/index.php\/formations\/"},{"@type":"ListItem","position":3,"name":"Assistant Pharmaceutico-technique"}]},{"@type":"WebSite","@id":"https:\/\/cefanl.be\/#website","url":"https:\/\/cefanl.be\/","name":"CEFA Nord-Luxembourg","description":"Bastogne - Bomal - Aywaille - Erez\u00e9e - Vielsalm","publisher":{"@id":"https:\/\/cefanl.be\/#organization"},"potentialAction":[{"@type":"SearchAction","target":{"@type":"EntryPoint","urlTemplate":"https:\/\/cefanl.be\/?s={search_term_string}"},"query-input":{"@type":"PropertyValueSpecification","valueRequired":true,"valueName":"search_term_string"}}],"inLanguage":"fr-FR"},{"@type":"Organization","@id":"https:\/\/cefanl.be\/#organization","name":"CEFA Nord-Luxembourg","url":"https:\/\/cefanl.be\/","logo":{"@type":"ImageObject","inLanguage":"fr-FR","@id":"https:\/\/cefanl.be\/#\/schema\/logo\/image\/","url":"https:\/\/cefanl.be\/wp-content\/uploads\/2024\/08\/cropped-Logo-CEFA-TOUS-ARBH-ARMB-ARAY-Erezee-ARMV-ICET-202.jpg","contentUrl":"https:\/\/cefanl.be\/wp-content\/uploads\/2024\/08\/cropped-Logo-CEFA-TOUS-ARBH-ARMB-ARAY-Erezee-ARMV-ICET-202.jpg","width":643,"height":526,"caption":"CEFA Nord-Luxembourg"},"image":{"@id":"https:\/\/cefanl.be\/#\/schema\/logo\/image\/"},"sameAs":["https:\/\/www.facebook.com\/CEFA.Bastogne.Bomal.Aywaille.Erezee\/"]}]}},"uagb_featured_image_src":{"full":["https:\/\/cefanl.be\/wp-content\/uploads\/2026\/03\/Assitant-pharma-scaled.png",2560,1280,false],"thumbnail":["https:\/\/cefanl.be\/wp-content\/uploads\/2026\/03\/Assitant-pharma-scaled.png",150,150,true],"medium":["https:\/\/cefanl.be\/wp-content\/uploads\/2026\/03\/Assitant-pharma-scaled.png",300,150,true],"medium_large":["https:\/\/cefanl.be\/wp-content\/uploads\/2026\/03\/Assitant-pharma-scaled.png",768,384,true],"large":["https:\/\/cefanl.be\/wp-content\/uploads\/2026\/03\/Assitant-pharma-scaled.png",1024,512,true],"etfrtb_logo":["https:\/\/cefanl.be\/wp-content\/uploads\/2026\/03\/Assitant-pharma-scaled.png",200,100,true],"1536x1536":["https:\/\/cefanl.be\/wp-content\/uploads\/2026\/03\/Assitant-pharma-scaled.png",1536,768,true],"2048x2048":["https:\/\/cefanl.be\/wp-content\/uploads\/2026\/03\/Assitant-pharma-scaled.png",2048,1024,true],"tc-grid-full":["https:\/\/cefanl.be\/wp-content\/uploads\/2026\/03\/Assitant-pharma-scaled.png",1110,444,true],"tc-grid":["https:\/\/cefanl.be\/wp-content\/uploads\/2026\/03\/Assitant-pharma-scaled.png",570,350,true],"tc-thumb":["https:\/\/cefanl.be\/wp-content\/uploads\/2026\/03\/Assitant-pharma-scaled.png",270,250,true],"slider-full":["https:\/\/cefanl.be\/wp-content\/uploads\/2026\/03\/Assitant-pharma-scaled.png",4608,500,true],"slider":["https:\/\/cefanl.be\/wp-content\/uploads\/2026\/03\/Assitant-pharma-scaled.png",1110,500,true],"tc-sq-thumb":["https:\/\/cefanl.be\/wp-content\/uploads\/2026\/03\/Assitant-pharma-scaled.png",510,510,true],"tc-ws-thumb":["https:\/\/cefanl.be\/wp-content\/uploads\/2026\/03\/Assitant-pharma-scaled.png",1110,624,true],"tc-ws-small-thumb":["https:\/\/cefanl.be\/wp-content\/uploads\/2026\/03\/Assitant-pharma-scaled.png",528,297,true],"tc-slider-small":["https:\/\/cefanl.be\/wp-content\/uploads\/2026\/03\/Assitant-pharma-scaled.png",517,235,true]},"uagb_author_info":{"display_name":"Geoffrey Plat\u00e9us","author_link":"https:\/\/cefanl.be\/index.php\/author\/admin2186\/"},"uagb_comment_info":0,"uagb_excerpt":"Lieux de formation M\u00e9tier de l&rsquo;Assistant(e) pharmaceutico-technique L\u2019assistant(e) pharmaceutico-technique&nbsp;travaille g\u00e9n\u00e9ralement dans une officine sous la responsabilit\u00e9 et le contr\u00f4le du pharmacien. Il \/ elle d\u00e9livre des produits \u00e0 usage pharmaceutique, parapharmaceutique et v\u00e9t\u00e9rinaire, ainsi que des dispositifs m\u00e9dicaux. Il ex\u00e9cute des pr\u00e9parations magistrales ou officinales. Dans le cadre d\u2019une officine, il est en contact permanent\u2026","jetpack_sharing_enabled":true,"_links":{"self":[{"href":"https:\/\/cefanl.be\/index.php\/wp-json\/wp\/v2\/pages\/5071","targetHints":{"allow":["GET"]}}],"collection":[{"href":"https:\/\/cefanl.be\/index.php\/wp-json\/wp\/v2\/pages"}],"about":[{"href":"https:\/\/cefanl.be\/index.php\/wp-json\/wp\/v2\/types\/page"}],"author":[{"embeddable":true,"href":"https:\/\/cefanl.be\/index.php\/wp-json\/wp\/v2\/users\/1"}],"replies":[{"embeddable":true,"href":"https:\/\/cefanl.be\/index.php\/wp-json\/wp\/v2\/comments?post=5071"}],"version-history":[{"count":2,"href":"https:\/\/cefanl.be\/index.php\/wp-json\/wp\/v2\/pages\/5071\/revisions"}],"predecessor-version":[{"id":5138,"href":"https:\/\/cefanl.be\/index.php\/wp-json\/wp\/v2\/pages\/5071\/revisions\/5138"}],"up":[{"embeddable":true,"href":"https:\/\/cefanl.be\/index.php\/wp-json\/wp\/v2\/pages\/39"}],"wp:featuredmedia":[{"embeddable":true,"href":"https:\/\/cefanl.be\/index.php\/wp-json\/wp\/v2\/media\/5072"}],"wp:attachment":[{"href":"https:\/\/cefanl.be\/index.php\/wp-json\/wp\/v2\/media?parent=5071"}],"curies":[{"name":"wp","href":"https:\/\/api.w.org\/{rel}","templated":true}]}}