{"id":5065,"date":"2026-03-23T15:52:44","date_gmt":"2026-03-23T14:52:44","guid":{"rendered":"https:\/\/cefanl.be\/?page_id=5065"},"modified":"2026-03-23T15:58:58","modified_gmt":"2026-03-23T14:58:58","slug":"technicien-technicienne-informatique","status":"publish","type":"page","link":"https:\/\/cefanl.be\/index.php\/formations\/technicien-technicienne-informatique\/","title":{"rendered":"Technicien \/ Technicienne Informatique"},"content":{"rendered":"\n<figure class=\"wp-block-image size-large\"><img loading=\"lazy\" decoding=\"async\" width=\"1024\" height=\"384\" src=\"https:\/\/cefanl.be\/wp-content\/uploads\/2026\/03\/Technicien-en-informatique-1024x384.png\" alt=\"Technicien(ne) en informatique\" class=\"wp-image-5066\" srcset=\"https:\/\/cefanl.be\/wp-content\/uploads\/2026\/03\/Technicien-en-informatique-scaled.png 1024w, https:\/\/cefanl.be\/wp-content\/uploads\/2026\/03\/Technicien-en-informatique-scaled.png 300w, https:\/\/cefanl.be\/wp-content\/uploads\/2026\/03\/Technicien-en-informatique-scaled.png 768w, https:\/\/cefanl.be\/wp-content\/uploads\/2026\/03\/Technicien-en-informatique-scaled.png 200w, https:\/\/cefanl.be\/wp-content\/uploads\/2026\/03\/Technicien-en-informatique-scaled.png 1536w, https:\/\/cefanl.be\/wp-content\/uploads\/2026\/03\/Technicien-en-informatique-scaled.png 2048w, https:\/\/cefanl.be\/wp-content\/uploads\/2026\/03\/Technicien-en-informatique-scaled.png 2280w\" sizes=\"auto, (max-width: 1024px) 100vw, 1024px\" \/><\/figure>\n\n\n\n<h3 class=\"wp-block-heading has-vivid-red-color has-text-color\">Lieux de formation<\/h3>\n\n\n\n<section class=\"wp-block-uagb-columns uagb-columns__wrap uagb-columns__background-none uagb-columns__stack-mobile uagb-columns__valign- uagb-columns__gap-10 align uagb-block-28e976ce uagb-columns__columns-4 uagb-columns__max_width-theme\"><div class=\"uagb-columns__overlay\"><\/div><div class=\"uagb-columns__inner-wrap uagb-columns__columns-4\">\n<div class=\"wp-block-uagb-column uagb-column__wrap uagb-column__background-undefined uagb-block-acfdf2ae\"><div class=\"uagb-column__overlay\"><\/div>\n<div class=\"wp-block-uagb-image uagb-block-0737279c wp-block-uagb-image--layout-default wp-block-uagb-image--effect-zoomin wp-block-uagb-image--align-none\"><figure class=\"wp-block-uagb-image__figure\"><a class=\"\" href=\"https:\/\/cefanl.be\/index.php\/implantations\/cefa-bastogne\/\" target=\"\" rel=\"noopener\"><img decoding=\"async\" srcset=\"https:\/\/cefanl.be\/wp-content\/uploads\/2017\/12\/cropped-Logo-CEFA-Nord-Luxembourg-ARBH-Bastogne-2012-transparent.png \" sizes=\"auto, (max-width: 480px) 150px\" src=\"https:\/\/cefanl.be\/wp-content\/uploads\/2017\/12\/cropped-Logo-CEFA-Nord-Luxembourg-ARBH-Bastogne-2012-transparent.png\" alt=\"\" class=\"uag-image-14\" width=\"305\" height=\"250\" title=\"\" loading=\"lazy\" role=\"img\"\/><\/a><figcaption class=\"uagb-image-caption\"><a href=\"https:\/\/cefanl.be\/index.php\/implantations\/cefa-bastogne\/\">BASTOGNE<\/a><\/figcaption><\/figure><\/div>\n<\/div>\n\n\n\n<div class=\"wp-block-uagb-column uagb-column__wrap uagb-column__background-undefined uagb-block-58564b72\"><div class=\"uagb-column__overlay\"><\/div><\/div>\n\n\n\n<div class=\"wp-block-uagb-column uagb-column__wrap uagb-column__background-undefined uagb-block-bd74f25d\"><div class=\"uagb-column__overlay\"><\/div><\/div>\n\n\n\n<div class=\"wp-block-uagb-column uagb-column__wrap uagb-column__background-undefined uagb-block-a6815dd4\"><div class=\"uagb-column__overlay\"><\/div><\/div>\n<\/div><\/section>\n\n\n\n<div class=\"wp-block-group\"><div class=\"wp-block-group__inner-container is-layout-flow wp-block-group-is-layout-flow\">\n<h3 class=\"wp-block-heading has-vivid-red-color has-text-color\">M\u00e9tier du (de la) Technicien(ne) en informatique<\/h3>\n\n\n\n<p>Le technicien \/ La technicienne en informatique intervient sur des ensembles li\u00e9s \u00e0 la micro-informatique et aux r\u00e9seaux d&rsquo;ordinateurs, tant au niveau logiciel que mat\u00e9riel : installation \/ d\u00e9sinstallation, modification et connexion d&rsquo;\u00e9quipements informatiques. <\/p>\n\n\n\n<p>Il \/ elle sera aussi une personne de communication capable d&rsquo;\u00e9changer des informations \u00e0 caract\u00e8re technique. Le technicien \/ la technicienne en informatique veillera \u00e0 respecter les r\u00e8gles de d\u00e9ontologie professionnelle (respect du secret professionnel, de la confidentialit\u00e9, \u2026).<\/p>\n<\/div><\/div>\n\n\n\n<div class=\"wp-block-group\"><div class=\"wp-block-group__inner-container is-layout-flow wp-block-group-is-layout-flow\">\n<h3 class=\"wp-block-heading has-vivid-red-color has-text-color\">Activit\u00e9s<\/h3>\n\n\n\n<ul class=\"wp-block-list\">\n<li>montage et mise en service d&rsquo;un syst\u00e8me informatique sur le site de l&rsquo;entreprise ou chez le client,<\/li>\n\n\n\n<li>maintenance, diagnostic de pannes et interventions techniques,<\/li>\n\n\n\n<li>conseil, formation et assistance technique,<\/li>\n\n\n\n<li>support aux utilisateurs (helpdesk).<\/li>\n<\/ul>\n<\/div><\/div>\n\n\n\n<h3 class=\"wp-block-heading has-vivid-red-color has-text-color has-link-color wp-elements-63f9337cc54a519ae12c02eeadcf3f2e\">Grille horaire<\/h3>\n\n\n\n<figure class=\"wp-block-table has-small-font-size\"><table class=\"has-vivid-red-color has-text-color has-link-color\"><thead><tr><th class=\"has-text-align-left\" data-align=\"left\">Cours<\/th><th class=\"has-text-align-left\" data-align=\"left\">4TQ<\/th><th class=\"has-text-align-left\" data-align=\"left\">5TQ<\/th><th class=\"has-text-align-left\" data-align=\"left\">6TQ<\/th><\/tr><\/thead><tbody><tr><td class=\"has-text-align-left\" data-align=\"left\"><strong>FORMATION COMMUNE<\/strong><\/td><td class=\"has-text-align-left\" data-align=\"left\"><strong>12<\/strong><\/td><td class=\"has-text-align-left\" data-align=\"left\"><strong>13<\/strong><\/td><td class=\"has-text-align-left\" data-align=\"left\"><strong>13<\/strong><\/td><\/tr><tr><td class=\"has-text-align-left\" data-align=\"left\">Fran\u00e7ais<\/td><td class=\"has-text-align-left\" data-align=\"left\">4<\/td><td class=\"has-text-align-left\" data-align=\"left\">3<\/td><td class=\"has-text-align-left\" data-align=\"left\">3<\/td><\/tr><tr><td class=\"has-text-align-left\" data-align=\"left\">Math\u00e9matique<\/td><td class=\"has-text-align-left\" data-align=\"left\">2<\/td><td class=\"has-text-align-left\" data-align=\"left\">2<\/td><td class=\"has-text-align-left\" data-align=\"left\">2<\/td><\/tr><tr><td class=\"has-text-align-left\" data-align=\"left\">G\u00e9ographie<\/td><td class=\"has-text-align-left\" data-align=\"left\">1<\/td><td class=\"has-text-align-left\" data-align=\"left\">1<\/td><td class=\"has-text-align-left\" data-align=\"left\">1<\/td><\/tr><tr><td class=\"has-text-align-left\" data-align=\"left\">Histoire<\/td><td class=\"has-text-align-left\" data-align=\"left\">1<\/td><td class=\"has-text-align-left\" data-align=\"left\">1<\/td><td class=\"has-text-align-left\" data-align=\"left\">1<\/td><\/tr><tr><td class=\"has-text-align-left\" data-align=\"left\">Formation sociale et \u00e9conomique<\/td><td class=\"has-text-align-left\" data-align=\"left\">0<\/td><td class=\"has-text-align-left\" data-align=\"left\">2<\/td><td class=\"has-text-align-left\" data-align=\"left\">2<\/td><\/tr><tr><td class=\"has-text-align-left\" data-align=\"left\">Formation scientifique<\/td><td class=\"has-text-align-left\" data-align=\"left\">2<\/td><td class=\"has-text-align-left\" data-align=\"left\">2<\/td><td class=\"has-text-align-left\" data-align=\"left\">2<\/td><\/tr><tr><td class=\"has-text-align-left\" data-align=\"left\">Langue moderne I : Anglais<\/td><td class=\"has-text-align-left\" data-align=\"left\">2<\/td><td class=\"has-text-align-left\" data-align=\"left\">2<\/td><td class=\"has-text-align-left\" data-align=\"left\">2<\/td><\/tr><tr><td class=\"has-text-align-left\" data-align=\"left\"><strong>OPTION DE BASE GROUP\u00c9E<\/strong><\/td><td class=\"has-text-align-left\" data-align=\"left\"><strong>3<\/strong><\/td><td class=\"has-text-align-left\" data-align=\"left\"><strong>3<\/strong><\/td><td class=\"has-text-align-left\" data-align=\"left\"><strong>3<\/strong><\/td><\/tr><tr><td class=\"has-text-align-left\" data-align=\"left\"><strong>Technicien(ne) en informatique<\/strong><\/td><td class=\"has-text-align-left\" data-align=\"left\"><\/td><td class=\"has-text-align-left\" data-align=\"left\"><\/td><td class=\"has-text-align-left\" data-align=\"left\"><\/td><\/tr><tr><td class=\"has-text-align-left\" data-align=\"left\">Cours techniques<\/td><td class=\"has-text-align-left\" data-align=\"left\">3<\/td><td class=\"has-text-align-left\" data-align=\"left\">3<\/td><td class=\"has-text-align-left\" data-align=\"left\">3<\/td><\/tr><\/tbody><\/table><\/figure>\n\n\n\n<div class=\"wp-block-group\"><div class=\"wp-block-group__inner-container is-layout-flow wp-block-group-is-layout-flow\">\n<h3 class=\"wp-block-heading has-vivid-red-color has-text-color\">En fin de parcours, tu obtiens:<\/h3>\n\n\n\n<ul class=\"wp-block-list\">\n<li>CESS<\/li>\n\n\n\n<li>CQ6<\/li>\n<\/ul>\n<\/div><\/div>\n\n\n\n<div class=\"wp-block-group\"><div class=\"wp-block-group__inner-container is-layout-flow wp-block-group-is-layout-flow\">\n<h3 class=\"wp-block-heading has-vivid-red-color has-text-color\">Les d\u00e9bouch\u00e9s<\/h3>\n\n\n\n<ul class=\"wp-block-list\">\n<li>Organismes publics, parastataux et priv\u00e9s,<\/li>\n\n\n\n<li>Entreprises de tous types et de toutes tailles,<\/li>\n\n\n\n<li>Ind\u00e9pendant (dans le respect de la l\u00e9gislation en vigueur).<\/li>\n<\/ul>\n<\/div><\/div>\n\n\n\n<p><\/p>\n","protected":false},"excerpt":{"rendered":"<p>Lieux de formation M\u00e9tier du (de la) Technicien(ne) en informatique Le technicien \/ La technicienne en informatique intervient sur des ensembles li\u00e9s \u00e0 la micro-informatique et aux r\u00e9seaux d&rsquo;ordinateurs, tant au niveau logiciel que mat\u00e9riel : installation \/ d\u00e9sinstallation, modification et connexion d&rsquo;\u00e9quipements informatiques. Il \/ elle sera aussi une personne de communication capable d&rsquo;\u00e9changer [&hellip;]<\/p>\n","protected":false},"author":1,"featured_media":0,"parent":39,"menu_order":0,"comment_status":"closed","ping_status":"closed","template":"","meta":{"_uag_custom_page_level_css":"","footnotes":""},"class_list":["post-5065","page","type-page","status-publish","czr-hentry"],"yoast_head":"<!-- This site is optimized with the Yoast SEO plugin v27.3 - https:\/\/yoast.com\/product\/yoast-seo-wordpress\/ -->\n<title>Technicien \/ Technicienne Informatique - CEFA Nord-Luxembourg<\/title>\n<meta name=\"description\" content=\"Formation de Technicien(ne) en informatique d\u00e8s la 4\u00e8me ann\u00e9e de l&#039;enseignement secondaire de technique de qualification en alternance\" \/>\n<meta name=\"robots\" content=\"index, follow, max-snippet:-1, max-image-preview:large, max-video-preview:-1\" \/>\n<link rel=\"canonical\" href=\"https:\/\/cefanl.be\/index.php\/formations\/technicien-technicienne-informatique\/\" \/>\n<meta property=\"og:locale\" content=\"fr_FR\" \/>\n<meta property=\"og:type\" content=\"article\" \/>\n<meta property=\"og:title\" content=\"Technicien \/ Technicienne Informatique - CEFA Nord-Luxembourg\" \/>\n<meta property=\"og:description\" content=\"Formation de Technicien(ne) en informatique d\u00e8s la 4\u00e8me ann\u00e9e de l&#039;enseignement secondaire de technique de qualification en alternance\" \/>\n<meta property=\"og:url\" content=\"https:\/\/cefanl.be\/index.php\/formations\/technicien-technicienne-informatique\/\" \/>\n<meta property=\"og:site_name\" content=\"CEFA Nord-Luxembourg\" \/>\n<meta property=\"article:publisher\" content=\"https:\/\/www.facebook.com\/CEFA.Bastogne.Bomal.Aywaille.Erezee\/\" \/>\n<meta property=\"article:modified_time\" content=\"2026-03-23T14:58:58+00:00\" \/>\n<meta property=\"og:image\" content=\"https:\/\/cefanl.be\/wp-content\/uploads\/2026\/03\/Technicien-en-informatique-1024x384.png\" \/>\n\t<meta property=\"og:image:width\" content=\"1024\" \/>\n\t<meta property=\"og:image:height\" content=\"384\" \/>\n\t<meta property=\"og:image:type\" content=\"image\/png\" \/>\n<meta name=\"twitter:card\" content=\"summary_large_image\" \/>\n<meta name=\"twitter:label1\" content=\"Dur\u00e9e de lecture estim\u00e9e\" \/>\n\t<meta name=\"twitter:data1\" content=\"2 minutes\" \/>\n<script type=\"application\/ld+json\" class=\"yoast-schema-graph\">{\"@context\":\"https:\\\/\\\/schema.org\",\"@graph\":[{\"@type\":\"WebPage\",\"@id\":\"https:\\\/\\\/cefanl.be\\\/index.php\\\/formations\\\/technicien-technicienne-informatique\\\/\",\"url\":\"https:\\\/\\\/cefanl.be\\\/index.php\\\/formations\\\/technicien-technicienne-informatique\\\/\",\"name\":\"Technicien \\\/ Technicienne Informatique - CEFA Nord-Luxembourg\",\"isPartOf\":{\"@id\":\"https:\\\/\\\/cefanl.be\\\/#website\"},\"primaryImageOfPage\":{\"@id\":\"https:\\\/\\\/cefanl.be\\\/index.php\\\/formations\\\/technicien-technicienne-informatique\\\/#primaryimage\"},\"image\":{\"@id\":\"https:\\\/\\\/cefanl.be\\\/index.php\\\/formations\\\/technicien-technicienne-informatique\\\/#primaryimage\"},\"thumbnailUrl\":\"https:\\\/\\\/cefanl.be\\\/wp-content\\\/uploads\\\/2026\\\/03\\\/Technicien-en-informatique-1024x384.png\",\"datePublished\":\"2026-03-23T14:52:44+00:00\",\"dateModified\":\"2026-03-23T14:58:58+00:00\",\"description\":\"Formation de Technicien(ne) en informatique d\u00e8s la 4\u00e8me ann\u00e9e de l'enseignement secondaire de technique de qualification en alternance\",\"breadcrumb\":{\"@id\":\"https:\\\/\\\/cefanl.be\\\/index.php\\\/formations\\\/technicien-technicienne-informatique\\\/#breadcrumb\"},\"inLanguage\":\"fr-FR\",\"potentialAction\":[{\"@type\":\"ReadAction\",\"target\":[\"https:\\\/\\\/cefanl.be\\\/index.php\\\/formations\\\/technicien-technicienne-informatique\\\/\"]}]},{\"@type\":\"ImageObject\",\"inLanguage\":\"fr-FR\",\"@id\":\"https:\\\/\\\/cefanl.be\\\/index.php\\\/formations\\\/technicien-technicienne-informatique\\\/#primaryimage\",\"url\":\"https:\\\/\\\/cefanl.be\\\/wp-content\\\/uploads\\\/2026\\\/03\\\/Technicien-en-informatique-scaled.png\",\"contentUrl\":\"https:\\\/\\\/cefanl.be\\\/wp-content\\\/uploads\\\/2026\\\/03\\\/Technicien-en-informatique-scaled.png\",\"width\":2560,\"height\":960},{\"@type\":\"BreadcrumbList\",\"@id\":\"https:\\\/\\\/cefanl.be\\\/index.php\\\/formations\\\/technicien-technicienne-informatique\\\/#breadcrumb\",\"itemListElement\":[{\"@type\":\"ListItem\",\"position\":1,\"name\":\"Accueil\",\"item\":\"https:\\\/\\\/cefanl.be\\\/\"},{\"@type\":\"ListItem\",\"position\":2,\"name\":\"FORMATIONS CEFA\",\"item\":\"https:\\\/\\\/cefanl.be\\\/index.php\\\/formations\\\/\"},{\"@type\":\"ListItem\",\"position\":3,\"name\":\"Technicien \\\/ Technicienne Informatique\"}]},{\"@type\":\"WebSite\",\"@id\":\"https:\\\/\\\/cefanl.be\\\/#website\",\"url\":\"https:\\\/\\\/cefanl.be\\\/\",\"name\":\"CEFA Nord-Luxembourg\",\"description\":\"Bastogne - Bomal - Aywaille - Erez\u00e9e - Vielsalm\",\"publisher\":{\"@id\":\"https:\\\/\\\/cefanl.be\\\/#organization\"},\"potentialAction\":[{\"@type\":\"SearchAction\",\"target\":{\"@type\":\"EntryPoint\",\"urlTemplate\":\"https:\\\/\\\/cefanl.be\\\/?s={search_term_string}\"},\"query-input\":{\"@type\":\"PropertyValueSpecification\",\"valueRequired\":true,\"valueName\":\"search_term_string\"}}],\"inLanguage\":\"fr-FR\"},{\"@type\":\"Organization\",\"@id\":\"https:\\\/\\\/cefanl.be\\\/#organization\",\"name\":\"CEFA Nord-Luxembourg\",\"url\":\"https:\\\/\\\/cefanl.be\\\/\",\"logo\":{\"@type\":\"ImageObject\",\"inLanguage\":\"fr-FR\",\"@id\":\"https:\\\/\\\/cefanl.be\\\/#\\\/schema\\\/logo\\\/image\\\/\",\"url\":\"https:\\\/\\\/cefanl.be\\\/wp-content\\\/uploads\\\/2024\\\/08\\\/cropped-Logo-CEFA-TOUS-ARBH-ARMB-ARAY-Erezee-ARMV-ICET-202.jpg\",\"contentUrl\":\"https:\\\/\\\/cefanl.be\\\/wp-content\\\/uploads\\\/2024\\\/08\\\/cropped-Logo-CEFA-TOUS-ARBH-ARMB-ARAY-Erezee-ARMV-ICET-202.jpg\",\"width\":643,\"height\":526,\"caption\":\"CEFA Nord-Luxembourg\"},\"image\":{\"@id\":\"https:\\\/\\\/cefanl.be\\\/#\\\/schema\\\/logo\\\/image\\\/\"},\"sameAs\":[\"https:\\\/\\\/www.facebook.com\\\/CEFA.Bastogne.Bomal.Aywaille.Erezee\\\/\"]}]}<\/script>\n<!-- \/ Yoast SEO plugin. -->","yoast_head_json":{"title":"Technicien \/ Technicienne Informatique - CEFA Nord-Luxembourg","description":"Formation de Technicien(ne) en informatique d\u00e8s la 4\u00e8me ann\u00e9e de l'enseignement secondaire de technique de qualification en alternance","robots":{"index":"index","follow":"follow","max-snippet":"max-snippet:-1","max-image-preview":"max-image-preview:large","max-video-preview":"max-video-preview:-1"},"canonical":"https:\/\/cefanl.be\/index.php\/formations\/technicien-technicienne-informatique\/","og_locale":"fr_FR","og_type":"article","og_title":"Technicien \/ Technicienne Informatique - CEFA Nord-Luxembourg","og_description":"Formation de Technicien(ne) en informatique d\u00e8s la 4\u00e8me ann\u00e9e de l'enseignement secondaire de technique de qualification en alternance","og_url":"https:\/\/cefanl.be\/index.php\/formations\/technicien-technicienne-informatique\/","og_site_name":"CEFA Nord-Luxembourg","article_publisher":"https:\/\/www.facebook.com\/CEFA.Bastogne.Bomal.Aywaille.Erezee\/","article_modified_time":"2026-03-23T14:58:58+00:00","og_image":[{"width":1024,"height":384,"url":"https:\/\/cefanl.be\/wp-content\/uploads\/2026\/03\/Technicien-en-informatique-1024x384.png","type":"image\/png"}],"twitter_card":"summary_large_image","twitter_misc":{"Dur\u00e9e de lecture estim\u00e9e":"2 minutes"},"schema":{"@context":"https:\/\/schema.org","@graph":[{"@type":"WebPage","@id":"https:\/\/cefanl.be\/index.php\/formations\/technicien-technicienne-informatique\/","url":"https:\/\/cefanl.be\/index.php\/formations\/technicien-technicienne-informatique\/","name":"Technicien \/ Technicienne Informatique - CEFA Nord-Luxembourg","isPartOf":{"@id":"https:\/\/cefanl.be\/#website"},"primaryImageOfPage":{"@id":"https:\/\/cefanl.be\/index.php\/formations\/technicien-technicienne-informatique\/#primaryimage"},"image":{"@id":"https:\/\/cefanl.be\/index.php\/formations\/technicien-technicienne-informatique\/#primaryimage"},"thumbnailUrl":"https:\/\/cefanl.be\/wp-content\/uploads\/2026\/03\/Technicien-en-informatique-1024x384.png","datePublished":"2026-03-23T14:52:44+00:00","dateModified":"2026-03-23T14:58:58+00:00","description":"Formation de Technicien(ne) en informatique d\u00e8s la 4\u00e8me ann\u00e9e de l'enseignement secondaire de technique de qualification en alternance","breadcrumb":{"@id":"https:\/\/cefanl.be\/index.php\/formations\/technicien-technicienne-informatique\/#breadcrumb"},"inLanguage":"fr-FR","potentialAction":[{"@type":"ReadAction","target":["https:\/\/cefanl.be\/index.php\/formations\/technicien-technicienne-informatique\/"]}]},{"@type":"ImageObject","inLanguage":"fr-FR","@id":"https:\/\/cefanl.be\/index.php\/formations\/technicien-technicienne-informatique\/#primaryimage","url":"https:\/\/cefanl.be\/wp-content\/uploads\/2026\/03\/Technicien-en-informatique-scaled.png","contentUrl":"https:\/\/cefanl.be\/wp-content\/uploads\/2026\/03\/Technicien-en-informatique-scaled.png","width":2560,"height":960},{"@type":"BreadcrumbList","@id":"https:\/\/cefanl.be\/index.php\/formations\/technicien-technicienne-informatique\/#breadcrumb","itemListElement":[{"@type":"ListItem","position":1,"name":"Accueil","item":"https:\/\/cefanl.be\/"},{"@type":"ListItem","position":2,"name":"FORMATIONS CEFA","item":"https:\/\/cefanl.be\/index.php\/formations\/"},{"@type":"ListItem","position":3,"name":"Technicien \/ Technicienne Informatique"}]},{"@type":"WebSite","@id":"https:\/\/cefanl.be\/#website","url":"https:\/\/cefanl.be\/","name":"CEFA Nord-Luxembourg","description":"Bastogne - Bomal - Aywaille - Erez\u00e9e - Vielsalm","publisher":{"@id":"https:\/\/cefanl.be\/#organization"},"potentialAction":[{"@type":"SearchAction","target":{"@type":"EntryPoint","urlTemplate":"https:\/\/cefanl.be\/?s={search_term_string}"},"query-input":{"@type":"PropertyValueSpecification","valueRequired":true,"valueName":"search_term_string"}}],"inLanguage":"fr-FR"},{"@type":"Organization","@id":"https:\/\/cefanl.be\/#organization","name":"CEFA Nord-Luxembourg","url":"https:\/\/cefanl.be\/","logo":{"@type":"ImageObject","inLanguage":"fr-FR","@id":"https:\/\/cefanl.be\/#\/schema\/logo\/image\/","url":"https:\/\/cefanl.be\/wp-content\/uploads\/2024\/08\/cropped-Logo-CEFA-TOUS-ARBH-ARMB-ARAY-Erezee-ARMV-ICET-202.jpg","contentUrl":"https:\/\/cefanl.be\/wp-content\/uploads\/2024\/08\/cropped-Logo-CEFA-TOUS-ARBH-ARMB-ARAY-Erezee-ARMV-ICET-202.jpg","width":643,"height":526,"caption":"CEFA Nord-Luxembourg"},"image":{"@id":"https:\/\/cefanl.be\/#\/schema\/logo\/image\/"},"sameAs":["https:\/\/www.facebook.com\/CEFA.Bastogne.Bomal.Aywaille.Erezee\/"]}]}},"uagb_featured_image_src":{"full":false,"thumbnail":false,"medium":false,"medium_large":false,"large":false,"etfrtb_logo":false,"1536x1536":false,"2048x2048":false,"tc-grid-full":false,"tc-grid":false,"tc-thumb":false,"slider-full":false,"slider":false,"tc-sq-thumb":false,"tc-ws-thumb":false,"tc-ws-small-thumb":false,"tc-slider-small":false},"uagb_author_info":{"display_name":"Geoffrey Plat\u00e9us","author_link":"https:\/\/cefanl.be\/index.php\/author\/admin2186\/"},"uagb_comment_info":0,"uagb_excerpt":"Lieux de formation M\u00e9tier du (de la) Technicien(ne) en informatique Le technicien \/ La technicienne en informatique intervient sur des ensembles li\u00e9s \u00e0 la micro-informatique et aux r\u00e9seaux d&rsquo;ordinateurs, tant au niveau logiciel que mat\u00e9riel : installation \/ d\u00e9sinstallation, modification et connexion d&rsquo;\u00e9quipements informatiques. Il \/ elle sera aussi une personne de communication capable d&rsquo;\u00e9changer\u2026","jetpack_sharing_enabled":true,"_links":{"self":[{"href":"https:\/\/cefanl.be\/index.php\/wp-json\/wp\/v2\/pages\/5065","targetHints":{"allow":["GET"]}}],"collection":[{"href":"https:\/\/cefanl.be\/index.php\/wp-json\/wp\/v2\/pages"}],"about":[{"href":"https:\/\/cefanl.be\/index.php\/wp-json\/wp\/v2\/types\/page"}],"author":[{"embeddable":true,"href":"https:\/\/cefanl.be\/index.php\/wp-json\/wp\/v2\/users\/1"}],"replies":[{"embeddable":true,"href":"https:\/\/cefanl.be\/index.php\/wp-json\/wp\/v2\/comments?post=5065"}],"version-history":[{"count":1,"href":"https:\/\/cefanl.be\/index.php\/wp-json\/wp\/v2\/pages\/5065\/revisions"}],"predecessor-version":[{"id":5067,"href":"https:\/\/cefanl.be\/index.php\/wp-json\/wp\/v2\/pages\/5065\/revisions\/5067"}],"up":[{"embeddable":true,"href":"https:\/\/cefanl.be\/index.php\/wp-json\/wp\/v2\/pages\/39"}],"wp:attachment":[{"href":"https:\/\/cefanl.be\/index.php\/wp-json\/wp\/v2\/media?parent=5065"}],"curies":[{"name":"wp","href":"https:\/\/api.w.org\/{rel}","templated":true}]}}