{"id":5051,"date":"2026-03-23T13:53:49","date_gmt":"2026-03-23T12:53:49","guid":{"rendered":"https:\/\/cefanl.be\/?page_id=5051"},"modified":"2026-03-23T13:58:49","modified_gmt":"2026-03-23T12:58:49","slug":"technicien-technicienne-de-bureau","status":"publish","type":"page","link":"https:\/\/cefanl.be\/index.php\/formations\/technicien-technicienne-de-bureau\/","title":{"rendered":"Technicien \/ Technicienne de bureau"},"content":{"rendered":"\n<figure class=\"wp-block-image size-large\"><img loading=\"lazy\" decoding=\"async\" width=\"1024\" height=\"683\" src=\"https:\/\/cefanl.be\/wp-content\/uploads\/2026\/03\/Technicien-de-bureau-1024x683.png\" alt=\"\" class=\"wp-image-5054\" srcset=\"https:\/\/cefanl.be\/wp-content\/uploads\/2026\/03\/Technicien-de-bureau-scaled.png 1024w, https:\/\/cefanl.be\/wp-content\/uploads\/2026\/03\/Technicien-de-bureau-scaled.png 300w, https:\/\/cefanl.be\/wp-content\/uploads\/2026\/03\/Technicien-de-bureau-scaled.png 768w, https:\/\/cefanl.be\/wp-content\/uploads\/2026\/03\/Technicien-de-bureau-scaled.png 200w, https:\/\/cefanl.be\/wp-content\/uploads\/2026\/03\/Technicien-de-bureau-scaled.png 1536w, https:\/\/cefanl.be\/wp-content\/uploads\/2026\/03\/Technicien-de-bureau-scaled.png 2048w, https:\/\/cefanl.be\/wp-content\/uploads\/2026\/03\/Technicien-de-bureau-scaled.png 2280w\" sizes=\"auto, (max-width: 1024px) 100vw, 1024px\" \/><\/figure>\n\n\n\n<h3 class=\"wp-block-heading has-vivid-red-color has-text-color\">Lieux de formation<\/h3>\n\n\n\n<section class=\"wp-block-uagb-columns uagb-columns__wrap uagb-columns__background-none uagb-columns__stack-mobile uagb-columns__valign- uagb-columns__gap-10 align uagb-block-28e976ce uagb-columns__columns-4 uagb-columns__max_width-theme\"><div class=\"uagb-columns__overlay\"><\/div><div class=\"uagb-columns__inner-wrap uagb-columns__columns-4\">\n<div class=\"wp-block-uagb-column uagb-column__wrap uagb-column__background-undefined uagb-block-acfdf2ae\"><div class=\"uagb-column__overlay\"><\/div>\n<div class=\"wp-block-uagb-image uagb-block-0737279c wp-block-uagb-image--layout-default wp-block-uagb-image--effect-zoomin wp-block-uagb-image--align-none\"><figure class=\"wp-block-uagb-image__figure\"><a class=\"\" href=\"https:\/\/cefanl.be\/index.php\/implantations\/cefa-bastogne\/\" target=\"\" rel=\"noopener\"><img decoding=\"async\" srcset=\"https:\/\/cefanl.be\/wp-content\/uploads\/2017\/12\/cropped-Logo-CEFA-Nord-Luxembourg-ARBH-Bastogne-2012-transparent.png \" sizes=\"auto, (max-width: 480px) 150px\" src=\"https:\/\/cefanl.be\/wp-content\/uploads\/2017\/12\/cropped-Logo-CEFA-Nord-Luxembourg-ARBH-Bastogne-2012-transparent.png\" alt=\"\" class=\"uag-image-14\" width=\"305\" height=\"250\" title=\"\" loading=\"lazy\" role=\"img\"\/><\/a><figcaption class=\"uagb-image-caption\"><a href=\"https:\/\/cefanl.be\/index.php\/implantations\/cefa-bastogne\/\">BASTOGNE<\/a><\/figcaption><\/figure><\/div>\n<\/div>\n\n\n\n<div class=\"wp-block-uagb-column uagb-column__wrap uagb-column__background-undefined uagb-block-58564b72\"><div class=\"uagb-column__overlay\"><\/div><\/div>\n\n\n\n<div class=\"wp-block-uagb-column uagb-column__wrap uagb-column__background-undefined uagb-block-bd74f25d\"><div class=\"uagb-column__overlay\"><\/div><\/div>\n\n\n\n<div class=\"wp-block-uagb-column uagb-column__wrap uagb-column__background-undefined uagb-block-a6815dd4\"><div class=\"uagb-column__overlay\"><\/div><\/div>\n<\/div><\/section>\n\n\n\n<div class=\"wp-block-group\"><div class=\"wp-block-group__inner-container is-layout-flow wp-block-group-is-layout-flow\">\n<h3 class=\"wp-block-heading has-vivid-red-color has-text-color\">M\u00e9tier du (de la) Technicien(ne) de bureau<\/h3>\n\n\n\n<p>Le technicien \/ la technicienne de bureau est un \/ une employ\u00e9(e) polyvalent(e) dont les fonctions principales sont vou\u00e9es au travail administratif dans les entreprises et organisations tant priv\u00e9es que publiques. <\/p>\n\n\n\n<p>Il \/ elle s&rsquo;int\u00e8gre aux \u00e9quipes de travail de l&rsquo;organisation et est sp\u00e9cialis\u00e9(e) dans la saisie, l&rsquo;archivage et dans la gestion et le traitement des informations internes et externes de l&rsquo;organisation ou de l&rsquo;entreprise. En outre, le technicien \/ La Technicienne de bureau assure, une fonction d&rsquo;accueil et est apte \u00e0 collaborer \u00e0 la gestion comptable. <\/p>\n\n\n\n<p>Le technicien \/ La technicienne de bureau assure le suivi des t\u00e2ches qui lui sont confi\u00e9es. Il \/ elle s&rsquo;exprime couramment en fran\u00e7ais et poss\u00e8de les bases d&rsquo;au moins une autre langue couramment utilis\u00e9e dans les relations d&rsquo;affaires. <\/p>\n\n\n\n<p>Le technicien \/ la technicienne de bureau veillera \u00e0 respecter les r\u00e8gles de d\u00e9ontologie professionnelle (respect du secret professionnel, de la confidentialit\u00e9, &#8230;).<\/p>\n<\/div><\/div>\n\n\n\n<div class=\"wp-block-group\"><div class=\"wp-block-group__inner-container is-layout-flow wp-block-group-is-layout-flow\">\n<h3 class=\"wp-block-heading has-vivid-red-color has-text-color\">Activit\u00e9s<\/h3>\n\n\n\n<ul class=\"wp-block-list\">\n<li>Accueillir et renseigner les visiteurs avec courtoisie et diplomatie<\/li>\n\n\n\n<li>Recevoir, \u00e9mettre des appels t\u00e9l\u00e9phoniques en fran\u00e7ais ou dans une langue \u00e9trang\u00e8re, prendre les messages<\/li>\n\n\n\n<li>Lire le courrier, le trier et le faire parvenir aux destinataires au sein de l&rsquo;entreprise<\/li>\n\n\n\n<li>Assurer l&rsquo;envoi des courriers papiers ou \u00e9lectoniques<\/li>\n\n\n\n<li>Saisir des lettres, textes, tableaux ou documents courants \u00e0 l&rsquo;aide des outils informatiques<\/li>\n\n\n\n<li>Mettre en page les documents et assurer leur impression<\/li>\n\n\n\n<li>Classer, \u00e9tablir des dossiers et assurer leur suivi<\/li>\n\n\n\n<li>Faire des plannings, organiser des d\u00e9placements et des r\u00e9unions<\/li>\n\n\n\n<li>Prendre des notes, manuscrites ou non, sous la dict\u00e9e<\/li>\n\n\n\n<li>Compl\u00e9ter des formulaires courants en langue \u00e9trang\u00e8re<\/li>\n<\/ul>\n<\/div><\/div>\n\n\n\n<h3 class=\"wp-block-heading has-vivid-red-color has-text-color has-link-color wp-elements-63f9337cc54a519ae12c02eeadcf3f2e\">Grille horaire<\/h3>\n\n\n\n<figure class=\"wp-block-table has-small-font-size\"><table class=\"has-vivid-red-color has-text-color has-link-color\"><thead><tr><th class=\"has-text-align-left\" data-align=\"left\">Cours<\/th><th class=\"has-text-align-left\" data-align=\"left\">4TQ<\/th><th class=\"has-text-align-left\" data-align=\"left\">5TQ<\/th><th class=\"has-text-align-left\" data-align=\"left\">6TQ<\/th><\/tr><\/thead><tbody><tr><td class=\"has-text-align-left\" data-align=\"left\"><strong>FORMATION COMMUNE<\/strong><\/td><td class=\"has-text-align-left\" data-align=\"left\"><strong>12<\/strong><\/td><td class=\"has-text-align-left\" data-align=\"left\"><strong>13<\/strong><\/td><td class=\"has-text-align-left\" data-align=\"left\"><strong>13<\/strong><\/td><\/tr><tr><td class=\"has-text-align-left\" data-align=\"left\">Fran\u00e7ais<\/td><td class=\"has-text-align-left\" data-align=\"left\">4<\/td><td class=\"has-text-align-left\" data-align=\"left\">3<\/td><td class=\"has-text-align-left\" data-align=\"left\">3<\/td><\/tr><tr><td class=\"has-text-align-left\" data-align=\"left\">Math\u00e9matique<\/td><td class=\"has-text-align-left\" data-align=\"left\">2<\/td><td class=\"has-text-align-left\" data-align=\"left\">2<\/td><td class=\"has-text-align-left\" data-align=\"left\">2<\/td><\/tr><tr><td class=\"has-text-align-left\" data-align=\"left\">G\u00e9ographie<\/td><td class=\"has-text-align-left\" data-align=\"left\">1<\/td><td class=\"has-text-align-left\" data-align=\"left\">1<\/td><td class=\"has-text-align-left\" data-align=\"left\">1<\/td><\/tr><tr><td class=\"has-text-align-left\" data-align=\"left\">Histoire<\/td><td class=\"has-text-align-left\" data-align=\"left\">1<\/td><td class=\"has-text-align-left\" data-align=\"left\">1<\/td><td class=\"has-text-align-left\" data-align=\"left\">1<\/td><\/tr><tr><td class=\"has-text-align-left\" data-align=\"left\">Formation sociale et \u00e9conomique<\/td><td class=\"has-text-align-left\" data-align=\"left\">0<\/td><td class=\"has-text-align-left\" data-align=\"left\">2<\/td><td class=\"has-text-align-left\" data-align=\"left\">2<\/td><\/tr><tr><td class=\"has-text-align-left\" data-align=\"left\">Formation scientifique<\/td><td class=\"has-text-align-left\" data-align=\"left\">2<\/td><td class=\"has-text-align-left\" data-align=\"left\">2<\/td><td class=\"has-text-align-left\" data-align=\"left\">2<\/td><\/tr><tr><td class=\"has-text-align-left\" data-align=\"left\">Langue moderne I : Anglais<\/td><td class=\"has-text-align-left\" data-align=\"left\">2<\/td><td class=\"has-text-align-left\" data-align=\"left\">2<\/td><td class=\"has-text-align-left\" data-align=\"left\">2<\/td><\/tr><tr><td class=\"has-text-align-left\" data-align=\"left\"><strong>OPTION DE BASE GROUP\u00c9E<\/strong><\/td><td class=\"has-text-align-left\" data-align=\"left\"><strong>3<\/strong><\/td><td class=\"has-text-align-left\" data-align=\"left\"><strong>3<\/strong><\/td><td class=\"has-text-align-left\" data-align=\"left\"><strong>3<\/strong><\/td><\/tr><tr><td class=\"has-text-align-left\" data-align=\"left\"><strong>Gestionnaire en Logistique et Transport<\/strong><\/td><td class=\"has-text-align-left\" data-align=\"left\"><\/td><td class=\"has-text-align-left\" data-align=\"left\"><\/td><td class=\"has-text-align-left\" data-align=\"left\"><\/td><\/tr><tr><td class=\"has-text-align-left\" data-align=\"left\">Cours techniques<\/td><td class=\"has-text-align-left\" data-align=\"left\">3<\/td><td class=\"has-text-align-left\" data-align=\"left\">3<\/td><td class=\"has-text-align-left\" data-align=\"left\">3<\/td><\/tr><\/tbody><\/table><\/figure>\n\n\n\n<div class=\"wp-block-group\"><div class=\"wp-block-group__inner-container is-layout-flow wp-block-group-is-layout-flow\">\n<h3 class=\"wp-block-heading has-vivid-red-color has-text-color\">En fin de parcours, tu obtiens:<\/h3>\n\n\n\n<ul class=\"wp-block-list\">\n<li>CESS<\/li>\n\n\n\n<li>CQ6<\/li>\n<\/ul>\n<\/div><\/div>\n\n\n\n<div class=\"wp-block-group\"><div class=\"wp-block-group__inner-container is-layout-flow wp-block-group-is-layout-flow\">\n<h3 class=\"wp-block-heading has-vivid-red-color has-text-color\">Les d\u00e9bouch\u00e9s<\/h3>\n\n\n\n<ul class=\"wp-block-list\">\n<li>Services administratifs et de gestion dans des entreprises priv\u00e9es de tout type et de toute dimension ; <\/li>\n\n\n\n<li>Services publics ;<\/li>\n\n\n\n<li>Administrations ; <\/li>\n\n\n\n<li>Organisations de tout type: ASBL, secr\u00e9tariat social, &#8230;<\/li>\n<\/ul>\n<\/div><\/div>\n\n\n\n<p><\/p>\n","protected":false},"excerpt":{"rendered":"<p>Lieux de formation M\u00e9tier du (de la) Technicien(ne) de bureau Le technicien \/ la technicienne de bureau est un \/ une employ\u00e9(e) polyvalent(e) dont les fonctions principales sont vou\u00e9es au travail administratif dans les entreprises et organisations tant priv\u00e9es que publiques. Il \/ elle s&rsquo;int\u00e8gre aux \u00e9quipes de travail de l&rsquo;organisation et est sp\u00e9cialis\u00e9(e) dans [&hellip;]<\/p>\n","protected":false},"author":1,"featured_media":5054,"parent":39,"menu_order":0,"comment_status":"closed","ping_status":"closed","template":"","meta":{"_uag_custom_page_level_css":"","footnotes":""},"class_list":["post-5051","page","type-page","status-publish","has-post-thumbnail","czr-hentry"],"yoast_head":"<!-- This site is optimized with the Yoast SEO plugin v27.3 - https:\/\/yoast.com\/product\/yoast-seo-wordpress\/ -->\n<title>Technicien \/ Technicienne de bureau - CEFA Nord-Luxembourg<\/title>\n<meta name=\"description\" content=\"Formation de Technicien(ne) de bureau \u00e0 partir de la 4\u00e8me ann\u00e9e de l&#039;enseignement secondaire de technique de qualification en alternance\" \/>\n<meta name=\"robots\" content=\"index, follow, max-snippet:-1, max-image-preview:large, max-video-preview:-1\" \/>\n<link rel=\"canonical\" href=\"https:\/\/cefanl.be\/index.php\/formations\/technicien-technicienne-de-bureau\/\" \/>\n<meta property=\"og:locale\" content=\"fr_FR\" \/>\n<meta property=\"og:type\" content=\"article\" \/>\n<meta property=\"og:title\" content=\"Technicien \/ Technicienne de bureau - CEFA Nord-Luxembourg\" \/>\n<meta property=\"og:description\" content=\"Formation de Technicien(ne) de bureau \u00e0 partir de la 4\u00e8me ann\u00e9e de l&#039;enseignement secondaire de technique de qualification en alternance\" \/>\n<meta property=\"og:url\" content=\"https:\/\/cefanl.be\/index.php\/formations\/technicien-technicienne-de-bureau\/\" \/>\n<meta property=\"og:site_name\" content=\"CEFA Nord-Luxembourg\" \/>\n<meta property=\"article:publisher\" content=\"https:\/\/www.facebook.com\/CEFA.Bastogne.Bomal.Aywaille.Erezee\/\" \/>\n<meta property=\"article:modified_time\" content=\"2026-03-23T12:58:49+00:00\" \/>\n<meta property=\"og:image\" content=\"https:\/\/cefanl.be\/wp-content\/uploads\/2026\/03\/Technicien-de-bureau-1024x683.png\" \/>\n\t<meta property=\"og:image:width\" content=\"1024\" \/>\n\t<meta property=\"og:image:height\" content=\"683\" \/>\n\t<meta property=\"og:image:type\" content=\"image\/png\" \/>\n<meta name=\"twitter:card\" content=\"summary_large_image\" \/>\n<meta name=\"twitter:label1\" content=\"Dur\u00e9e de lecture estim\u00e9e\" \/>\n\t<meta name=\"twitter:data1\" content=\"3 minutes\" \/>\n<script type=\"application\/ld+json\" class=\"yoast-schema-graph\">{\"@context\":\"https:\\\/\\\/schema.org\",\"@graph\":[{\"@type\":\"WebPage\",\"@id\":\"https:\\\/\\\/cefanl.be\\\/index.php\\\/formations\\\/technicien-technicienne-de-bureau\\\/\",\"url\":\"https:\\\/\\\/cefanl.be\\\/index.php\\\/formations\\\/technicien-technicienne-de-bureau\\\/\",\"name\":\"Technicien \\\/ Technicienne de bureau - CEFA Nord-Luxembourg\",\"isPartOf\":{\"@id\":\"https:\\\/\\\/cefanl.be\\\/#website\"},\"primaryImageOfPage\":{\"@id\":\"https:\\\/\\\/cefanl.be\\\/index.php\\\/formations\\\/technicien-technicienne-de-bureau\\\/#primaryimage\"},\"image\":{\"@id\":\"https:\\\/\\\/cefanl.be\\\/index.php\\\/formations\\\/technicien-technicienne-de-bureau\\\/#primaryimage\"},\"thumbnailUrl\":\"https:\\\/\\\/cefanl.be\\\/wp-content\\\/uploads\\\/2026\\\/03\\\/Technicien-de-bureau-scaled.png\",\"datePublished\":\"2026-03-23T12:53:49+00:00\",\"dateModified\":\"2026-03-23T12:58:49+00:00\",\"description\":\"Formation de Technicien(ne) de bureau \u00e0 partir de la 4\u00e8me ann\u00e9e de l'enseignement secondaire de technique de qualification en alternance\",\"breadcrumb\":{\"@id\":\"https:\\\/\\\/cefanl.be\\\/index.php\\\/formations\\\/technicien-technicienne-de-bureau\\\/#breadcrumb\"},\"inLanguage\":\"fr-FR\",\"potentialAction\":[{\"@type\":\"ReadAction\",\"target\":[\"https:\\\/\\\/cefanl.be\\\/index.php\\\/formations\\\/technicien-technicienne-de-bureau\\\/\"]}]},{\"@type\":\"ImageObject\",\"inLanguage\":\"fr-FR\",\"@id\":\"https:\\\/\\\/cefanl.be\\\/index.php\\\/formations\\\/technicien-technicienne-de-bureau\\\/#primaryimage\",\"url\":\"https:\\\/\\\/cefanl.be\\\/wp-content\\\/uploads\\\/2026\\\/03\\\/Technicien-de-bureau-scaled.png\",\"contentUrl\":\"https:\\\/\\\/cefanl.be\\\/wp-content\\\/uploads\\\/2026\\\/03\\\/Technicien-de-bureau-scaled.png\",\"width\":2560,\"height\":1706},{\"@type\":\"BreadcrumbList\",\"@id\":\"https:\\\/\\\/cefanl.be\\\/index.php\\\/formations\\\/technicien-technicienne-de-bureau\\\/#breadcrumb\",\"itemListElement\":[{\"@type\":\"ListItem\",\"position\":1,\"name\":\"Accueil\",\"item\":\"https:\\\/\\\/cefanl.be\\\/\"},{\"@type\":\"ListItem\",\"position\":2,\"name\":\"FORMATIONS CEFA\",\"item\":\"https:\\\/\\\/cefanl.be\\\/index.php\\\/formations\\\/\"},{\"@type\":\"ListItem\",\"position\":3,\"name\":\"Technicien \\\/ Technicienne de bureau\"}]},{\"@type\":\"WebSite\",\"@id\":\"https:\\\/\\\/cefanl.be\\\/#website\",\"url\":\"https:\\\/\\\/cefanl.be\\\/\",\"name\":\"CEFA Nord-Luxembourg\",\"description\":\"Bastogne - Bomal - Aywaille - Erez\u00e9e - Vielsalm\",\"publisher\":{\"@id\":\"https:\\\/\\\/cefanl.be\\\/#organization\"},\"potentialAction\":[{\"@type\":\"SearchAction\",\"target\":{\"@type\":\"EntryPoint\",\"urlTemplate\":\"https:\\\/\\\/cefanl.be\\\/?s={search_term_string}\"},\"query-input\":{\"@type\":\"PropertyValueSpecification\",\"valueRequired\":true,\"valueName\":\"search_term_string\"}}],\"inLanguage\":\"fr-FR\"},{\"@type\":\"Organization\",\"@id\":\"https:\\\/\\\/cefanl.be\\\/#organization\",\"name\":\"CEFA Nord-Luxembourg\",\"url\":\"https:\\\/\\\/cefanl.be\\\/\",\"logo\":{\"@type\":\"ImageObject\",\"inLanguage\":\"fr-FR\",\"@id\":\"https:\\\/\\\/cefanl.be\\\/#\\\/schema\\\/logo\\\/image\\\/\",\"url\":\"https:\\\/\\\/cefanl.be\\\/wp-content\\\/uploads\\\/2024\\\/08\\\/cropped-Logo-CEFA-TOUS-ARBH-ARMB-ARAY-Erezee-ARMV-ICET-202.jpg\",\"contentUrl\":\"https:\\\/\\\/cefanl.be\\\/wp-content\\\/uploads\\\/2024\\\/08\\\/cropped-Logo-CEFA-TOUS-ARBH-ARMB-ARAY-Erezee-ARMV-ICET-202.jpg\",\"width\":643,\"height\":526,\"caption\":\"CEFA Nord-Luxembourg\"},\"image\":{\"@id\":\"https:\\\/\\\/cefanl.be\\\/#\\\/schema\\\/logo\\\/image\\\/\"},\"sameAs\":[\"https:\\\/\\\/www.facebook.com\\\/CEFA.Bastogne.Bomal.Aywaille.Erezee\\\/\"]}]}<\/script>\n<!-- \/ Yoast SEO plugin. -->","yoast_head_json":{"title":"Technicien \/ Technicienne de bureau - CEFA Nord-Luxembourg","description":"Formation de Technicien(ne) de bureau \u00e0 partir de la 4\u00e8me ann\u00e9e de l'enseignement secondaire de technique de qualification en alternance","robots":{"index":"index","follow":"follow","max-snippet":"max-snippet:-1","max-image-preview":"max-image-preview:large","max-video-preview":"max-video-preview:-1"},"canonical":"https:\/\/cefanl.be\/index.php\/formations\/technicien-technicienne-de-bureau\/","og_locale":"fr_FR","og_type":"article","og_title":"Technicien \/ Technicienne de bureau - CEFA Nord-Luxembourg","og_description":"Formation de Technicien(ne) de bureau \u00e0 partir de la 4\u00e8me ann\u00e9e de l'enseignement secondaire de technique de qualification en alternance","og_url":"https:\/\/cefanl.be\/index.php\/formations\/technicien-technicienne-de-bureau\/","og_site_name":"CEFA Nord-Luxembourg","article_publisher":"https:\/\/www.facebook.com\/CEFA.Bastogne.Bomal.Aywaille.Erezee\/","article_modified_time":"2026-03-23T12:58:49+00:00","og_image":[{"width":1024,"height":683,"url":"https:\/\/cefanl.be\/wp-content\/uploads\/2026\/03\/Technicien-de-bureau-1024x683.png","type":"image\/png"}],"twitter_card":"summary_large_image","twitter_misc":{"Dur\u00e9e de lecture estim\u00e9e":"3 minutes"},"schema":{"@context":"https:\/\/schema.org","@graph":[{"@type":"WebPage","@id":"https:\/\/cefanl.be\/index.php\/formations\/technicien-technicienne-de-bureau\/","url":"https:\/\/cefanl.be\/index.php\/formations\/technicien-technicienne-de-bureau\/","name":"Technicien \/ Technicienne de bureau - CEFA Nord-Luxembourg","isPartOf":{"@id":"https:\/\/cefanl.be\/#website"},"primaryImageOfPage":{"@id":"https:\/\/cefanl.be\/index.php\/formations\/technicien-technicienne-de-bureau\/#primaryimage"},"image":{"@id":"https:\/\/cefanl.be\/index.php\/formations\/technicien-technicienne-de-bureau\/#primaryimage"},"thumbnailUrl":"https:\/\/cefanl.be\/wp-content\/uploads\/2026\/03\/Technicien-de-bureau-scaled.png","datePublished":"2026-03-23T12:53:49+00:00","dateModified":"2026-03-23T12:58:49+00:00","description":"Formation de Technicien(ne) de bureau \u00e0 partir de la 4\u00e8me ann\u00e9e de l'enseignement secondaire de technique de qualification en alternance","breadcrumb":{"@id":"https:\/\/cefanl.be\/index.php\/formations\/technicien-technicienne-de-bureau\/#breadcrumb"},"inLanguage":"fr-FR","potentialAction":[{"@type":"ReadAction","target":["https:\/\/cefanl.be\/index.php\/formations\/technicien-technicienne-de-bureau\/"]}]},{"@type":"ImageObject","inLanguage":"fr-FR","@id":"https:\/\/cefanl.be\/index.php\/formations\/technicien-technicienne-de-bureau\/#primaryimage","url":"https:\/\/cefanl.be\/wp-content\/uploads\/2026\/03\/Technicien-de-bureau-scaled.png","contentUrl":"https:\/\/cefanl.be\/wp-content\/uploads\/2026\/03\/Technicien-de-bureau-scaled.png","width":2560,"height":1706},{"@type":"BreadcrumbList","@id":"https:\/\/cefanl.be\/index.php\/formations\/technicien-technicienne-de-bureau\/#breadcrumb","itemListElement":[{"@type":"ListItem","position":1,"name":"Accueil","item":"https:\/\/cefanl.be\/"},{"@type":"ListItem","position":2,"name":"FORMATIONS CEFA","item":"https:\/\/cefanl.be\/index.php\/formations\/"},{"@type":"ListItem","position":3,"name":"Technicien \/ Technicienne de bureau"}]},{"@type":"WebSite","@id":"https:\/\/cefanl.be\/#website","url":"https:\/\/cefanl.be\/","name":"CEFA Nord-Luxembourg","description":"Bastogne - Bomal - Aywaille - Erez\u00e9e - Vielsalm","publisher":{"@id":"https:\/\/cefanl.be\/#organization"},"potentialAction":[{"@type":"SearchAction","target":{"@type":"EntryPoint","urlTemplate":"https:\/\/cefanl.be\/?s={search_term_string}"},"query-input":{"@type":"PropertyValueSpecification","valueRequired":true,"valueName":"search_term_string"}}],"inLanguage":"fr-FR"},{"@type":"Organization","@id":"https:\/\/cefanl.be\/#organization","name":"CEFA Nord-Luxembourg","url":"https:\/\/cefanl.be\/","logo":{"@type":"ImageObject","inLanguage":"fr-FR","@id":"https:\/\/cefanl.be\/#\/schema\/logo\/image\/","url":"https:\/\/cefanl.be\/wp-content\/uploads\/2024\/08\/cropped-Logo-CEFA-TOUS-ARBH-ARMB-ARAY-Erezee-ARMV-ICET-202.jpg","contentUrl":"https:\/\/cefanl.be\/wp-content\/uploads\/2024\/08\/cropped-Logo-CEFA-TOUS-ARBH-ARMB-ARAY-Erezee-ARMV-ICET-202.jpg","width":643,"height":526,"caption":"CEFA Nord-Luxembourg"},"image":{"@id":"https:\/\/cefanl.be\/#\/schema\/logo\/image\/"},"sameAs":["https:\/\/www.facebook.com\/CEFA.Bastogne.Bomal.Aywaille.Erezee\/"]}]}},"uagb_featured_image_src":{"full":["https:\/\/cefanl.be\/wp-content\/uploads\/2026\/03\/Technicien-de-bureau-scaled.png",2560,1706,false],"thumbnail":["https:\/\/cefanl.be\/wp-content\/uploads\/2026\/03\/Technicien-de-bureau-scaled.png",150,150,true],"medium":["https:\/\/cefanl.be\/wp-content\/uploads\/2026\/03\/Technicien-de-bureau-scaled.png",300,200,true],"medium_large":["https:\/\/cefanl.be\/wp-content\/uploads\/2026\/03\/Technicien-de-bureau-scaled.png",768,512,true],"large":["https:\/\/cefanl.be\/wp-content\/uploads\/2026\/03\/Technicien-de-bureau-scaled.png",1024,683,true],"etfrtb_logo":["https:\/\/cefanl.be\/wp-content\/uploads\/2026\/03\/Technicien-de-bureau-scaled.png",200,133,true],"1536x1536":["https:\/\/cefanl.be\/wp-content\/uploads\/2026\/03\/Technicien-de-bureau-scaled.png",1536,1024,true],"2048x2048":["https:\/\/cefanl.be\/wp-content\/uploads\/2026\/03\/Technicien-de-bureau-scaled.png",2048,1365,true],"tc-grid-full":["https:\/\/cefanl.be\/wp-content\/uploads\/2026\/03\/Technicien-de-bureau-scaled.png",1110,444,true],"tc-grid":["https:\/\/cefanl.be\/wp-content\/uploads\/2026\/03\/Technicien-de-bureau-scaled.png",570,350,true],"tc-thumb":["https:\/\/cefanl.be\/wp-content\/uploads\/2026\/03\/Technicien-de-bureau-scaled.png",270,250,true],"slider-full":["https:\/\/cefanl.be\/wp-content\/uploads\/2026\/03\/Technicien-de-bureau-scaled.png",3200,500,true],"slider":["https:\/\/cefanl.be\/wp-content\/uploads\/2026\/03\/Technicien-de-bureau-scaled.png",1110,500,true],"tc-sq-thumb":["https:\/\/cefanl.be\/wp-content\/uploads\/2026\/03\/Technicien-de-bureau-scaled.png",510,510,true],"tc-ws-thumb":["https:\/\/cefanl.be\/wp-content\/uploads\/2026\/03\/Technicien-de-bureau-scaled.png",1110,624,true],"tc-ws-small-thumb":["https:\/\/cefanl.be\/wp-content\/uploads\/2026\/03\/Technicien-de-bureau-scaled.png",528,297,true],"tc-slider-small":["https:\/\/cefanl.be\/wp-content\/uploads\/2026\/03\/Technicien-de-bureau-scaled.png",517,235,true]},"uagb_author_info":{"display_name":"Geoffrey Plat\u00e9us","author_link":"https:\/\/cefanl.be\/index.php\/author\/admin2186\/"},"uagb_comment_info":0,"uagb_excerpt":"Lieux de formation M\u00e9tier du (de la) Technicien(ne) de bureau Le technicien \/ la technicienne de bureau est un \/ une employ\u00e9(e) polyvalent(e) dont les fonctions principales sont vou\u00e9es au travail administratif dans les entreprises et organisations tant priv\u00e9es que publiques. Il \/ elle s&rsquo;int\u00e8gre aux \u00e9quipes de travail de l&rsquo;organisation et est sp\u00e9cialis\u00e9(e) dans\u2026","jetpack_sharing_enabled":true,"_links":{"self":[{"href":"https:\/\/cefanl.be\/index.php\/wp-json\/wp\/v2\/pages\/5051","targetHints":{"allow":["GET"]}}],"collection":[{"href":"https:\/\/cefanl.be\/index.php\/wp-json\/wp\/v2\/pages"}],"about":[{"href":"https:\/\/cefanl.be\/index.php\/wp-json\/wp\/v2\/types\/page"}],"author":[{"embeddable":true,"href":"https:\/\/cefanl.be\/index.php\/wp-json\/wp\/v2\/users\/1"}],"replies":[{"embeddable":true,"href":"https:\/\/cefanl.be\/index.php\/wp-json\/wp\/v2\/comments?post=5051"}],"version-history":[{"count":3,"href":"https:\/\/cefanl.be\/index.php\/wp-json\/wp\/v2\/pages\/5051\/revisions"}],"predecessor-version":[{"id":5059,"href":"https:\/\/cefanl.be\/index.php\/wp-json\/wp\/v2\/pages\/5051\/revisions\/5059"}],"up":[{"embeddable":true,"href":"https:\/\/cefanl.be\/index.php\/wp-json\/wp\/v2\/pages\/39"}],"wp:featuredmedia":[{"embeddable":true,"href":"https:\/\/cefanl.be\/index.php\/wp-json\/wp\/v2\/media\/5054"}],"wp:attachment":[{"href":"https:\/\/cefanl.be\/index.php\/wp-json\/wp\/v2\/media?parent=5051"}],"curies":[{"name":"wp","href":"https:\/\/api.w.org\/{rel}","templated":true}]}}