{"id":35,"date":"2017-12-01T15:53:33","date_gmt":"2017-12-01T14:53:33","guid":{"rendered":"http:\/\/cefanl.be\/?page_id=35"},"modified":"2025-06-06T12:44:36","modified_gmt":"2025-06-06T10:44:36","slug":"accueil","status":"publish","type":"page","link":"https:\/\/cefanl.be\/","title":{"rendered":"CEFA Bastogne Bomal Aywaille Vielsalm Erez\u00e9e"},"content":{"rendered":"\n<p>Le CEFA Nord-Luxembourg est un centre de formation en alternance pr\u00e9sent dans diff\u00e9rentes \u00e9coles secondaires des Provinces de Li\u00e8ge et de Luxembourg. Le si\u00e8ge du CEFA Nord-Luxembourg est situ\u00e9 \u00e0 l&rsquo;Ath\u00e9n\u00e9e royal de Bastogne, tandis que nous collaborons avec l&rsquo;Ath\u00e9n\u00e9e royal de Marche &#8211; Bomal (Durbuy), l&rsquo;Ath\u00e9n\u00e9e royal Princesse Elisabeth (Aywaille), l&rsquo;Ecole du Val d&rsquo;Aisne (Erez\u00e9e) et l&rsquo;Ath\u00e9n\u00e9e royal de Vielsalm &#8211; Manhay sur le site de Rencheux.<\/p>\n\n\n\n<h2 class=\"wp-block-heading has-text-align-center\"><span style=\"color: #000000;\">CEFA Nor<\/span><span style=\"color: #000000;\">d-Luxembourg<\/span><\/h2>\n\n\n\n<p class=\"has-text-align-center\"><strong><span style=\"color: #000000;\">Centre d&rsquo;Education et de Formation en Alternance (CEFA)<\/span><\/strong><\/p>\n\n\n\n<h3 class=\"wp-block-heading has-text-align-center\"><span style=\"color: #000000;\"><a href=\"https:\/\/cefanl.be\/index.php\/implantations\/cefa-bastogne\/\">BASTOGNE<\/a> &#8211; <a href=\"https:\/\/cefanl.be\/index.php\/implantations\/bomal\/\">BOMAL<\/a> &#8211; <a href=\"https:\/\/cefanl.be\/index.php\/implantations\/cefa-aywaille\/\">AYWAILLE<\/a> &#8211; <a href=\"https:\/\/cefanl.be\/index.php\/implantations\/cefa-erezee\/\">EREZ\u00c9E<\/a><\/span> &#8211; <a href=\"https:\/\/cefanl.be\/index.php\/implantations\/cefa-vielsalm\/\">VIELSALM<\/a><\/h3>\n\n\n\n<hr class=\"wp-block-separator has-alpha-channel-opacity\"\/>\n\n\n\n<figure class=\"wp-block-video\"><video height=\"720\" style=\"aspect-ratio: 1280 \/ 720;\" width=\"1280\" controls src=\"https:\/\/cefanl.be\/wp-content\/uploads\/2023\/04\/Pub-CZA.mp4\"><\/video><\/figure>\n\n\n\n<hr class=\"wp-block-separator has-css-opacity\"\/>\n\n\n\n<div class=\"wp-block-group\"><div class=\"wp-block-group__inner-container is-layout-flow wp-block-group-is-layout-flow\">\n<div class=\"wp-block-group alignwide\"><div class=\"wp-block-group__inner-container is-layout-flow wp-block-group-is-layout-flow\">\n<h2 class=\"wp-block-heading has-vivid-red-color has-text-color\">Nouvelles options pour l&rsquo;ann\u00e9e scolaire 2024-2025 :<\/h2>\n\n\n\n<div class=\"wp-block-media-text alignwide is-stacked-on-mobile is-vertically-aligned-center\" style=\"grid-template-columns:15% auto\"><figure class=\"wp-block-media-text__media\"><a href=\"https:\/\/cefanl.be\/index.php\/formations\/carrosserie\/\"><img loading=\"lazy\" decoding=\"async\" width=\"1024\" height=\"683\" src=\"https:\/\/cefanl.be\/wp-content\/uploads\/2024\/08\/luxury-red-car-paint-shop-with-its-doors-removed-fresh-coat-paint-1024x683.jpg\" alt=\"\" class=\"wp-image-3829 size-full\" srcset=\"https:\/\/cefanl.be\/wp-content\/uploads\/2024\/08\/luxury-red-car-paint-shop-with-its-doors-removed-fresh-coat-paint-scaled.jpg 1024w, https:\/\/cefanl.be\/wp-content\/uploads\/2024\/08\/luxury-red-car-paint-shop-with-its-doors-removed-fresh-coat-paint-scaled.jpg 300w, https:\/\/cefanl.be\/wp-content\/uploads\/2024\/08\/luxury-red-car-paint-shop-with-its-doors-removed-fresh-coat-paint-scaled.jpg 768w, https:\/\/cefanl.be\/wp-content\/uploads\/2024\/08\/luxury-red-car-paint-shop-with-its-doors-removed-fresh-coat-paint-scaled.jpg 200w, https:\/\/cefanl.be\/wp-content\/uploads\/2024\/08\/luxury-red-car-paint-shop-with-its-doors-removed-fresh-coat-paint-scaled.jpg 1536w, https:\/\/cefanl.be\/wp-content\/uploads\/2024\/08\/luxury-red-car-paint-shop-with-its-doors-removed-fresh-coat-paint-scaled.jpg 2048w, https:\/\/cefanl.be\/wp-content\/uploads\/2024\/08\/luxury-red-car-paint-shop-with-its-doors-removed-fresh-coat-paint-scaled.jpg 2280w\" sizes=\"auto, (max-width: 1024px) 100vw, 1024px\" \/><\/a><\/figure><div class=\"wp-block-media-text__content\">\n<h4 class=\"wp-block-heading has-vivid-red-color has-text-color has-link-color wp-elements-b2dcb3b6f23c9c00d1b97cca298e9eb0\"><a href=\"https:\/\/cefanl.be\/index.php\/formations\/carrosserie\/\">Carrosserie<\/a> &#8211; NOUVEAU \u00e0 VIELSALM<\/h4>\n\n\n\n<p><strong>(Vielsalm)<\/strong><\/p>\n<\/div><\/div>\n\n\n\n<div class=\"wp-block-media-text alignwide is-stacked-on-mobile\" style=\"grid-template-columns:15% auto\"><figure class=\"wp-block-media-text__media\"><a href=\"https:\/\/cefanl.be\/index.php\/options\/auxiliaire-de-magasin\/\"><img loading=\"lazy\" decoding=\"async\" width=\"1024\" height=\"838\" src=\"https:\/\/cefanl.be\/wp-content\/uploads\/2024\/08\/Logo-CEFA-NL-AR-Vielsalm-2024-1024x838.png\" alt=\"CEFA Vielsalm\" class=\"wp-image-3803 size-full\" srcset=\"https:\/\/cefanl.be\/wp-content\/uploads\/2024\/08\/Logo-CEFA-NL-AR-Vielsalm-2024.png 1024w, https:\/\/cefanl.be\/wp-content\/uploads\/2024\/08\/Logo-CEFA-NL-AR-Vielsalm-2024.png 300w, https:\/\/cefanl.be\/wp-content\/uploads\/2024\/08\/Logo-CEFA-NL-AR-Vielsalm-2024.png 768w, https:\/\/cefanl.be\/wp-content\/uploads\/2024\/08\/Logo-CEFA-NL-AR-Vielsalm-2024.png 200w, https:\/\/cefanl.be\/wp-content\/uploads\/2024\/08\/Logo-CEFA-NL-AR-Vielsalm-2024.png 1536w, https:\/\/cefanl.be\/wp-content\/uploads\/2024\/08\/Logo-CEFA-NL-AR-Vielsalm-2024.png 1948w\" sizes=\"auto, (max-width: 1024px) 100vw, 1024px\" \/><\/a><\/figure><div class=\"wp-block-media-text__content\">\n<h4 class=\"wp-block-heading has-vivid-red-color has-text-color has-link-color wp-elements-26c01d8c7f649e7823a55e783daf16b2\"><a href=\"https:\/\/cefanl.be\/index.php\/formations\/gestionnaire-de-tres-petites-entreprises\/\">7\u00e8me Gestionnaire de Tr\u00e8s Petites Entreprises<\/a> &#8211; NOUVEAU \u00e0 VIELSALM<\/h4>\n\n\n\n<p><strong>(Bastogne &#8211; Bomal &#8211; Aywaille &#8211; Vielsalm)<\/strong><\/p>\n<\/div><\/div>\n<\/div><\/div>\n\n\n\n<hr class=\"wp-block-separator has-css-opacity\"\/>\n\n\n\n<p><\/p>\n<\/div><\/div>\n\n\n\n<p>Tu as entre 15 et 21 ans ? Tu souhaites apprendre un futur m\u00e9tier au contact de vrais professionnels et dans les conditions r\u00e9elles de l&rsquo;entreprise ? Alors l&rsquo;alternance est faite pour toi !<\/p>\n\n\n\n<ul class=\"wp-block-list\">\n<li>2 jours \u00e0 l&rsquo;\u00e9cole<\/li>\n\n\n\n<li>24 heures par semaine en entreprise<\/li>\n\n\n\n<li>Un accompagnement personnalis\u00e9<\/li>\n\n\n\n<li>Un salaire qui \u00e9volue en fonction des comp\u00e9tences acquises<\/li>\n\n\n\n<li>Un certificat de qualification en fin de parcours<\/li>\n<\/ul>\n\n\n\n<figure class=\"wp-block-embed aligncenter is-type-video is-provider-youtube wp-block-embed-youtube wp-embed-aspect-16-9 wp-has-aspect-ratio\"><div class=\"wp-block-embed__wrapper\">\n<iframe loading=\"lazy\" title=\"L\u2019Alternance, ta re\u0301ussite autrement !\" width=\"1140\" height=\"641\" src=\"https:\/\/www.youtube.com\/embed\/3QzJRjtAX3Y?feature=oembed\" frameborder=\"0\" allow=\"accelerometer; autoplay; clipboard-write; encrypted-media; gyroscope; picture-in-picture; web-share\" referrerpolicy=\"strict-origin-when-cross-origin\" allowfullscreen><\/iframe>\n<\/div><\/figure>\n\n\n\n<hr class=\"wp-block-separator has-css-opacity\"\/>\n\n\n\n<p><\/p>\n\n\n<div class=\"wp-block-image is-style-default\">\n<figure class=\"aligncenter size-full\"><img loading=\"lazy\" decoding=\"async\" width=\"643\" height=\"526\" src=\"https:\/\/cefanl.be\/wp-content\/uploads\/2024\/08\/Logo-CEFA-TOUS-ARBH-ARMB-ARAY-Erezee-ARMV-ICET-202.jpg\" alt=\"CEFA Bastogne Bomal Aywaille Vielsalm Erez\u00e9e\" class=\"wp-image-3837\" srcset=\"https:\/\/cefanl.be\/wp-content\/uploads\/2024\/08\/Logo-CEFA-TOUS-ARBH-ARMB-ARAY-Erezee-ARMV-ICET-202.jpg 643w, https:\/\/cefanl.be\/wp-content\/uploads\/2024\/08\/Logo-CEFA-TOUS-ARBH-ARMB-ARAY-Erezee-ARMV-ICET-202.jpg 300w, https:\/\/cefanl.be\/wp-content\/uploads\/2024\/08\/Logo-CEFA-TOUS-ARBH-ARMB-ARAY-Erezee-ARMV-ICET-202.jpg 200w\" sizes=\"auto, (max-width: 643px) 100vw, 643px\" \/><\/figure>\n<\/div>\n\n\n<div class=\"wp-block-columns is-layout-flex wp-container-core-columns-is-layout-9d6595d7 wp-block-columns-is-layout-flex\">\n<div class=\"wp-block-column is-layout-flow wp-block-column-is-layout-flow\"><div class=\"wp-block-image\">\n<figure class=\"aligncenter size-large\"><a href=\"https:\/\/www.wbe.be\/\"><img loading=\"lazy\" decoding=\"async\" width=\"150\" height=\"137\" src=\"https:\/\/cefanl.be\/wp-content\/uploads\/2020\/05\/logoWBE_150x137.jpg\" alt=\"Logo WBE\" class=\"wp-image-1135\"\/><\/a><\/figure>\n<\/div><\/div>\n\n\n\n<div class=\"wp-block-column is-layout-flow wp-block-column-is-layout-flow\"><div class=\"wp-block-image\">\n<figure class=\"aligncenter size-large is-resized\"><a href=\"https:\/\/www.formationalternance.be\/home.html\"><img loading=\"lazy\" decoding=\"async\" width=\"729\" height=\"483\" src=\"https:\/\/cefanl.be\/wp-content\/uploads\/2020\/05\/OFFA_Logo_Pos_RGB.png\" alt=\"Logo OFFA\" class=\"wp-image-1136\" style=\"width:265px;height:auto\" srcset=\"https:\/\/cefanl.be\/wp-content\/uploads\/2020\/05\/OFFA_Logo_Pos_RGB.png 729w, https:\/\/cefanl.be\/wp-content\/uploads\/2020\/05\/OFFA_Logo_Pos_RGB.png 300w\" sizes=\"auto, (max-width: 729px) 100vw, 729px\" \/><\/a><\/figure>\n<\/div><\/div>\n\n\n\n<div class=\"wp-block-column is-layout-flow wp-block-column-is-layout-flow\"><div class=\"wp-block-image\">\n<figure class=\"aligncenter size-large\"><a href=\"https:\/\/www.wallonie.be\/fr\"><img loading=\"lazy\" decoding=\"async\" width=\"1024\" height=\"601\" src=\"https:\/\/cefanl.be\/wp-content\/uploads\/2021\/06\/offa_fr-1024x601.png\" alt=\"Logo Alternance\" class=\"wp-image-1542\" srcset=\"https:\/\/cefanl.be\/wp-content\/uploads\/2021\/06\/offa_fr.png 1024w, https:\/\/cefanl.be\/wp-content\/uploads\/2021\/06\/offa_fr.png 300w, https:\/\/cefanl.be\/wp-content\/uploads\/2021\/06\/offa_fr.png 768w, https:\/\/cefanl.be\/wp-content\/uploads\/2021\/06\/offa_fr.png 1536w, https:\/\/cefanl.be\/wp-content\/uploads\/2021\/06\/offa_fr.png 1660w\" sizes=\"auto, (max-width: 1024px) 100vw, 1024px\" \/><\/a><\/figure>\n<\/div><\/div>\n\n\n\n<div class=\"wp-block-column is-layout-flow wp-block-column-is-layout-flow\">\n<div class=\"wp-block-uagb-image uagb-block-19c76ce8 wp-block-uagb-image--layout-default wp-block-uagb-image--effect-static wp-block-uagb-image--align-none\"><figure class=\"wp-block-uagb-image__figure\"><a class=\"\" href=\"https:\/\/ccgpe-dgeo.cfwb.be\/accueil-agent\/projets\/cefavenir\/\" target=\"_blank\" rel=\"noreferrer noopener\"><img decoding=\"async\" srcset=\"https:\/\/cefanl.be\/wp-content\/uploads\/2024\/10\/embleme_UE-couleur_vertical.png ,https:\/\/cefanl.be\/wp-content\/uploads\/2024\/10\/embleme_UE-couleur_vertical.png 780w, https:\/\/cefanl.be\/wp-content\/uploads\/2024\/10\/embleme_UE-couleur_vertical.png 360w\" sizes=\"auto, (max-width: 480px) 150px\" src=\"https:\/\/cefanl.be\/wp-content\/uploads\/2024\/10\/embleme_UE-couleur_vertical.png\" alt=\"\" class=\"uag-image-3958\" width=\"910\" height=\"922\" title=\"embleme_UE-couleur_vertical\" loading=\"lazy\" role=\"img\"\/><\/a><\/figure><\/div>\n<\/div>\n<\/div>\n\n\n\n<p>CEFA Nord-Luxembourg &#8211; Bastogne &#8211; Bomal &#8211; Aywaille &#8211; Erez\u00e9e &#8211; Manhay<\/p>\n","protected":false},"excerpt":{"rendered":"<p>Le CEFA Nord-Luxembourg est un centre de formation en alternance pr\u00e9sent dans diff\u00e9rentes \u00e9coles secondaires des Provinces de Li\u00e8ge et de Luxembourg. Le si\u00e8ge du CEFA Nord-Luxembourg est situ\u00e9 \u00e0 l&rsquo;Ath\u00e9n\u00e9e royal de Bastogne, tandis que nous collaborons avec l&rsquo;Ath\u00e9n\u00e9e royal de Marche &#8211; Bomal (Durbuy), l&rsquo;Ath\u00e9n\u00e9e royal Princesse Elisabeth (Aywaille), l&rsquo;Ecole du Val d&rsquo;Aisne [&hellip;]<\/p>\n","protected":false},"author":1,"featured_media":271,"parent":0,"menu_order":0,"comment_status":"closed","ping_status":"closed","template":"","meta":{"_uag_custom_page_level_css":"","footnotes":""},"class_list":["post-35","page","type-page","status-publish","has-post-thumbnail","czr-hentry"],"yoast_head":"<!-- This site is optimized with the Yoast SEO plugin v27.3 - https:\/\/yoast.com\/product\/yoast-seo-wordpress\/ -->\n<title>CEFA Bastogne Bomal Aywaille Vielsalm Erez\u00e9e -<\/title>\n<meta name=\"description\" content=\"CEFA Nord-Luxembourg - Centre de formation \u00e0 Bastogne - Bomal - Aywaille - Vielsalm et Erez\u00e9e. 2 jours \u00e0 l&#039;\u00e9cole et 24 h\/semaine en entreprise\" \/>\n<meta name=\"robots\" content=\"index, follow, max-snippet:-1, max-image-preview:large, max-video-preview:-1\" \/>\n<link rel=\"canonical\" href=\"https:\/\/cefanl.be\/\" \/>\n<meta property=\"og:locale\" content=\"fr_FR\" \/>\n<meta property=\"og:type\" content=\"article\" \/>\n<meta property=\"og:title\" content=\"CEFA Bastogne Bomal Aywaille Vielsalm Erez\u00e9e -\" \/>\n<meta property=\"og:description\" content=\"CEFA Nord-Luxembourg - Centre de formation \u00e0 Bastogne - Bomal - Aywaille - Vielsalm et Erez\u00e9e. 2 jours \u00e0 l&#039;\u00e9cole et 24 h\/semaine en entreprise\" \/>\n<meta property=\"og:url\" content=\"https:\/\/cefanl.be\/\" \/>\n<meta property=\"og:site_name\" content=\"CEFA Nord-Luxembourg\" \/>\n<meta property=\"article:publisher\" content=\"https:\/\/www.facebook.com\/CEFA.Bastogne.Bomal.Aywaille.Erezee\/\" \/>\n<meta property=\"article:modified_time\" content=\"2025-06-06T10:44:36+00:00\" \/>\n<meta property=\"og:image\" content=\"https:\/\/cefanl.be\/wp-content\/uploads\/2020\/03\/cropped-Logo-CEFA-NL-TOUS-ARBH-ARMB-ARAY-Erez\u00e9e-2020.jpg\" \/>\n\t<meta property=\"og:image:width\" content=\"1948\" \/>\n\t<meta property=\"og:image:height\" content=\"1595\" \/>\n\t<meta property=\"og:image:type\" content=\"image\/jpeg\" \/>\n<meta name=\"twitter:card\" content=\"summary_large_image\" \/>\n<meta name=\"twitter:label1\" content=\"Dur\u00e9e de lecture estim\u00e9e\" \/>\n\t<meta name=\"twitter:data1\" content=\"3 minutes\" \/>\n<script type=\"application\/ld+json\" class=\"yoast-schema-graph\">{\"@context\":\"https:\\\/\\\/schema.org\",\"@graph\":[{\"@type\":\"WebPage\",\"@id\":\"https:\\\/\\\/cefanl.be\\\/\",\"url\":\"https:\\\/\\\/cefanl.be\\\/\",\"name\":\"CEFA Bastogne Bomal Aywaille Vielsalm Erez\u00e9e -\",\"isPartOf\":{\"@id\":\"https:\\\/\\\/cefanl.be\\\/#website\"},\"primaryImageOfPage\":{\"@id\":\"https:\\\/\\\/cefanl.be\\\/#primaryimage\"},\"image\":{\"@id\":\"https:\\\/\\\/cefanl.be\\\/#primaryimage\"},\"thumbnailUrl\":\"https:\\\/\\\/cefanl.be\\\/wp-content\\\/uploads\\\/2020\\\/03\\\/cropped-Logo-CEFA-NL-TOUS-ARBH-ARMB-ARAY-Erez\u00e9e-2020.jpg\",\"datePublished\":\"2017-12-01T14:53:33+00:00\",\"dateModified\":\"2025-06-06T10:44:36+00:00\",\"description\":\"CEFA Nord-Luxembourg - Centre de formation \u00e0 Bastogne - Bomal - Aywaille - Vielsalm et Erez\u00e9e. 2 jours \u00e0 l'\u00e9cole et 24 h\\\/semaine en entreprise\",\"breadcrumb\":{\"@id\":\"https:\\\/\\\/cefanl.be\\\/#breadcrumb\"},\"inLanguage\":\"fr-FR\",\"potentialAction\":[{\"@type\":\"ReadAction\",\"target\":[\"https:\\\/\\\/cefanl.be\\\/\"]}]},{\"@type\":\"ImageObject\",\"inLanguage\":\"fr-FR\",\"@id\":\"https:\\\/\\\/cefanl.be\\\/#primaryimage\",\"url\":\"https:\\\/\\\/cefanl.be\\\/wp-content\\\/uploads\\\/2020\\\/03\\\/cropped-Logo-CEFA-NL-TOUS-ARBH-ARMB-ARAY-Erez\u00e9e-2020.jpg\",\"contentUrl\":\"https:\\\/\\\/cefanl.be\\\/wp-content\\\/uploads\\\/2020\\\/03\\\/cropped-Logo-CEFA-NL-TOUS-ARBH-ARMB-ARAY-Erez\u00e9e-2020.jpg\",\"width\":1948,\"height\":1595},{\"@type\":\"BreadcrumbList\",\"@id\":\"https:\\\/\\\/cefanl.be\\\/#breadcrumb\",\"itemListElement\":[{\"@type\":\"ListItem\",\"position\":1,\"name\":\"Accueil\",\"item\":\"https:\\\/\\\/cefanl.be\\\/\"},{\"@type\":\"ListItem\",\"position\":2,\"name\":\"CEFA Bastogne Bomal Aywaille Vielsalm Erez\u00e9e\"}]},{\"@type\":\"WebSite\",\"@id\":\"https:\\\/\\\/cefanl.be\\\/#website\",\"url\":\"https:\\\/\\\/cefanl.be\\\/\",\"name\":\"CEFA Nord-Luxembourg\",\"description\":\"Bastogne - Bomal - Aywaille - Erez\u00e9e - Vielsalm\",\"publisher\":{\"@id\":\"https:\\\/\\\/cefanl.be\\\/#organization\"},\"potentialAction\":[{\"@type\":\"SearchAction\",\"target\":{\"@type\":\"EntryPoint\",\"urlTemplate\":\"https:\\\/\\\/cefanl.be\\\/?s={search_term_string}\"},\"query-input\":{\"@type\":\"PropertyValueSpecification\",\"valueRequired\":true,\"valueName\":\"search_term_string\"}}],\"inLanguage\":\"fr-FR\"},{\"@type\":\"Organization\",\"@id\":\"https:\\\/\\\/cefanl.be\\\/#organization\",\"name\":\"CEFA Nord-Luxembourg\",\"url\":\"https:\\\/\\\/cefanl.be\\\/\",\"logo\":{\"@type\":\"ImageObject\",\"inLanguage\":\"fr-FR\",\"@id\":\"https:\\\/\\\/cefanl.be\\\/#\\\/schema\\\/logo\\\/image\\\/\",\"url\":\"https:\\\/\\\/cefanl.be\\\/wp-content\\\/uploads\\\/2024\\\/08\\\/cropped-Logo-CEFA-TOUS-ARBH-ARMB-ARAY-Erezee-ARMV-ICET-202.jpg\",\"contentUrl\":\"https:\\\/\\\/cefanl.be\\\/wp-content\\\/uploads\\\/2024\\\/08\\\/cropped-Logo-CEFA-TOUS-ARBH-ARMB-ARAY-Erezee-ARMV-ICET-202.jpg\",\"width\":643,\"height\":526,\"caption\":\"CEFA Nord-Luxembourg\"},\"image\":{\"@id\":\"https:\\\/\\\/cefanl.be\\\/#\\\/schema\\\/logo\\\/image\\\/\"},\"sameAs\":[\"https:\\\/\\\/www.facebook.com\\\/CEFA.Bastogne.Bomal.Aywaille.Erezee\\\/\"]}]}<\/script>\n<!-- \/ Yoast SEO plugin. -->","yoast_head_json":{"title":"CEFA Bastogne Bomal Aywaille Vielsalm Erez\u00e9e -","description":"CEFA Nord-Luxembourg - Centre de formation \u00e0 Bastogne - Bomal - Aywaille - Vielsalm et Erez\u00e9e. 2 jours \u00e0 l'\u00e9cole et 24 h\/semaine en entreprise","robots":{"index":"index","follow":"follow","max-snippet":"max-snippet:-1","max-image-preview":"max-image-preview:large","max-video-preview":"max-video-preview:-1"},"canonical":"https:\/\/cefanl.be\/","og_locale":"fr_FR","og_type":"article","og_title":"CEFA Bastogne Bomal Aywaille Vielsalm Erez\u00e9e -","og_description":"CEFA Nord-Luxembourg - Centre de formation \u00e0 Bastogne - Bomal - Aywaille - Vielsalm et Erez\u00e9e. 2 jours \u00e0 l'\u00e9cole et 24 h\/semaine en entreprise","og_url":"https:\/\/cefanl.be\/","og_site_name":"CEFA Nord-Luxembourg","article_publisher":"https:\/\/www.facebook.com\/CEFA.Bastogne.Bomal.Aywaille.Erezee\/","article_modified_time":"2025-06-06T10:44:36+00:00","og_image":[{"width":1948,"height":1595,"url":"https:\/\/cefanl.be\/wp-content\/uploads\/2020\/03\/cropped-Logo-CEFA-NL-TOUS-ARBH-ARMB-ARAY-Erez\u00e9e-2020.jpg","type":"image\/jpeg"}],"twitter_card":"summary_large_image","twitter_misc":{"Dur\u00e9e de lecture estim\u00e9e":"3 minutes"},"schema":{"@context":"https:\/\/schema.org","@graph":[{"@type":"WebPage","@id":"https:\/\/cefanl.be\/","url":"https:\/\/cefanl.be\/","name":"CEFA Bastogne Bomal Aywaille Vielsalm Erez\u00e9e -","isPartOf":{"@id":"https:\/\/cefanl.be\/#website"},"primaryImageOfPage":{"@id":"https:\/\/cefanl.be\/#primaryimage"},"image":{"@id":"https:\/\/cefanl.be\/#primaryimage"},"thumbnailUrl":"https:\/\/cefanl.be\/wp-content\/uploads\/2020\/03\/cropped-Logo-CEFA-NL-TOUS-ARBH-ARMB-ARAY-Erez\u00e9e-2020.jpg","datePublished":"2017-12-01T14:53:33+00:00","dateModified":"2025-06-06T10:44:36+00:00","description":"CEFA Nord-Luxembourg - Centre de formation \u00e0 Bastogne - Bomal - Aywaille - Vielsalm et Erez\u00e9e. 2 jours \u00e0 l'\u00e9cole et 24 h\/semaine en entreprise","breadcrumb":{"@id":"https:\/\/cefanl.be\/#breadcrumb"},"inLanguage":"fr-FR","potentialAction":[{"@type":"ReadAction","target":["https:\/\/cefanl.be\/"]}]},{"@type":"ImageObject","inLanguage":"fr-FR","@id":"https:\/\/cefanl.be\/#primaryimage","url":"https:\/\/cefanl.be\/wp-content\/uploads\/2020\/03\/cropped-Logo-CEFA-NL-TOUS-ARBH-ARMB-ARAY-Erez\u00e9e-2020.jpg","contentUrl":"https:\/\/cefanl.be\/wp-content\/uploads\/2020\/03\/cropped-Logo-CEFA-NL-TOUS-ARBH-ARMB-ARAY-Erez\u00e9e-2020.jpg","width":1948,"height":1595},{"@type":"BreadcrumbList","@id":"https:\/\/cefanl.be\/#breadcrumb","itemListElement":[{"@type":"ListItem","position":1,"name":"Accueil","item":"https:\/\/cefanl.be\/"},{"@type":"ListItem","position":2,"name":"CEFA Bastogne Bomal Aywaille Vielsalm Erez\u00e9e"}]},{"@type":"WebSite","@id":"https:\/\/cefanl.be\/#website","url":"https:\/\/cefanl.be\/","name":"CEFA Nord-Luxembourg","description":"Bastogne - Bomal - Aywaille - Erez\u00e9e - Vielsalm","publisher":{"@id":"https:\/\/cefanl.be\/#organization"},"potentialAction":[{"@type":"SearchAction","target":{"@type":"EntryPoint","urlTemplate":"https:\/\/cefanl.be\/?s={search_term_string}"},"query-input":{"@type":"PropertyValueSpecification","valueRequired":true,"valueName":"search_term_string"}}],"inLanguage":"fr-FR"},{"@type":"Organization","@id":"https:\/\/cefanl.be\/#organization","name":"CEFA Nord-Luxembourg","url":"https:\/\/cefanl.be\/","logo":{"@type":"ImageObject","inLanguage":"fr-FR","@id":"https:\/\/cefanl.be\/#\/schema\/logo\/image\/","url":"https:\/\/cefanl.be\/wp-content\/uploads\/2024\/08\/cropped-Logo-CEFA-TOUS-ARBH-ARMB-ARAY-Erezee-ARMV-ICET-202.jpg","contentUrl":"https:\/\/cefanl.be\/wp-content\/uploads\/2024\/08\/cropped-Logo-CEFA-TOUS-ARBH-ARMB-ARAY-Erezee-ARMV-ICET-202.jpg","width":643,"height":526,"caption":"CEFA Nord-Luxembourg"},"image":{"@id":"https:\/\/cefanl.be\/#\/schema\/logo\/image\/"},"sameAs":["https:\/\/www.facebook.com\/CEFA.Bastogne.Bomal.Aywaille.Erezee\/"]}]}},"uagb_featured_image_src":{"full":["https:\/\/cefanl.be\/wp-content\/uploads\/2020\/03\/cropped-Logo-CEFA-NL-TOUS-ARBH-ARMB-ARAY-Erez\u00e9e-2020.jpg",1948,1595,false],"thumbnail":["https:\/\/cefanl.be\/wp-content\/uploads\/2020\/03\/cropped-Logo-CEFA-NL-TOUS-ARBH-ARMB-ARAY-Erez\u00e9e-2020.jpg",150,150,true],"medium":["https:\/\/cefanl.be\/wp-content\/uploads\/2020\/03\/cropped-Logo-CEFA-NL-TOUS-ARBH-ARMB-ARAY-Erez\u00e9e-2020.jpg",300,246,true],"medium_large":["https:\/\/cefanl.be\/wp-content\/uploads\/2020\/03\/cropped-Logo-CEFA-NL-TOUS-ARBH-ARMB-ARAY-Erez\u00e9e-2020.jpg",768,629,true],"large":["https:\/\/cefanl.be\/wp-content\/uploads\/2020\/03\/cropped-Logo-CEFA-NL-TOUS-ARBH-ARMB-ARAY-Erez\u00e9e-2020.jpg",1024,838,true],"etfrtb_logo":["https:\/\/cefanl.be\/wp-content\/uploads\/2020\/03\/cropped-Logo-CEFA-NL-TOUS-ARBH-ARMB-ARAY-Erez\u00e9e-2020.jpg",200,164,true],"1536x1536":["https:\/\/cefanl.be\/wp-content\/uploads\/2020\/03\/cropped-Logo-CEFA-NL-TOUS-ARBH-ARMB-ARAY-Erez\u00e9e-2020.jpg",1536,1258,true],"2048x2048":["https:\/\/cefanl.be\/wp-content\/uploads\/2020\/03\/cropped-Logo-CEFA-NL-TOUS-ARBH-ARMB-ARAY-Erez\u00e9e-2020.jpg",1948,1595,true],"tc-grid-full":["https:\/\/cefanl.be\/wp-content\/uploads\/2020\/03\/cropped-Logo-CEFA-NL-TOUS-ARBH-ARMB-ARAY-Erez\u00e9e-2020.jpg",1110,444,true],"tc-grid":["https:\/\/cefanl.be\/wp-content\/uploads\/2020\/03\/cropped-Logo-CEFA-NL-TOUS-ARBH-ARMB-ARAY-Erez\u00e9e-2020.jpg",570,350,true],"tc-thumb":["https:\/\/cefanl.be\/wp-content\/uploads\/2020\/03\/cropped-Logo-CEFA-NL-TOUS-ARBH-ARMB-ARAY-Erez\u00e9e-2020.jpg",270,250,true],"slider-full":["https:\/\/cefanl.be\/wp-content\/uploads\/2020\/03\/cropped-Logo-CEFA-NL-TOUS-ARBH-ARMB-ARAY-Erez\u00e9e-2020.jpg",1948,500,true],"slider":["https:\/\/cefanl.be\/wp-content\/uploads\/2020\/03\/cropped-Logo-CEFA-NL-TOUS-ARBH-ARMB-ARAY-Erez\u00e9e-2020.jpg",1110,500,true],"tc-sq-thumb":["https:\/\/cefanl.be\/wp-content\/uploads\/2020\/03\/cropped-Logo-CEFA-NL-TOUS-ARBH-ARMB-ARAY-Erez\u00e9e-2020.jpg",510,510,true],"tc-ws-thumb":["https:\/\/cefanl.be\/wp-content\/uploads\/2020\/03\/cropped-Logo-CEFA-NL-TOUS-ARBH-ARMB-ARAY-Erez\u00e9e-2020.jpg",1110,624,true],"tc-ws-small-thumb":["https:\/\/cefanl.be\/wp-content\/uploads\/2020\/03\/cropped-Logo-CEFA-NL-TOUS-ARBH-ARMB-ARAY-Erez\u00e9e-2020.jpg",528,297,true],"tc-slider-small":["https:\/\/cefanl.be\/wp-content\/uploads\/2020\/03\/cropped-Logo-CEFA-NL-TOUS-ARBH-ARMB-ARAY-Erez\u00e9e-2020.jpg",517,235,true]},"uagb_author_info":{"display_name":"Geoffrey Plat\u00e9us","author_link":"https:\/\/cefanl.be\/index.php\/author\/admin2186\/"},"uagb_comment_info":0,"uagb_excerpt":"Le CEFA Nord-Luxembourg est un centre de formation en alternance pr\u00e9sent dans diff\u00e9rentes \u00e9coles secondaires des Provinces de Li\u00e8ge et de Luxembourg. Le si\u00e8ge du CEFA Nord-Luxembourg est situ\u00e9 \u00e0 l&rsquo;Ath\u00e9n\u00e9e royal de Bastogne, tandis que nous collaborons avec l&rsquo;Ath\u00e9n\u00e9e royal de Marche &#8211; Bomal (Durbuy), l&rsquo;Ath\u00e9n\u00e9e royal Princesse Elisabeth (Aywaille), l&rsquo;Ecole du Val d&rsquo;Aisne\u2026","jetpack_sharing_enabled":true,"_links":{"self":[{"href":"https:\/\/cefanl.be\/index.php\/wp-json\/wp\/v2\/pages\/35","targetHints":{"allow":["GET"]}}],"collection":[{"href":"https:\/\/cefanl.be\/index.php\/wp-json\/wp\/v2\/pages"}],"about":[{"href":"https:\/\/cefanl.be\/index.php\/wp-json\/wp\/v2\/types\/page"}],"author":[{"embeddable":true,"href":"https:\/\/cefanl.be\/index.php\/wp-json\/wp\/v2\/users\/1"}],"replies":[{"embeddable":true,"href":"https:\/\/cefanl.be\/index.php\/wp-json\/wp\/v2\/comments?post=35"}],"version-history":[{"count":32,"href":"https:\/\/cefanl.be\/index.php\/wp-json\/wp\/v2\/pages\/35\/revisions"}],"predecessor-version":[{"id":4345,"href":"https:\/\/cefanl.be\/index.php\/wp-json\/wp\/v2\/pages\/35\/revisions\/4345"}],"wp:featuredmedia":[{"embeddable":true,"href":"https:\/\/cefanl.be\/index.php\/wp-json\/wp\/v2\/media\/271"}],"wp:attachment":[{"href":"https:\/\/cefanl.be\/index.php\/wp-json\/wp\/v2\/media?parent=35"}],"curies":[{"name":"wp","href":"https:\/\/api.w.org\/{rel}","templated":true}]}}