{"id":337,"date":"2020-04-21T17:28:15","date_gmt":"2020-04-21T15:28:15","guid":{"rendered":"https:\/\/cefanl.be\/?page_id=337"},"modified":"2023-01-30T15:37:41","modified_gmt":"2023-01-30T14:37:41","slug":"cefa-erezee","status":"publish","type":"page","link":"https:\/\/cefanl.be\/index.php\/implantations\/cefa-erezee\/","title":{"rendered":"CEFA SPECIALIS\u00c9 EREZ\u00c9E"},"content":{"rendered":"\n<figure class=\"wp-block-image size-large\"><img loading=\"lazy\" decoding=\"async\" width=\"1024\" height=\"407\" src=\"https:\/\/cefanl.be\/wp-content\/uploads\/2020\/04\/Briscol-e1587480853880-1024x407.jpg\" alt=\"\" class=\"wp-image-336\" srcset=\"https:\/\/cefanl.be\/wp-content\/uploads\/2020\/04\/Briscol-e1587480853880.jpg 1024w, https:\/\/cefanl.be\/wp-content\/uploads\/2020\/04\/Briscol-e1587480853880.jpg 300w, https:\/\/cefanl.be\/wp-content\/uploads\/2020\/04\/Briscol-e1587480853880.jpg 768w, https:\/\/cefanl.be\/wp-content\/uploads\/2020\/04\/Briscol-e1587480853880.jpg 1536w, https:\/\/cefanl.be\/wp-content\/uploads\/2020\/04\/Briscol-e1587480853880.jpg 2000w\" sizes=\"auto, (max-width: 1024px) 100vw, 1024px\" \/><\/figure>\n\n\n\n<p>L&rsquo;<a href=\"http:\/\/ecoleduvaldaisne.be\/\">Ecole du Val d&rsquo;Aisne<\/a> \u00e0 Erez\u00e9e est un \u00e9tablissement coop\u00e9rant du CEFA Nord-Luxembourg proposant un enseignement sp\u00e9cialis\u00e9 de type 3.<\/p>\n\n\n\n<p>C&rsquo;est dans un cadre enchanteur que l&rsquo;<a href=\"http:\/\/ecoleduvaldaisne.be\/\">Ecole du Val d&rsquo;Aisne<\/a> accueille les jeunes o\u00f9 tout est con\u00e7u et organis\u00e9 pour l&rsquo;aider \u00e0 se (re)construire et lui permettre de retrouver une place sociale, culturelle et \u00e9conomique dans notre soci\u00e9t\u00e9.<\/p>\n\n\n\n<p>Le cursus des \u00e9l\u00e8ves est structur\u00e9 en 3 \u00e9tapes et c&rsquo;est lors de cette troisi\u00e8me \u00e9tape (Phase III) que le jeune a la possibilit\u00e9, s&rsquo;il le souhaite, de poursuivre sa formation dans la fili\u00e8re de l&rsquo;alternance. <\/p>\n\n\n\n<h3 class=\"has-vivid-purple-color has-text-color wp-block-heading\">Options sur le site du CEFA sp\u00e9cialis\u00e9 d&rsquo;Erez\u00e9e<\/h3>\n\n\n\n<h4 class=\"wp-block-heading\">Enseignement sp\u00e9cialis\u00e9 de type 3 &#8211; Art.47<\/h4>\n\n\n\n<ul class=\"wp-block-list\">\n<li><a href=\"https:\/\/cefanl.be\/index.php\/options\/macon\/\">Ma\u00e7on(ne)<\/a><\/li>\n\n\n\n<li><a href=\"https:\/\/cefanl.be\/index.php\/options\/menuisierere\/\">Menuisier(\u00e8re)<\/a><\/li>\n<\/ul>\n\n\n\n<hr class=\"wp-block-separator has-alpha-channel-opacity\"\/>\n\n\n\n<section class=\"wp-block-uagb-columns uagb-columns__wrap uagb-columns__background-none uagb-columns__stack-mobile uagb-columns__valign- uagb-columns__gap-10 alignwide uagb-block-324d401f uagb-columns__columns-3 uagb-columns__max_width-theme\"><div class=\"uagb-columns__overlay\"><\/div><div class=\"uagb-columns__inner-wrap uagb-columns__columns-3\">\n<div class=\"wp-block-uagb-column uagb-column__wrap uagb-column__background-undefined uagb-block-4e82e195\"><div class=\"uagb-column__overlay\"><\/div>\n<div class=\"wp-block-uagb-image uagb-block-da9032b2 wp-block-uagb-image--layout-default wp-block-uagb-image--effect-static wp-block-uagb-image--align-none\"><figure class=\"wp-block-uagb-image__figure\"><img decoding=\"async\" srcset=\"https:\/\/cefanl.be\/wp-content\/uploads\/2020\/04\/Logo-CEFA-Nord-Luxembourg-EPSI-Erez\u00e9e-2013-1024x838.jpg \" src=\"https:\/\/cefanl.be\/wp-content\/uploads\/2020\/04\/Logo-CEFA-Nord-Luxembourg-EPSI-Erez\u00e9e-2013-1024x838.jpg\" alt=\"\" class=\"uag-image-395\" title=\"\" loading=\"lazy\"\/><\/figure><\/div>\n<\/div>\n\n\n\n<div class=\"wp-block-uagb-column uagb-column__wrap uagb-column__background-undefined uagb-block-62036451\"><div class=\"uagb-column__overlay\"><\/div>\n<h3 class=\"has-text-align-center has-vivid-red-color has-text-color wp-block-heading\">EREZ\u00c9E<\/h3>\n\n\n\n<p class=\"has-text-align-center\">EPSI VAL D\u2019AISNE<br>Briscol 12<br>6997 EREZ\u00c9E<br>T\u00c9L : 086 349 483<\/p>\n\n\n\n<p class=\"has-text-align-center\"><a href=\"mailto:erezee@cefanl.be\">erezee@cefanl.be<\/a><\/p>\n<\/div>\n\n\n\n<div class=\"wp-block-uagb-column uagb-column__wrap uagb-column__background-undefined uagb-block-65be789e\"><div class=\"uagb-column__overlay\"><\/div>\t\t\t<div \n\t\t\tclass=\"wp-block-uagb-google-map uagb-google-map__wrap uagb-block-4d4c7aa6     \"\n\t\t\tstyle=\"\" >\n\t\t\t\t<embed\n\t\t\t\t\tclass=\"uagb-google-map__iframe\"\n\t\t\t\t\ttitle=\"Carte Google pour \"\n\t\t\t\t\tsrc=\"https:\/\/maps.google.com\/maps?q=epsi%20val%20d%27aisne&#038;z=12&#038;hl=fr&#038;t=m&#038;output=embed&#038;iwloc=near\"\n\t\t\t\t\twidth=\"640\"\n\t\t\t\t\theight=\"300\"\n\t\t\t\t\tloading=\"lazy\"\n\t\t\t\t><\/embed>\n\t\t\t<\/div>\n\t\t\t<\/div>\n<\/div><\/section>\n\n\n\n<hr class=\"wp-block-separator has-css-opacity\"\/>\n\n\n\n<div class=\"wp-block-columns is-layout-flex wp-container-core-columns-is-layout-9d6595d7 wp-block-columns-is-layout-flex\">\n<div class=\"wp-block-column is-layout-flow wp-block-column-is-layout-flow\"><\/div>\n\n\n\n<div class=\"wp-block-column is-layout-flow wp-block-column-is-layout-flow\">\n<figure class=\"wp-block-image size-large\"><a href=\"http:\/\/ecoleduvaldaisne.be\/\" target=\"_blank\" rel=\"noopener noreferrer\"><img loading=\"lazy\" decoding=\"async\" width=\"250\" height=\"102\" src=\"https:\/\/cefanl.be\/wp-content\/uploads\/2020\/08\/ecole-val-aisne.png\" alt=\"\" class=\"wp-image-1268\"\/><\/a><\/figure>\n<\/div>\n\n\n\n<div class=\"wp-block-column is-layout-flow wp-block-column-is-layout-flow\"><\/div>\n<\/div>\n\n\n\n<p><\/p>\n","protected":false},"excerpt":{"rendered":"<p>L&rsquo;Ecole du Val d&rsquo;Aisne \u00e0 Erez\u00e9e est un \u00e9tablissement coop\u00e9rant du CEFA Nord-Luxembourg proposant un enseignement sp\u00e9cialis\u00e9 de type 3. C&rsquo;est dans un cadre enchanteur que l&rsquo;Ecole du Val d&rsquo;Aisne accueille les jeunes o\u00f9 tout est con\u00e7u et organis\u00e9 pour l&rsquo;aider \u00e0 se (re)construire et lui permettre de retrouver une place sociale, culturelle et \u00e9conomique [&hellip;]<\/p>\n","protected":false},"author":1,"featured_media":0,"parent":37,"menu_order":3,"comment_status":"closed","ping_status":"closed","template":"","meta":{"_uag_custom_page_level_css":"","footnotes":""},"class_list":["post-337","page","type-page","status-publish","czr-hentry"],"yoast_head":"<!-- This site is optimized with the Yoast SEO plugin v27.6 - https:\/\/yoast.com\/product\/yoast-seo-wordpress\/ -->\n<title>CEFA SPECIALIS\u00c9 EREZ\u00c9E - CEFA Nord-Luxembourg<\/title>\n<meta name=\"description\" content=\"D\u00e9couvrez l&#039;implantation du CEFA \u00e0 Erez\u00e9e (Briscol) dans l&#039;enseignement sp\u00e9cialis\u00e9 de l&#039;EPSI Val d&#039;Aisne. - CEFA Nord-Luxembourg\" \/>\n<meta name=\"robots\" content=\"index, follow, max-snippet:-1, max-image-preview:large, max-video-preview:-1\" \/>\n<link rel=\"canonical\" href=\"https:\/\/cefanl.be\/index.php\/implantations\/cefa-erezee\/\" \/>\n<meta property=\"og:locale\" content=\"fr_FR\" \/>\n<meta property=\"og:type\" content=\"article\" \/>\n<meta property=\"og:title\" content=\"CEFA SPECIALIS\u00c9 EREZ\u00c9E - CEFA Nord-Luxembourg\" \/>\n<meta property=\"og:description\" content=\"D\u00e9couvrez l&#039;implantation du CEFA \u00e0 Erez\u00e9e (Briscol) dans l&#039;enseignement sp\u00e9cialis\u00e9 de l&#039;EPSI Val d&#039;Aisne. - CEFA Nord-Luxembourg\" \/>\n<meta property=\"og:url\" content=\"https:\/\/cefanl.be\/index.php\/implantations\/cefa-erezee\/\" \/>\n<meta property=\"og:site_name\" content=\"CEFA Nord-Luxembourg\" \/>\n<meta property=\"article:publisher\" content=\"https:\/\/www.facebook.com\/CEFA.Bastogne.Bomal.Aywaille.Erezee\/\" \/>\n<meta property=\"article:modified_time\" content=\"2023-01-30T14:37:41+00:00\" \/>\n<meta property=\"og:image\" content=\"https:\/\/cefanl.be\/wp-content\/uploads\/2020\/04\/Briscol-e1587480853880-1024x407.jpg\" \/>\n<meta name=\"twitter:card\" content=\"summary_large_image\" \/>\n<meta name=\"twitter:label1\" content=\"Dur\u00e9e de lecture estim\u00e9e\" \/>\n\t<meta name=\"twitter:data1\" content=\"2 minutes\" \/>\n<script type=\"application\/ld+json\" class=\"yoast-schema-graph\">{\"@context\":\"https:\\\/\\\/schema.org\",\"@graph\":[{\"@type\":\"WebPage\",\"@id\":\"https:\\\/\\\/cefanl.be\\\/index.php\\\/implantations\\\/cefa-erezee\\\/\",\"url\":\"https:\\\/\\\/cefanl.be\\\/index.php\\\/implantations\\\/cefa-erezee\\\/\",\"name\":\"CEFA SPECIALIS\u00c9 EREZ\u00c9E - CEFA Nord-Luxembourg\",\"isPartOf\":{\"@id\":\"https:\\\/\\\/cefanl.be\\\/#website\"},\"primaryImageOfPage\":{\"@id\":\"https:\\\/\\\/cefanl.be\\\/index.php\\\/implantations\\\/cefa-erezee\\\/#primaryimage\"},\"image\":{\"@id\":\"https:\\\/\\\/cefanl.be\\\/index.php\\\/implantations\\\/cefa-erezee\\\/#primaryimage\"},\"thumbnailUrl\":\"https:\\\/\\\/cefanl.be\\\/wp-content\\\/uploads\\\/2020\\\/04\\\/Briscol-e1587480853880-1024x407.jpg\",\"datePublished\":\"2020-04-21T15:28:15+00:00\",\"dateModified\":\"2023-01-30T14:37:41+00:00\",\"description\":\"D\u00e9couvrez l'implantation du CEFA \u00e0 Erez\u00e9e (Briscol) dans l'enseignement sp\u00e9cialis\u00e9 de l'EPSI Val d'Aisne. - CEFA Nord-Luxembourg\",\"breadcrumb\":{\"@id\":\"https:\\\/\\\/cefanl.be\\\/index.php\\\/implantations\\\/cefa-erezee\\\/#breadcrumb\"},\"inLanguage\":\"fr-FR\",\"potentialAction\":[{\"@type\":\"ReadAction\",\"target\":[\"https:\\\/\\\/cefanl.be\\\/index.php\\\/implantations\\\/cefa-erezee\\\/\"]}]},{\"@type\":\"ImageObject\",\"inLanguage\":\"fr-FR\",\"@id\":\"https:\\\/\\\/cefanl.be\\\/index.php\\\/implantations\\\/cefa-erezee\\\/#primaryimage\",\"url\":\"https:\\\/\\\/cefanl.be\\\/wp-content\\\/uploads\\\/2020\\\/04\\\/Briscol-e1587480853880.jpg\",\"contentUrl\":\"https:\\\/\\\/cefanl.be\\\/wp-content\\\/uploads\\\/2020\\\/04\\\/Briscol-e1587480853880.jpg\",\"width\":2000,\"height\":795},{\"@type\":\"BreadcrumbList\",\"@id\":\"https:\\\/\\\/cefanl.be\\\/index.php\\\/implantations\\\/cefa-erezee\\\/#breadcrumb\",\"itemListElement\":[{\"@type\":\"ListItem\",\"position\":1,\"name\":\"Accueil\",\"item\":\"https:\\\/\\\/cefanl.be\\\/\"},{\"@type\":\"ListItem\",\"position\":2,\"name\":\"IMPLANTATIONS\",\"item\":\"https:\\\/\\\/cefanl.be\\\/index.php\\\/implantations\\\/\"},{\"@type\":\"ListItem\",\"position\":3,\"name\":\"CEFA SPECIALIS\u00c9 EREZ\u00c9E\"}]},{\"@type\":\"WebSite\",\"@id\":\"https:\\\/\\\/cefanl.be\\\/#website\",\"url\":\"https:\\\/\\\/cefanl.be\\\/\",\"name\":\"CEFA Nord-Luxembourg\",\"description\":\"Bastogne - Bomal - Aywaille - Erez\u00e9e - Vielsalm\",\"publisher\":{\"@id\":\"https:\\\/\\\/cefanl.be\\\/#organization\"},\"potentialAction\":[{\"@type\":\"SearchAction\",\"target\":{\"@type\":\"EntryPoint\",\"urlTemplate\":\"https:\\\/\\\/cefanl.be\\\/?s={search_term_string}\"},\"query-input\":{\"@type\":\"PropertyValueSpecification\",\"valueRequired\":true,\"valueName\":\"search_term_string\"}}],\"inLanguage\":\"fr-FR\"},{\"@type\":\"Organization\",\"@id\":\"https:\\\/\\\/cefanl.be\\\/#organization\",\"name\":\"CEFA Nord-Luxembourg\",\"url\":\"https:\\\/\\\/cefanl.be\\\/\",\"logo\":{\"@type\":\"ImageObject\",\"inLanguage\":\"fr-FR\",\"@id\":\"https:\\\/\\\/cefanl.be\\\/#\\\/schema\\\/logo\\\/image\\\/\",\"url\":\"https:\\\/\\\/cefanl.be\\\/wp-content\\\/uploads\\\/2024\\\/08\\\/cropped-Logo-CEFA-TOUS-ARBH-ARMB-ARAY-Erezee-ARMV-ICET-202.jpg\",\"contentUrl\":\"https:\\\/\\\/cefanl.be\\\/wp-content\\\/uploads\\\/2024\\\/08\\\/cropped-Logo-CEFA-TOUS-ARBH-ARMB-ARAY-Erezee-ARMV-ICET-202.jpg\",\"width\":643,\"height\":526,\"caption\":\"CEFA Nord-Luxembourg\"},\"image\":{\"@id\":\"https:\\\/\\\/cefanl.be\\\/#\\\/schema\\\/logo\\\/image\\\/\"},\"sameAs\":[\"https:\\\/\\\/www.facebook.com\\\/CEFA.Bastogne.Bomal.Aywaille.Erezee\\\/\"]}]}<\/script>\n<!-- \/ Yoast SEO plugin. -->","yoast_head_json":{"title":"CEFA SPECIALIS\u00c9 EREZ\u00c9E - CEFA Nord-Luxembourg","description":"D\u00e9couvrez l'implantation du CEFA \u00e0 Erez\u00e9e (Briscol) dans l'enseignement sp\u00e9cialis\u00e9 de l'EPSI Val d'Aisne. - CEFA Nord-Luxembourg","robots":{"index":"index","follow":"follow","max-snippet":"max-snippet:-1","max-image-preview":"max-image-preview:large","max-video-preview":"max-video-preview:-1"},"canonical":"https:\/\/cefanl.be\/index.php\/implantations\/cefa-erezee\/","og_locale":"fr_FR","og_type":"article","og_title":"CEFA SPECIALIS\u00c9 EREZ\u00c9E - CEFA Nord-Luxembourg","og_description":"D\u00e9couvrez l'implantation du CEFA \u00e0 Erez\u00e9e (Briscol) dans l'enseignement sp\u00e9cialis\u00e9 de l'EPSI Val d'Aisne. - CEFA Nord-Luxembourg","og_url":"https:\/\/cefanl.be\/index.php\/implantations\/cefa-erezee\/","og_site_name":"CEFA Nord-Luxembourg","article_publisher":"https:\/\/www.facebook.com\/CEFA.Bastogne.Bomal.Aywaille.Erezee\/","article_modified_time":"2023-01-30T14:37:41+00:00","og_image":[{"url":"https:\/\/cefanl.be\/wp-content\/uploads\/2020\/04\/Briscol-e1587480853880-1024x407.jpg","type":"","width":"","height":""}],"twitter_card":"summary_large_image","twitter_misc":{"Dur\u00e9e de lecture estim\u00e9e":"2 minutes"},"schema":{"@context":"https:\/\/schema.org","@graph":[{"@type":"WebPage","@id":"https:\/\/cefanl.be\/index.php\/implantations\/cefa-erezee\/","url":"https:\/\/cefanl.be\/index.php\/implantations\/cefa-erezee\/","name":"CEFA SPECIALIS\u00c9 EREZ\u00c9E - CEFA Nord-Luxembourg","isPartOf":{"@id":"https:\/\/cefanl.be\/#website"},"primaryImageOfPage":{"@id":"https:\/\/cefanl.be\/index.php\/implantations\/cefa-erezee\/#primaryimage"},"image":{"@id":"https:\/\/cefanl.be\/index.php\/implantations\/cefa-erezee\/#primaryimage"},"thumbnailUrl":"https:\/\/cefanl.be\/wp-content\/uploads\/2020\/04\/Briscol-e1587480853880-1024x407.jpg","datePublished":"2020-04-21T15:28:15+00:00","dateModified":"2023-01-30T14:37:41+00:00","description":"D\u00e9couvrez l'implantation du CEFA \u00e0 Erez\u00e9e (Briscol) dans l'enseignement sp\u00e9cialis\u00e9 de l'EPSI Val d'Aisne. - CEFA Nord-Luxembourg","breadcrumb":{"@id":"https:\/\/cefanl.be\/index.php\/implantations\/cefa-erezee\/#breadcrumb"},"inLanguage":"fr-FR","potentialAction":[{"@type":"ReadAction","target":["https:\/\/cefanl.be\/index.php\/implantations\/cefa-erezee\/"]}]},{"@type":"ImageObject","inLanguage":"fr-FR","@id":"https:\/\/cefanl.be\/index.php\/implantations\/cefa-erezee\/#primaryimage","url":"https:\/\/cefanl.be\/wp-content\/uploads\/2020\/04\/Briscol-e1587480853880.jpg","contentUrl":"https:\/\/cefanl.be\/wp-content\/uploads\/2020\/04\/Briscol-e1587480853880.jpg","width":2000,"height":795},{"@type":"BreadcrumbList","@id":"https:\/\/cefanl.be\/index.php\/implantations\/cefa-erezee\/#breadcrumb","itemListElement":[{"@type":"ListItem","position":1,"name":"Accueil","item":"https:\/\/cefanl.be\/"},{"@type":"ListItem","position":2,"name":"IMPLANTATIONS","item":"https:\/\/cefanl.be\/index.php\/implantations\/"},{"@type":"ListItem","position":3,"name":"CEFA SPECIALIS\u00c9 EREZ\u00c9E"}]},{"@type":"WebSite","@id":"https:\/\/cefanl.be\/#website","url":"https:\/\/cefanl.be\/","name":"CEFA Nord-Luxembourg","description":"Bastogne - Bomal - Aywaille - Erez\u00e9e - Vielsalm","publisher":{"@id":"https:\/\/cefanl.be\/#organization"},"potentialAction":[{"@type":"SearchAction","target":{"@type":"EntryPoint","urlTemplate":"https:\/\/cefanl.be\/?s={search_term_string}"},"query-input":{"@type":"PropertyValueSpecification","valueRequired":true,"valueName":"search_term_string"}}],"inLanguage":"fr-FR"},{"@type":"Organization","@id":"https:\/\/cefanl.be\/#organization","name":"CEFA Nord-Luxembourg","url":"https:\/\/cefanl.be\/","logo":{"@type":"ImageObject","inLanguage":"fr-FR","@id":"https:\/\/cefanl.be\/#\/schema\/logo\/image\/","url":"https:\/\/cefanl.be\/wp-content\/uploads\/2024\/08\/cropped-Logo-CEFA-TOUS-ARBH-ARMB-ARAY-Erezee-ARMV-ICET-202.jpg","contentUrl":"https:\/\/cefanl.be\/wp-content\/uploads\/2024\/08\/cropped-Logo-CEFA-TOUS-ARBH-ARMB-ARAY-Erezee-ARMV-ICET-202.jpg","width":643,"height":526,"caption":"CEFA Nord-Luxembourg"},"image":{"@id":"https:\/\/cefanl.be\/#\/schema\/logo\/image\/"},"sameAs":["https:\/\/www.facebook.com\/CEFA.Bastogne.Bomal.Aywaille.Erezee\/"]}]}},"uagb_featured_image_src":{"full":false,"thumbnail":false,"medium":false,"medium_large":false,"large":false,"etfrtb_logo":false,"1536x1536":false,"2048x2048":false,"tc-grid-full":false,"tc-grid":false,"tc-thumb":false,"slider-full":false,"slider":false,"tc-sq-thumb":false,"tc-ws-thumb":false,"tc-ws-small-thumb":false,"tc-slider-small":false},"uagb_author_info":{"display_name":"Geoffrey Plat\u00e9us","author_link":"https:\/\/cefanl.be\/index.php\/author\/admin2186\/"},"uagb_comment_info":0,"uagb_excerpt":"L&rsquo;Ecole du Val d&rsquo;Aisne \u00e0 Erez\u00e9e est un \u00e9tablissement coop\u00e9rant du CEFA Nord-Luxembourg proposant un enseignement sp\u00e9cialis\u00e9 de type 3. C&rsquo;est dans un cadre enchanteur que l&rsquo;Ecole du Val d&rsquo;Aisne accueille les jeunes o\u00f9 tout est con\u00e7u et organis\u00e9 pour l&rsquo;aider \u00e0 se (re)construire et lui permettre de retrouver une place sociale, culturelle et \u00e9conomique\u2026","jetpack_sharing_enabled":true,"_links":{"self":[{"href":"https:\/\/cefanl.be\/index.php\/wp-json\/wp\/v2\/pages\/337","targetHints":{"allow":["GET"]}}],"collection":[{"href":"https:\/\/cefanl.be\/index.php\/wp-json\/wp\/v2\/pages"}],"about":[{"href":"https:\/\/cefanl.be\/index.php\/wp-json\/wp\/v2\/types\/page"}],"author":[{"embeddable":true,"href":"https:\/\/cefanl.be\/index.php\/wp-json\/wp\/v2\/users\/1"}],"replies":[{"embeddable":true,"href":"https:\/\/cefanl.be\/index.php\/wp-json\/wp\/v2\/comments?post=337"}],"version-history":[{"count":9,"href":"https:\/\/cefanl.be\/index.php\/wp-json\/wp\/v2\/pages\/337\/revisions"}],"predecessor-version":[{"id":2606,"href":"https:\/\/cefanl.be\/index.php\/wp-json\/wp\/v2\/pages\/337\/revisions\/2606"}],"up":[{"embeddable":true,"href":"https:\/\/cefanl.be\/index.php\/wp-json\/wp\/v2\/pages\/37"}],"wp:attachment":[{"href":"https:\/\/cefanl.be\/index.php\/wp-json\/wp\/v2\/media?parent=337"}],"curies":[{"name":"wp","href":"https:\/\/api.w.org\/{rel}","templated":true}]}}