{"id":331,"date":"2020-04-21T16:51:01","date_gmt":"2020-04-21T14:51:01","guid":{"rendered":"https:\/\/cefanl.be\/?page_id=331"},"modified":"2026-04-07T19:32:41","modified_gmt":"2026-04-07T17:32:41","slug":"cefa-aywaille","status":"publish","type":"page","link":"https:\/\/cefanl.be\/index.php\/implantations\/cefa-aywaille\/","title":{"rendered":"CEFA AYWAILLE"},"content":{"rendered":"\n<figure class=\"wp-block-image size-large\"><img loading=\"lazy\" decoding=\"async\" width=\"1024\" height=\"474\" src=\"https:\/\/cefanl.be\/wp-content\/uploads\/2020\/04\/photo-ar-aywaille1-1024x474.jpg\" alt=\"\" class=\"wp-image-332\" srcset=\"https:\/\/cefanl.be\/wp-content\/uploads\/2020\/04\/photo-ar-aywaille1.jpg 1024w, https:\/\/cefanl.be\/wp-content\/uploads\/2020\/04\/photo-ar-aywaille1.jpg 300w, https:\/\/cefanl.be\/wp-content\/uploads\/2020\/04\/photo-ar-aywaille1.jpg 768w, https:\/\/cefanl.be\/wp-content\/uploads\/2020\/04\/photo-ar-aywaille1.jpg 1254w\" sizes=\"auto, (max-width: 1024px) 100vw, 1024px\" \/><\/figure>\n\n\n\n<p>Notre CEFA est aussi pr\u00e9sent \u00e0 Aywaille, \u00e0 l&rsquo;<a href=\"http:\/\/www.araywaille.be\/\" target=\"_blank\" rel=\"noreferrer noopener\">Ath\u00e9n\u00e9e royal Princesse Elisabeth<\/a> qui propose un large panel de formations techniques et professionnelles au plein exercice sur le site du \u00ab\u00a0Pr\u00e9fond\u00a0\u00bb.<\/p>\n\n\n\n<p>Depuis plus d&rsquo;une dizaine d&rsquo;ann\u00e9e, l&rsquo;<a href=\"http:\/\/www.araywaille.be\/\" target=\"_blank\" rel=\"noreferrer noopener\">Ath\u00e9n\u00e9e royal Princesse Elisabeth<\/a> est \u00e9galement un \u00e9tablissement coop\u00e9rant du CEFA Nord-Luxembourg afin de permettre aux jeunes qui le souhaitent de poursuivre leur formation dans la fili\u00e8re de l&rsquo;alternance.<\/p>\n\n\n\n<p>Notre implantation vous accueille dans un cadre verdoyant sur les hauteurs de la commune.<\/p>\n\n\n\n<h3 class=\"wp-block-heading has-vivid-purple-color has-text-color\">Options sur le site du CEFA d&rsquo;Aywaille<\/h3>\n\n\n\n<h4 class=\"wp-block-heading\">PEQ Degr\u00e9 sup\u00e9rieur (4\u00e8me, 5\u00e8me &amp; 6\u00e8me) art. 49<\/h4>\n\n\n\n<ul class=\"wp-block-list\">\n<li><a href=\"https:\/\/cefanl.be\/wp-content\/uploads\/2020\/03\/Assistant-soins-animaliers.png\">Assistant(e) en soins animaliers<\/a><\/li>\n\n\n\n<li><a href=\"https:\/\/cefanl.be\/index.php\/formations\/macon\/\">Ma\u00e7on(ne)<\/a><\/li>\n\n\n\n<li><a href=\"https:\/\/cefanl.be\/wp-content\/uploads\/2020\/04\/Monteur-chauffage-sanitaire.png\">Monteur(euse) en chauffage &amp; sanitaire<\/a><\/li>\n<\/ul>\n\n\n\n<h4 class=\"wp-block-heading\">7\u00e8me professionnelle<\/h4>\n\n\n\n<ul class=\"wp-block-list\">\n<li><a href=\"https:\/\/cefanl.be\/index.php\/options\/gestionnaire-de-tres-petites-entreprises\/\">Gestionnaire de Tr\u00e8s Petites Entreprises<\/a><\/li>\n<\/ul>\n\n\n\n<hr class=\"wp-block-separator has-alpha-channel-opacity\"\/>\n\n\n\n<section class=\"wp-block-uagb-columns uagb-columns__wrap uagb-columns__background-none uagb-columns__stack-mobile uagb-columns__valign- uagb-columns__gap-10 alignwide uagb-block-a091c7b7 uagb-columns__columns-3 uagb-columns__max_width-theme\"><div class=\"uagb-columns__overlay\"><\/div><div class=\"uagb-columns__inner-wrap uagb-columns__columns-3\">\n<div class=\"wp-block-uagb-column uagb-column__wrap uagb-column__background-undefined uagb-block-c2271035\"><div class=\"uagb-column__overlay\"><\/div>\n<div class=\"wp-block-uagb-image aligncenter uagb-block-fd21f852 wp-block-uagb-image--layout-default wp-block-uagb-image--effect-static wp-block-uagb-image--align-center\"><figure class=\"wp-block-uagb-image__figure\"><img decoding=\"async\" srcset=\"https:\/\/cefanl.be\/wp-content\/uploads\/2021\/06\/Logo-CEFA-NL-AR-Princesse-Elisabeth-Aywaille-2021-300x246.jpg \" sizes=\"auto, (max-width: 480px) 150px\" src=\"https:\/\/cefanl.be\/wp-content\/uploads\/2021\/06\/Logo-CEFA-NL-AR-Princesse-Elisabeth-Aywaille-2021-300x246.jpg\" alt=\"\" class=\"uag-image-1560\" width=\"300\" height=\"246\" title=\"\" loading=\"lazy\" role=\"img\"\/><\/figure><\/div>\n<\/div>\n\n\n\n<div class=\"wp-block-uagb-column uagb-column__wrap uagb-column__background-undefined uagb-block-2df5e4a7\"><div class=\"uagb-column__overlay\"><\/div>\n<h3 class=\"wp-block-heading has-text-align-center has-vivid-red-color has-text-color\">AYWAILLE<\/h3>\n\n\n\n<p class=\"has-text-align-center\">Ath\u00e9n\u00e9e Royal Princesse Elisabeth<\/p>\n\n\n\n<p class=\"has-text-align-center\">AV. Fran\u00e7ois Cornesse, 48<br>4920 AYWAILLE<br>T\u00c9L : 04 384 42 45<\/p>\n\n\n\n<p class=\"has-text-align-center\"><a href=\"mailto:aywaille@cefanl.be\">aywaille@cefanl.be<\/a><\/p>\n<\/div>\n\n\n\n<div class=\"wp-block-uagb-column uagb-column__wrap uagb-column__background-undefined uagb-block-faca1eb5\"><div class=\"uagb-column__overlay\"><\/div>\t\t\t<div \n\t\t\tclass=\"wp-block-uagb-google-map uagb-google-map__wrap uagb-block-c3292fb2     \"\n\t\t\tstyle=\"\" >\n\t\t\t\t<embed\n\t\t\t\t\tclass=\"uagb-google-map__iframe\"\n\t\t\t\t\ttitle=\"Carte Google pour \"\n\t\t\t\t\tsrc=\"https:\/\/maps.google.com\/maps?q=ath%C3%A9n%C3%A9e%20princesse%20elisabeth&#038;z=12&#038;hl=fr&#038;t=m&#038;output=embed&#038;iwloc=near\"\n\t\t\t\t\twidth=\"640\"\n\t\t\t\t\theight=\"300\"\n\t\t\t\t\tloading=\"lazy\"\n\t\t\t\t><\/embed>\n\t\t\t<\/div>\n\t\t\t<\/div>\n<\/div><\/section>\n\n\n\n<hr class=\"wp-block-separator has-css-opacity\"\/>\n\n\n\n<div class=\"wp-block-columns is-layout-flex wp-container-core-columns-is-layout-9d6595d7 wp-block-columns-is-layout-flex\">\n<div class=\"wp-block-column is-layout-flow wp-block-column-is-layout-flow\"><\/div>\n\n\n\n<div class=\"wp-block-column is-layout-flow wp-block-column-is-layout-flow\"><div class=\"wp-block-image\">\n<figure class=\"aligncenter size-large\"><a href=\"http:\/\/www.araywaille.be\/\" target=\"_blank\" rel=\"noopener noreferrer\"><img loading=\"lazy\" decoding=\"async\" width=\"1024\" height=\"486\" src=\"https:\/\/cefanl.be\/wp-content\/uploads\/2021\/06\/Logo-ARPE-2020_general-1024x486.jpg\" alt=\"\" class=\"wp-image-1559\" srcset=\"https:\/\/cefanl.be\/wp-content\/uploads\/2021\/06\/Logo-ARPE-2020_general.jpg 1024w, https:\/\/cefanl.be\/wp-content\/uploads\/2021\/06\/Logo-ARPE-2020_general.jpg 300w, https:\/\/cefanl.be\/wp-content\/uploads\/2021\/06\/Logo-ARPE-2020_general.jpg 768w, https:\/\/cefanl.be\/wp-content\/uploads\/2021\/06\/Logo-ARPE-2020_general.jpg 1423w\" sizes=\"auto, (max-width: 1024px) 100vw, 1024px\" \/><\/a><\/figure>\n<\/div><\/div>\n\n\n\n<div class=\"wp-block-column is-layout-flow wp-block-column-is-layout-flow\"><\/div>\n<\/div>\n\n\n\n<p><\/p>\n","protected":false},"excerpt":{"rendered":"<p>Notre CEFA est aussi pr\u00e9sent \u00e0 Aywaille, \u00e0 l&rsquo;Ath\u00e9n\u00e9e royal Princesse Elisabeth qui propose un large panel de formations techniques et professionnelles au plein exercice sur le site du \u00ab\u00a0Pr\u00e9fond\u00a0\u00bb. Depuis plus d&rsquo;une dizaine d&rsquo;ann\u00e9e, l&rsquo;Ath\u00e9n\u00e9e royal Princesse Elisabeth est \u00e9galement un \u00e9tablissement coop\u00e9rant du CEFA Nord-Luxembourg afin de permettre aux jeunes qui le souhaitent [&hellip;]<\/p>\n","protected":false},"author":1,"featured_media":0,"parent":37,"menu_order":2,"comment_status":"closed","ping_status":"closed","template":"","meta":{"_uag_custom_page_level_css":"","footnotes":""},"class_list":["post-331","page","type-page","status-publish","czr-hentry"],"yoast_head":"<!-- This site is optimized with the Yoast SEO plugin v27.5 - https:\/\/yoast.com\/product\/yoast-seo-wordpress\/ -->\n<title>CEFA AYWAILLE - CEFA Nord-Luxembourg<\/title>\n<meta name=\"description\" content=\"D\u00e9couvrez l&#039;implantation et les options du CEFA d&#039;Aywaille, \u00e0 l&#039;Ath\u00e9n\u00e9e royal Princesse Elisabeth, en Province de Li\u00e8ge.\" \/>\n<meta name=\"robots\" content=\"index, follow, max-snippet:-1, max-image-preview:large, max-video-preview:-1\" \/>\n<link rel=\"canonical\" href=\"https:\/\/cefanl.be\/index.php\/implantations\/cefa-aywaille\/\" \/>\n<meta property=\"og:locale\" content=\"fr_FR\" \/>\n<meta property=\"og:type\" content=\"article\" \/>\n<meta property=\"og:title\" content=\"CEFA AYWAILLE - CEFA Nord-Luxembourg\" \/>\n<meta property=\"og:description\" content=\"D\u00e9couvrez l&#039;implantation et les options du CEFA d&#039;Aywaille, \u00e0 l&#039;Ath\u00e9n\u00e9e royal Princesse Elisabeth, en Province de Li\u00e8ge.\" \/>\n<meta property=\"og:url\" content=\"https:\/\/cefanl.be\/index.php\/implantations\/cefa-aywaille\/\" \/>\n<meta property=\"og:site_name\" content=\"CEFA Nord-Luxembourg\" \/>\n<meta property=\"article:publisher\" content=\"https:\/\/www.facebook.com\/CEFA.Bastogne.Bomal.Aywaille.Erezee\/\" \/>\n<meta property=\"article:modified_time\" content=\"2026-04-07T17:32:41+00:00\" \/>\n<meta property=\"og:image\" content=\"https:\/\/cefanl.be\/wp-content\/uploads\/2020\/04\/photo-ar-aywaille1.jpg\" \/>\n\t<meta property=\"og:image:width\" content=\"1254\" \/>\n\t<meta property=\"og:image:height\" content=\"581\" \/>\n\t<meta property=\"og:image:type\" content=\"image\/jpeg\" \/>\n<meta name=\"twitter:card\" content=\"summary_large_image\" \/>\n<meta name=\"twitter:label1\" content=\"Dur\u00e9e de lecture estim\u00e9e\" \/>\n\t<meta name=\"twitter:data1\" content=\"2 minutes\" \/>\n<script type=\"application\/ld+json\" class=\"yoast-schema-graph\">{\"@context\":\"https:\\\/\\\/schema.org\",\"@graph\":[{\"@type\":\"WebPage\",\"@id\":\"https:\\\/\\\/cefanl.be\\\/index.php\\\/implantations\\\/cefa-aywaille\\\/\",\"url\":\"https:\\\/\\\/cefanl.be\\\/index.php\\\/implantations\\\/cefa-aywaille\\\/\",\"name\":\"CEFA AYWAILLE - CEFA Nord-Luxembourg\",\"isPartOf\":{\"@id\":\"https:\\\/\\\/cefanl.be\\\/#website\"},\"primaryImageOfPage\":{\"@id\":\"https:\\\/\\\/cefanl.be\\\/index.php\\\/implantations\\\/cefa-aywaille\\\/#primaryimage\"},\"image\":{\"@id\":\"https:\\\/\\\/cefanl.be\\\/index.php\\\/implantations\\\/cefa-aywaille\\\/#primaryimage\"},\"thumbnailUrl\":\"https:\\\/\\\/cefanl.be\\\/wp-content\\\/uploads\\\/2020\\\/04\\\/photo-ar-aywaille1-1024x474.jpg\",\"datePublished\":\"2020-04-21T14:51:01+00:00\",\"dateModified\":\"2026-04-07T17:32:41+00:00\",\"description\":\"D\u00e9couvrez l'implantation et les options du CEFA d'Aywaille, \u00e0 l'Ath\u00e9n\u00e9e royal Princesse Elisabeth, en Province de Li\u00e8ge.\",\"breadcrumb\":{\"@id\":\"https:\\\/\\\/cefanl.be\\\/index.php\\\/implantations\\\/cefa-aywaille\\\/#breadcrumb\"},\"inLanguage\":\"fr-FR\",\"potentialAction\":[{\"@type\":\"ReadAction\",\"target\":[\"https:\\\/\\\/cefanl.be\\\/index.php\\\/implantations\\\/cefa-aywaille\\\/\"]}]},{\"@type\":\"ImageObject\",\"inLanguage\":\"fr-FR\",\"@id\":\"https:\\\/\\\/cefanl.be\\\/index.php\\\/implantations\\\/cefa-aywaille\\\/#primaryimage\",\"url\":\"https:\\\/\\\/cefanl.be\\\/wp-content\\\/uploads\\\/2020\\\/04\\\/photo-ar-aywaille1.jpg\",\"contentUrl\":\"https:\\\/\\\/cefanl.be\\\/wp-content\\\/uploads\\\/2020\\\/04\\\/photo-ar-aywaille1.jpg\",\"width\":1254,\"height\":581},{\"@type\":\"BreadcrumbList\",\"@id\":\"https:\\\/\\\/cefanl.be\\\/index.php\\\/implantations\\\/cefa-aywaille\\\/#breadcrumb\",\"itemListElement\":[{\"@type\":\"ListItem\",\"position\":1,\"name\":\"Accueil\",\"item\":\"https:\\\/\\\/cefanl.be\\\/\"},{\"@type\":\"ListItem\",\"position\":2,\"name\":\"IMPLANTATIONS\",\"item\":\"https:\\\/\\\/cefanl.be\\\/index.php\\\/implantations\\\/\"},{\"@type\":\"ListItem\",\"position\":3,\"name\":\"CEFA AYWAILLE\"}]},{\"@type\":\"WebSite\",\"@id\":\"https:\\\/\\\/cefanl.be\\\/#website\",\"url\":\"https:\\\/\\\/cefanl.be\\\/\",\"name\":\"CEFA Nord-Luxembourg\",\"description\":\"Bastogne - Bomal - Aywaille - Erez\u00e9e - Vielsalm\",\"publisher\":{\"@id\":\"https:\\\/\\\/cefanl.be\\\/#organization\"},\"potentialAction\":[{\"@type\":\"SearchAction\",\"target\":{\"@type\":\"EntryPoint\",\"urlTemplate\":\"https:\\\/\\\/cefanl.be\\\/?s={search_term_string}\"},\"query-input\":{\"@type\":\"PropertyValueSpecification\",\"valueRequired\":true,\"valueName\":\"search_term_string\"}}],\"inLanguage\":\"fr-FR\"},{\"@type\":\"Organization\",\"@id\":\"https:\\\/\\\/cefanl.be\\\/#organization\",\"name\":\"CEFA Nord-Luxembourg\",\"url\":\"https:\\\/\\\/cefanl.be\\\/\",\"logo\":{\"@type\":\"ImageObject\",\"inLanguage\":\"fr-FR\",\"@id\":\"https:\\\/\\\/cefanl.be\\\/#\\\/schema\\\/logo\\\/image\\\/\",\"url\":\"https:\\\/\\\/cefanl.be\\\/wp-content\\\/uploads\\\/2024\\\/08\\\/cropped-Logo-CEFA-TOUS-ARBH-ARMB-ARAY-Erezee-ARMV-ICET-202.jpg\",\"contentUrl\":\"https:\\\/\\\/cefanl.be\\\/wp-content\\\/uploads\\\/2024\\\/08\\\/cropped-Logo-CEFA-TOUS-ARBH-ARMB-ARAY-Erezee-ARMV-ICET-202.jpg\",\"width\":643,\"height\":526,\"caption\":\"CEFA Nord-Luxembourg\"},\"image\":{\"@id\":\"https:\\\/\\\/cefanl.be\\\/#\\\/schema\\\/logo\\\/image\\\/\"},\"sameAs\":[\"https:\\\/\\\/www.facebook.com\\\/CEFA.Bastogne.Bomal.Aywaille.Erezee\\\/\"]}]}<\/script>\n<!-- \/ Yoast SEO plugin. -->","yoast_head_json":{"title":"CEFA AYWAILLE - CEFA Nord-Luxembourg","description":"D\u00e9couvrez l'implantation et les options du CEFA d'Aywaille, \u00e0 l'Ath\u00e9n\u00e9e royal Princesse Elisabeth, en Province de Li\u00e8ge.","robots":{"index":"index","follow":"follow","max-snippet":"max-snippet:-1","max-image-preview":"max-image-preview:large","max-video-preview":"max-video-preview:-1"},"canonical":"https:\/\/cefanl.be\/index.php\/implantations\/cefa-aywaille\/","og_locale":"fr_FR","og_type":"article","og_title":"CEFA AYWAILLE - CEFA Nord-Luxembourg","og_description":"D\u00e9couvrez l'implantation et les options du CEFA d'Aywaille, \u00e0 l'Ath\u00e9n\u00e9e royal Princesse Elisabeth, en Province de Li\u00e8ge.","og_url":"https:\/\/cefanl.be\/index.php\/implantations\/cefa-aywaille\/","og_site_name":"CEFA Nord-Luxembourg","article_publisher":"https:\/\/www.facebook.com\/CEFA.Bastogne.Bomal.Aywaille.Erezee\/","article_modified_time":"2026-04-07T17:32:41+00:00","og_image":[{"width":1254,"height":581,"url":"https:\/\/cefanl.be\/wp-content\/uploads\/2020\/04\/photo-ar-aywaille1.jpg","type":"image\/jpeg"}],"twitter_card":"summary_large_image","twitter_misc":{"Dur\u00e9e de lecture estim\u00e9e":"2 minutes"},"schema":{"@context":"https:\/\/schema.org","@graph":[{"@type":"WebPage","@id":"https:\/\/cefanl.be\/index.php\/implantations\/cefa-aywaille\/","url":"https:\/\/cefanl.be\/index.php\/implantations\/cefa-aywaille\/","name":"CEFA AYWAILLE - CEFA Nord-Luxembourg","isPartOf":{"@id":"https:\/\/cefanl.be\/#website"},"primaryImageOfPage":{"@id":"https:\/\/cefanl.be\/index.php\/implantations\/cefa-aywaille\/#primaryimage"},"image":{"@id":"https:\/\/cefanl.be\/index.php\/implantations\/cefa-aywaille\/#primaryimage"},"thumbnailUrl":"https:\/\/cefanl.be\/wp-content\/uploads\/2020\/04\/photo-ar-aywaille1-1024x474.jpg","datePublished":"2020-04-21T14:51:01+00:00","dateModified":"2026-04-07T17:32:41+00:00","description":"D\u00e9couvrez l'implantation et les options du CEFA d'Aywaille, \u00e0 l'Ath\u00e9n\u00e9e royal Princesse Elisabeth, en Province de Li\u00e8ge.","breadcrumb":{"@id":"https:\/\/cefanl.be\/index.php\/implantations\/cefa-aywaille\/#breadcrumb"},"inLanguage":"fr-FR","potentialAction":[{"@type":"ReadAction","target":["https:\/\/cefanl.be\/index.php\/implantations\/cefa-aywaille\/"]}]},{"@type":"ImageObject","inLanguage":"fr-FR","@id":"https:\/\/cefanl.be\/index.php\/implantations\/cefa-aywaille\/#primaryimage","url":"https:\/\/cefanl.be\/wp-content\/uploads\/2020\/04\/photo-ar-aywaille1.jpg","contentUrl":"https:\/\/cefanl.be\/wp-content\/uploads\/2020\/04\/photo-ar-aywaille1.jpg","width":1254,"height":581},{"@type":"BreadcrumbList","@id":"https:\/\/cefanl.be\/index.php\/implantations\/cefa-aywaille\/#breadcrumb","itemListElement":[{"@type":"ListItem","position":1,"name":"Accueil","item":"https:\/\/cefanl.be\/"},{"@type":"ListItem","position":2,"name":"IMPLANTATIONS","item":"https:\/\/cefanl.be\/index.php\/implantations\/"},{"@type":"ListItem","position":3,"name":"CEFA AYWAILLE"}]},{"@type":"WebSite","@id":"https:\/\/cefanl.be\/#website","url":"https:\/\/cefanl.be\/","name":"CEFA Nord-Luxembourg","description":"Bastogne - Bomal - Aywaille - Erez\u00e9e - Vielsalm","publisher":{"@id":"https:\/\/cefanl.be\/#organization"},"potentialAction":[{"@type":"SearchAction","target":{"@type":"EntryPoint","urlTemplate":"https:\/\/cefanl.be\/?s={search_term_string}"},"query-input":{"@type":"PropertyValueSpecification","valueRequired":true,"valueName":"search_term_string"}}],"inLanguage":"fr-FR"},{"@type":"Organization","@id":"https:\/\/cefanl.be\/#organization","name":"CEFA Nord-Luxembourg","url":"https:\/\/cefanl.be\/","logo":{"@type":"ImageObject","inLanguage":"fr-FR","@id":"https:\/\/cefanl.be\/#\/schema\/logo\/image\/","url":"https:\/\/cefanl.be\/wp-content\/uploads\/2024\/08\/cropped-Logo-CEFA-TOUS-ARBH-ARMB-ARAY-Erezee-ARMV-ICET-202.jpg","contentUrl":"https:\/\/cefanl.be\/wp-content\/uploads\/2024\/08\/cropped-Logo-CEFA-TOUS-ARBH-ARMB-ARAY-Erezee-ARMV-ICET-202.jpg","width":643,"height":526,"caption":"CEFA Nord-Luxembourg"},"image":{"@id":"https:\/\/cefanl.be\/#\/schema\/logo\/image\/"},"sameAs":["https:\/\/www.facebook.com\/CEFA.Bastogne.Bomal.Aywaille.Erezee\/"]}]}},"uagb_featured_image_src":{"full":false,"thumbnail":false,"medium":false,"medium_large":false,"large":false,"etfrtb_logo":false,"1536x1536":false,"2048x2048":false,"tc-grid-full":false,"tc-grid":false,"tc-thumb":false,"slider-full":false,"slider":false,"tc-sq-thumb":false,"tc-ws-thumb":false,"tc-ws-small-thumb":false,"tc-slider-small":false},"uagb_author_info":{"display_name":"Geoffrey Plat\u00e9us","author_link":"https:\/\/cefanl.be\/index.php\/author\/admin2186\/"},"uagb_comment_info":0,"uagb_excerpt":"Notre CEFA est aussi pr\u00e9sent \u00e0 Aywaille, \u00e0 l&rsquo;Ath\u00e9n\u00e9e royal Princesse Elisabeth qui propose un large panel de formations techniques et professionnelles au plein exercice sur le site du \u00ab\u00a0Pr\u00e9fond\u00a0\u00bb. Depuis plus d&rsquo;une dizaine d&rsquo;ann\u00e9e, l&rsquo;Ath\u00e9n\u00e9e royal Princesse Elisabeth est \u00e9galement un \u00e9tablissement coop\u00e9rant du CEFA Nord-Luxembourg afin de permettre aux jeunes qui le souhaitent\u2026","jetpack_sharing_enabled":true,"_links":{"self":[{"href":"https:\/\/cefanl.be\/index.php\/wp-json\/wp\/v2\/pages\/331","targetHints":{"allow":["GET"]}}],"collection":[{"href":"https:\/\/cefanl.be\/index.php\/wp-json\/wp\/v2\/pages"}],"about":[{"href":"https:\/\/cefanl.be\/index.php\/wp-json\/wp\/v2\/types\/page"}],"author":[{"embeddable":true,"href":"https:\/\/cefanl.be\/index.php\/wp-json\/wp\/v2\/users\/1"}],"replies":[{"embeddable":true,"href":"https:\/\/cefanl.be\/index.php\/wp-json\/wp\/v2\/comments?post=331"}],"version-history":[{"count":22,"href":"https:\/\/cefanl.be\/index.php\/wp-json\/wp\/v2\/pages\/331\/revisions"}],"predecessor-version":[{"id":5198,"href":"https:\/\/cefanl.be\/index.php\/wp-json\/wp\/v2\/pages\/331\/revisions\/5198"}],"up":[{"embeddable":true,"href":"https:\/\/cefanl.be\/index.php\/wp-json\/wp\/v2\/pages\/37"}],"wp:attachment":[{"href":"https:\/\/cefanl.be\/index.php\/wp-json\/wp\/v2\/media?parent=331"}],"curies":[{"name":"wp","href":"https:\/\/api.w.org\/{rel}","templated":true}]}}