{"id":299,"date":"2020-04-20T18:09:25","date_gmt":"2020-04-20T16:09:25","guid":{"rendered":"https:\/\/cefanl.be\/?page_id=299"},"modified":"2025-09-17T14:12:18","modified_gmt":"2025-09-17T12:12:18","slug":"cefa-bomal","status":"publish","type":"page","link":"https:\/\/cefanl.be\/index.php\/implantations\/cefa-bomal\/","title":{"rendered":"CEFA BOMAL (Durbuy)"},"content":{"rendered":"\n<figure class=\"wp-block-image size-full is-resized\"><img loading=\"lazy\" decoding=\"async\" width=\"2560\" height=\"1011\" src=\"https:\/\/cefanl.be\/wp-content\/uploads\/2020\/04\/IMG_1140-scaled-e1587397809763.jpg\" alt=\"Site de Bomal\" class=\"wp-image-298\" style=\"width:1378px;height:650px\" srcset=\"https:\/\/cefanl.be\/wp-content\/uploads\/2020\/04\/IMG_1140-scaled-e1587397809763.jpg 2560w, https:\/\/cefanl.be\/wp-content\/uploads\/2020\/04\/IMG_1140-scaled-e1587397809763.jpg 300w, https:\/\/cefanl.be\/wp-content\/uploads\/2020\/04\/IMG_1140-scaled-e1587397809763.jpg 1024w, https:\/\/cefanl.be\/wp-content\/uploads\/2020\/04\/IMG_1140-scaled-e1587397809763.jpg 768w, https:\/\/cefanl.be\/wp-content\/uploads\/2020\/04\/IMG_1140-scaled-e1587397809763.jpg 1536w, https:\/\/cefanl.be\/wp-content\/uploads\/2020\/04\/IMG_1140-scaled-e1587397809763.jpg 2048w, https:\/\/cefanl.be\/wp-content\/uploads\/2020\/04\/IMG_1140-scaled-e1587397809763.jpg 2280w\" sizes=\"auto, (max-width: 1140px) 100vw, 1140px\" \/><\/figure>\n\n\n\n<p>C&rsquo;est sur le site de Bomal (Durbuy) de l&rsquo;<a href=\"http:\/\/www.atheneemarchebomal.be\/\">Ath\u00e9n\u00e9e royal Marche &#8211; Barvaux &#8211; Bomal<\/a> que notre CEFA a une antenne en tant qu&rsquo;\u00e9tablissement coop\u00e9rant.<\/p>\n\n\n\n<p>Notre CEFA vous accueille dans un cadre verdoyant. Une \u00e9cole \u00e0 taille humaine, parfaitement situ\u00e9e sur la commune de Durbuy, \u00e0 la fronti\u00e8re des Provinces de Li\u00e8ge et du Luxembourg. <\/p>\n\n\n\n<p>Facilement accessible en train ou en bus, les \u00e9l\u00e8ves de Bomal proviennent de plusieurs communes avoisinantes.<\/p>\n\n\n\n<p>L&rsquo;\u00e9quipe des accompagnateurs du CEFA de Bomal (Durbuy) tient un suivi personnalis\u00e9 de chaque \u00e9l\u00e8ve en privil\u00e9giant le dialogue et l&rsquo;\u00e9coute afin que chaque \u00e9l\u00e8ve puisse s&rsquo;\u00e9panouir dans sa vie scolaire et professionnelle. Ils collaborent \u00e9troitement avec le CPMS pour favoriser le bien \u00eatre de chacun.<\/p>\n\n\n\n<p>Nous vous invitons \u00e9galement \u00e0 d\u00e9couvrir notre restaurant didactique \u00ab\u00a0<a href=\"https:\/\/cefanl.be\/index.php\/implantations\/bomal\/la-source-des-saveurs\/\">La Source des Saveurs<\/a>\u00a0\u00bb qui est ouvert \u00e0 tous les jeudis midi durant l&rsquo;ann\u00e9e scolaire o\u00f9 vous aurez l&rsquo;occasion de go\u00fbter les repas pr\u00e9par\u00e9s par nos \u00e9l\u00e8ves des options h\u00f4teli\u00e8res. <\/p>\n\n\n\n<figure class=\"wp-block-gallery has-nested-images columns-4 is-cropped wp-block-gallery-1 is-layout-flex wp-block-gallery-is-layout-flex\">\n<figure class=\"wp-block-image size-large\"><a href=\"https:\/\/cefanl.be\/wp-content\/uploads\/2020\/05\/IMG_1137-scaled.jpg\"><img loading=\"lazy\" decoding=\"async\" width=\"1024\" height=\"768\" data-id=\"457\" src=\"https:\/\/cefanl.be\/wp-content\/uploads\/2020\/05\/IMG_1137-1024x768.jpg\" alt=\"\" class=\"wp-image-457\" srcset=\"https:\/\/cefanl.be\/wp-content\/uploads\/2020\/05\/IMG_1137-scaled.jpg 1024w, https:\/\/cefanl.be\/wp-content\/uploads\/2020\/05\/IMG_1137-scaled.jpg 300w, https:\/\/cefanl.be\/wp-content\/uploads\/2020\/05\/IMG_1137-scaled.jpg 768w, https:\/\/cefanl.be\/wp-content\/uploads\/2020\/05\/IMG_1137-scaled.jpg 1536w, https:\/\/cefanl.be\/wp-content\/uploads\/2020\/05\/IMG_1137-scaled.jpg 2048w, https:\/\/cefanl.be\/wp-content\/uploads\/2020\/05\/IMG_1137-scaled.jpg 2280w\" sizes=\"auto, (max-width: 1024px) 100vw, 1024px\" \/><\/a><\/figure>\n\n\n\n<figure class=\"wp-block-image size-large\"><a href=\"https:\/\/cefanl.be\/wp-content\/uploads\/2020\/05\/IMG_1139-scaled.jpg\"><img loading=\"lazy\" decoding=\"async\" width=\"1024\" height=\"768\" data-id=\"459\" src=\"https:\/\/cefanl.be\/wp-content\/uploads\/2020\/05\/IMG_1139-1024x768.jpg\" alt=\"\" class=\"wp-image-459\" srcset=\"https:\/\/cefanl.be\/wp-content\/uploads\/2020\/05\/IMG_1139-scaled.jpg 1024w, https:\/\/cefanl.be\/wp-content\/uploads\/2020\/05\/IMG_1139-scaled.jpg 300w, https:\/\/cefanl.be\/wp-content\/uploads\/2020\/05\/IMG_1139-scaled.jpg 768w, https:\/\/cefanl.be\/wp-content\/uploads\/2020\/05\/IMG_1139-scaled.jpg 1536w, https:\/\/cefanl.be\/wp-content\/uploads\/2020\/05\/IMG_1139-scaled.jpg 2048w, https:\/\/cefanl.be\/wp-content\/uploads\/2020\/05\/IMG_1139-scaled.jpg 2280w\" sizes=\"auto, (max-width: 1024px) 100vw, 1024px\" \/><\/a><\/figure>\n\n\n\n<figure class=\"wp-block-image size-large\"><a href=\"https:\/\/cefanl.be\/wp-content\/uploads\/2020\/05\/IMG_1142-scaled.jpg\"><img loading=\"lazy\" decoding=\"async\" width=\"1024\" height=\"768\" data-id=\"462\" src=\"https:\/\/cefanl.be\/wp-content\/uploads\/2020\/05\/IMG_1142-1024x768.jpg\" alt=\"\" class=\"wp-image-462\" srcset=\"https:\/\/cefanl.be\/wp-content\/uploads\/2020\/05\/IMG_1142-scaled.jpg 1024w, https:\/\/cefanl.be\/wp-content\/uploads\/2020\/05\/IMG_1142-scaled.jpg 300w, https:\/\/cefanl.be\/wp-content\/uploads\/2020\/05\/IMG_1142-scaled.jpg 768w, https:\/\/cefanl.be\/wp-content\/uploads\/2020\/05\/IMG_1142-scaled.jpg 1536w, https:\/\/cefanl.be\/wp-content\/uploads\/2020\/05\/IMG_1142-scaled.jpg 2048w, https:\/\/cefanl.be\/wp-content\/uploads\/2020\/05\/IMG_1142-scaled.jpg 2280w\" sizes=\"auto, (max-width: 1024px) 100vw, 1024px\" \/><\/a><\/figure>\n\n\n\n<figure class=\"wp-block-image size-large\"><a href=\"https:\/\/cefanl.be\/wp-content\/uploads\/2020\/05\/IMG_1146-scaled.jpg\"><img loading=\"lazy\" decoding=\"async\" width=\"1024\" height=\"768\" data-id=\"466\" src=\"https:\/\/cefanl.be\/wp-content\/uploads\/2020\/05\/IMG_1146-1024x768.jpg\" alt=\"\" class=\"wp-image-466\" srcset=\"https:\/\/cefanl.be\/wp-content\/uploads\/2020\/05\/IMG_1146-scaled.jpg 1024w, https:\/\/cefanl.be\/wp-content\/uploads\/2020\/05\/IMG_1146-scaled.jpg 300w, https:\/\/cefanl.be\/wp-content\/uploads\/2020\/05\/IMG_1146-scaled.jpg 768w, https:\/\/cefanl.be\/wp-content\/uploads\/2020\/05\/IMG_1146-scaled.jpg 1536w, https:\/\/cefanl.be\/wp-content\/uploads\/2020\/05\/IMG_1146-scaled.jpg 2048w, https:\/\/cefanl.be\/wp-content\/uploads\/2020\/05\/IMG_1146-scaled.jpg 2280w\" sizes=\"auto, (max-width: 1024px) 100vw, 1024px\" \/><\/a><\/figure>\n<\/figure>\n\n\n\n<h3 class=\"wp-block-heading has-vivid-purple-color has-text-color\">Options sur le site du CEFA de Bomal<\/h3>\n\n\n\n<h4 class=\"wp-block-heading\">Formations Article 45<\/h4>\n\n\n\n<ul class=\"wp-block-list\">\n<li><a href=\"https:\/\/cefanl.be\/index.php\/options\/auxiliaire-de-magasin\/\">Auxiliaire de magasin<\/a><\/li>\n\n\n\n<li><a href=\"https:\/\/cefanl.be\/index.php\/options\/commis-de-cuisine\/\">Commis(e) de Cuisine<\/a><\/li>\n<\/ul>\n\n\n\n<h4 class=\"wp-block-heading\">PEQ Degr\u00e9 sup\u00e9rieur (4\u00e8me, 5\u00e8me &amp; 6\u00e8me) art. 49<\/h4>\n\n\n\n<ul class=\"wp-block-list\">\n<li><a href=\"https:\/\/cefanl.be\/index.php\/options\/restaurateurtrice\/\">Restaurateur(trice)<\/a> <\/li>\n\n\n\n<li><a href=\"https:\/\/cefanl.be\/index.php\/options\/vente\/\">Vendeur(euse)<\/a><\/li>\n<\/ul>\n\n\n\n<h4 class=\"wp-block-heading\">7\u00e8me professionnelle<\/h4>\n\n\n\n<ul class=\"wp-block-list\">\n<li><a href=\"https:\/\/cefanl.be\/index.php\/options\/gestionnaire-de-tres-petites-entreprises\/\">Gestionnaire de Tr\u00e8s Petites Entreprises<\/a><\/li>\n<\/ul>\n\n\n\n<hr class=\"wp-block-separator has-alpha-channel-opacity\"\/>\n\n\n\n<section class=\"wp-block-uagb-columns uagb-columns__wrap uagb-columns__background-none uagb-columns__stack-mobile uagb-columns__valign- uagb-columns__gap-10 alignwide uagb-block-3f071ec3 uagb-columns__columns-3 uagb-columns__max_width-theme\"><div class=\"uagb-columns__overlay\"><\/div><div class=\"uagb-columns__inner-wrap uagb-columns__columns-3\">\n<div class=\"wp-block-uagb-column uagb-column__wrap uagb-column__background-undefined uagb-block-d3cf2d05\"><div class=\"uagb-column__overlay\"><\/div>\n<div class=\"wp-block-uagb-image uagb-block-a061efee wp-block-uagb-image--layout-default wp-block-uagb-image--effect-static wp-block-uagb-image--align-none\"><figure class=\"wp-block-uagb-image__figure\"><img decoding=\"async\" srcset=\"https:\/\/cefanl.be\/wp-content\/uploads\/2020\/04\/Logo-CEFA-Nord-Luxembourg-ARMB-Bomal-2014-300x246.png \" sizes=\"auto, (max-width: 480px) 150px\" src=\"https:\/\/cefanl.be\/wp-content\/uploads\/2020\/04\/Logo-CEFA-Nord-Luxembourg-ARMB-Bomal-2014-300x246.png\" alt=\"\" class=\"uag-image-393\" width=\"300\" height=\"246\" title=\"\" loading=\"lazy\" role=\"img\"\/><\/figure><\/div>\n<\/div>\n\n\n\n<div class=\"wp-block-uagb-column uagb-column__wrap uagb-column__background-undefined uagb-block-43f84074\"><div class=\"uagb-column__overlay\"><\/div>\n<h3 class=\"wp-block-heading has-text-align-center font_5 has-vivid-red-color has-text-color\">BOMAL (Durbuy)<\/h3>\n\n\n\n<p class=\"has-text-align-center\">Ath\u00e9n\u00e9e Royal Marche &#8211; Bomal<\/p>\n\n\n\n<p class=\"has-text-align-center font_8\"><span class=\"color_15\">Rue du Nofiot, 1<br>6941 Bomal-sur-Ourthe <\/span><\/p>\n\n\n\n<p class=\"has-text-align-center font_8\"><span class=\"color_15\">T\u00e9l : 086 219 124 <\/span><\/p>\n\n\n\n<p class=\"has-text-align-center font_8\"><a href=\"mailto:bomal@cefanl.be\">bomal@cefanl.be<\/a><\/p>\n<\/div>\n\n\n\n<div class=\"wp-block-uagb-column uagb-column__wrap uagb-column__background-undefined uagb-block-77eb00c4\"><div class=\"uagb-column__overlay\"><\/div>\t\t\t<div \n\t\t\tclass=\"wp-block-uagb-google-map uagb-google-map__wrap uagb-block-47d31c62     wp-block-uagb-google-map uagb-google-map__wrap uagb-block-47d31c62\"\n\t\t\tstyle=\"\" >\n\t\t\t\t<embed\n\t\t\t\t\tclass=\"uagb-google-map__iframe\"\n\t\t\t\t\ttitle=\"Carte Google pour \"\n\t\t\t\t\tsrc=\"https:\/\/maps.google.com\/maps?q=cefa%20bomal&#038;z=12&#038;hl=fr&#038;t=m&#038;output=embed&#038;iwloc=near\"\n\t\t\t\t\twidth=\"640\"\n\t\t\t\t\theight=\"250\"\n\t\t\t\t\tloading=\"lazy\"\n\t\t\t\t><\/embed>\n\t\t\t<\/div>\n\t\t\t<\/div>\n<\/div><\/section>\n\n\n\n<hr class=\"wp-block-separator has-css-opacity\"\/>\n\n\n\n<div class=\"wp-block-columns is-layout-flex wp-container-core-columns-is-layout-9d6595d7 wp-block-columns-is-layout-flex\">\n<div class=\"wp-block-column is-layout-flow wp-block-column-is-layout-flow\"><\/div>\n\n\n\n<div class=\"wp-block-column is-layout-flow wp-block-column-is-layout-flow\"><div class=\"wp-block-image\">\n<figure class=\"aligncenter size-large is-resized\"><a href=\"http:\/\/www.atheneemarchebomal.be\/\" target=\"_blank\" rel=\"noopener noreferrer\"><img loading=\"lazy\" decoding=\"async\" width=\"328\" height=\"329\" src=\"https:\/\/cefanl.be\/wp-content\/uploads\/2020\/08\/Logo-ARMBB-2014.jpg\" alt=\"Logo Ath\u00e9n\u00e9e Marche Bomal\" class=\"wp-image-1261\" style=\"width:183px;height:183px\" srcset=\"https:\/\/cefanl.be\/wp-content\/uploads\/2020\/08\/Logo-ARMBB-2014.jpg 328w, https:\/\/cefanl.be\/wp-content\/uploads\/2020\/08\/Logo-ARMBB-2014.jpg 300w, https:\/\/cefanl.be\/wp-content\/uploads\/2020\/08\/Logo-ARMBB-2014.jpg 150w\" sizes=\"auto, (max-width: 328px) 100vw, 328px\" \/><\/a><\/figure>\n<\/div><\/div>\n\n\n\n<div class=\"wp-block-column is-layout-flow wp-block-column-is-layout-flow\"><\/div>\n<\/div>\n","protected":false},"excerpt":{"rendered":"<p>C&rsquo;est sur le site de Bomal (Durbuy) de l&rsquo;Ath\u00e9n\u00e9e royal Marche &#8211; Barvaux &#8211; Bomal que notre CEFA a une antenne en tant qu&rsquo;\u00e9tablissement coop\u00e9rant. Notre CEFA vous accueille dans un cadre verdoyant. Une \u00e9cole \u00e0 taille humaine, parfaitement situ\u00e9e sur la commune de Durbuy, \u00e0 la fronti\u00e8re des Provinces de Li\u00e8ge et du Luxembourg. [&hellip;]<\/p>\n","protected":false},"author":1,"featured_media":393,"parent":37,"menu_order":1,"comment_status":"closed","ping_status":"closed","template":"","meta":{"_uag_custom_page_level_css":"","footnotes":""},"class_list":["post-299","page","type-page","status-publish","has-post-thumbnail","czr-hentry"],"yoast_head":"<!-- This site is optimized with the Yoast SEO plugin v27.3 - https:\/\/yoast.com\/product\/yoast-seo-wordpress\/ -->\n<title>CEFA BOMAL (Durbuy) - CEFA Nord-Luxembourg<\/title>\n<meta name=\"description\" content=\"D\u00e9couvrez l&#039;implantation du CEFA de Bomal sur la commune de Durbuy, \u00e0 l&#039;Ath\u00e9n\u00e9e royal Marche-Bomal - CEFA Nord-Luxembourg\" \/>\n<meta name=\"robots\" content=\"index, follow, max-snippet:-1, max-image-preview:large, max-video-preview:-1\" \/>\n<link rel=\"canonical\" href=\"https:\/\/cefanl.be\/index.php\/implantations\/cefa-bomal\/\" \/>\n<meta property=\"og:locale\" content=\"fr_FR\" \/>\n<meta property=\"og:type\" content=\"article\" \/>\n<meta property=\"og:title\" content=\"CEFA BOMAL (Durbuy) - CEFA Nord-Luxembourg\" \/>\n<meta property=\"og:description\" content=\"D\u00e9couvrez l&#039;implantation du CEFA de Bomal sur la commune de Durbuy, \u00e0 l&#039;Ath\u00e9n\u00e9e royal Marche-Bomal - CEFA Nord-Luxembourg\" \/>\n<meta property=\"og:url\" content=\"https:\/\/cefanl.be\/index.php\/implantations\/cefa-bomal\/\" \/>\n<meta property=\"og:site_name\" content=\"CEFA Nord-Luxembourg\" \/>\n<meta property=\"article:publisher\" content=\"https:\/\/www.facebook.com\/CEFA.Bastogne.Bomal.Aywaille.Erezee\/\" \/>\n<meta property=\"article:modified_time\" content=\"2025-09-17T12:12:18+00:00\" \/>\n<meta property=\"og:image\" content=\"https:\/\/cefanl.be\/wp-content\/uploads\/2020\/04\/Logo-CEFA-Nord-Luxembourg-ARMB-Bomal-2014-1024x838.png\" \/>\n\t<meta property=\"og:image:width\" content=\"1024\" \/>\n\t<meta property=\"og:image:height\" content=\"838\" \/>\n\t<meta property=\"og:image:type\" content=\"image\/png\" \/>\n<meta name=\"twitter:card\" content=\"summary_large_image\" \/>\n<meta name=\"twitter:label1\" content=\"Dur\u00e9e de lecture estim\u00e9e\" \/>\n\t<meta name=\"twitter:data1\" content=\"3 minutes\" \/>\n<script type=\"application\/ld+json\" class=\"yoast-schema-graph\">{\"@context\":\"https:\\\/\\\/schema.org\",\"@graph\":[{\"@type\":\"WebPage\",\"@id\":\"https:\\\/\\\/cefanl.be\\\/index.php\\\/implantations\\\/cefa-bomal\\\/\",\"url\":\"https:\\\/\\\/cefanl.be\\\/index.php\\\/implantations\\\/cefa-bomal\\\/\",\"name\":\"CEFA BOMAL (Durbuy) - CEFA Nord-Luxembourg\",\"isPartOf\":{\"@id\":\"https:\\\/\\\/cefanl.be\\\/#website\"},\"primaryImageOfPage\":{\"@id\":\"https:\\\/\\\/cefanl.be\\\/index.php\\\/implantations\\\/cefa-bomal\\\/#primaryimage\"},\"image\":{\"@id\":\"https:\\\/\\\/cefanl.be\\\/index.php\\\/implantations\\\/cefa-bomal\\\/#primaryimage\"},\"thumbnailUrl\":\"https:\\\/\\\/cefanl.be\\\/wp-content\\\/uploads\\\/2020\\\/04\\\/Logo-CEFA-Nord-Luxembourg-ARMB-Bomal-2014.png\",\"datePublished\":\"2020-04-20T16:09:25+00:00\",\"dateModified\":\"2025-09-17T12:12:18+00:00\",\"description\":\"D\u00e9couvrez l'implantation du CEFA de Bomal sur la commune de Durbuy, \u00e0 l'Ath\u00e9n\u00e9e royal Marche-Bomal - CEFA Nord-Luxembourg\",\"breadcrumb\":{\"@id\":\"https:\\\/\\\/cefanl.be\\\/index.php\\\/implantations\\\/cefa-bomal\\\/#breadcrumb\"},\"inLanguage\":\"fr-FR\",\"potentialAction\":[{\"@type\":\"ReadAction\",\"target\":[\"https:\\\/\\\/cefanl.be\\\/index.php\\\/implantations\\\/cefa-bomal\\\/\"]}]},{\"@type\":\"ImageObject\",\"inLanguage\":\"fr-FR\",\"@id\":\"https:\\\/\\\/cefanl.be\\\/index.php\\\/implantations\\\/cefa-bomal\\\/#primaryimage\",\"url\":\"https:\\\/\\\/cefanl.be\\\/wp-content\\\/uploads\\\/2020\\\/04\\\/Logo-CEFA-Nord-Luxembourg-ARMB-Bomal-2014.png\",\"contentUrl\":\"https:\\\/\\\/cefanl.be\\\/wp-content\\\/uploads\\\/2020\\\/04\\\/Logo-CEFA-Nord-Luxembourg-ARMB-Bomal-2014.png\",\"width\":1948,\"height\":1595},{\"@type\":\"BreadcrumbList\",\"@id\":\"https:\\\/\\\/cefanl.be\\\/index.php\\\/implantations\\\/cefa-bomal\\\/#breadcrumb\",\"itemListElement\":[{\"@type\":\"ListItem\",\"position\":1,\"name\":\"Accueil\",\"item\":\"https:\\\/\\\/cefanl.be\\\/\"},{\"@type\":\"ListItem\",\"position\":2,\"name\":\"IMPLANTATIONS\",\"item\":\"https:\\\/\\\/cefanl.be\\\/index.php\\\/implantations\\\/\"},{\"@type\":\"ListItem\",\"position\":3,\"name\":\"CEFA BOMAL (Durbuy)\"}]},{\"@type\":\"WebSite\",\"@id\":\"https:\\\/\\\/cefanl.be\\\/#website\",\"url\":\"https:\\\/\\\/cefanl.be\\\/\",\"name\":\"CEFA Nord-Luxembourg\",\"description\":\"Bastogne - Bomal - Aywaille - Erez\u00e9e - Vielsalm\",\"publisher\":{\"@id\":\"https:\\\/\\\/cefanl.be\\\/#organization\"},\"potentialAction\":[{\"@type\":\"SearchAction\",\"target\":{\"@type\":\"EntryPoint\",\"urlTemplate\":\"https:\\\/\\\/cefanl.be\\\/?s={search_term_string}\"},\"query-input\":{\"@type\":\"PropertyValueSpecification\",\"valueRequired\":true,\"valueName\":\"search_term_string\"}}],\"inLanguage\":\"fr-FR\"},{\"@type\":\"Organization\",\"@id\":\"https:\\\/\\\/cefanl.be\\\/#organization\",\"name\":\"CEFA Nord-Luxembourg\",\"url\":\"https:\\\/\\\/cefanl.be\\\/\",\"logo\":{\"@type\":\"ImageObject\",\"inLanguage\":\"fr-FR\",\"@id\":\"https:\\\/\\\/cefanl.be\\\/#\\\/schema\\\/logo\\\/image\\\/\",\"url\":\"https:\\\/\\\/cefanl.be\\\/wp-content\\\/uploads\\\/2024\\\/08\\\/cropped-Logo-CEFA-TOUS-ARBH-ARMB-ARAY-Erezee-ARMV-ICET-202.jpg\",\"contentUrl\":\"https:\\\/\\\/cefanl.be\\\/wp-content\\\/uploads\\\/2024\\\/08\\\/cropped-Logo-CEFA-TOUS-ARBH-ARMB-ARAY-Erezee-ARMV-ICET-202.jpg\",\"width\":643,\"height\":526,\"caption\":\"CEFA Nord-Luxembourg\"},\"image\":{\"@id\":\"https:\\\/\\\/cefanl.be\\\/#\\\/schema\\\/logo\\\/image\\\/\"},\"sameAs\":[\"https:\\\/\\\/www.facebook.com\\\/CEFA.Bastogne.Bomal.Aywaille.Erezee\\\/\"]}]}<\/script>\n<!-- \/ Yoast SEO plugin. -->","yoast_head_json":{"title":"CEFA BOMAL (Durbuy) - CEFA Nord-Luxembourg","description":"D\u00e9couvrez l'implantation du CEFA de Bomal sur la commune de Durbuy, \u00e0 l'Ath\u00e9n\u00e9e royal Marche-Bomal - CEFA Nord-Luxembourg","robots":{"index":"index","follow":"follow","max-snippet":"max-snippet:-1","max-image-preview":"max-image-preview:large","max-video-preview":"max-video-preview:-1"},"canonical":"https:\/\/cefanl.be\/index.php\/implantations\/cefa-bomal\/","og_locale":"fr_FR","og_type":"article","og_title":"CEFA BOMAL (Durbuy) - CEFA Nord-Luxembourg","og_description":"D\u00e9couvrez l'implantation du CEFA de Bomal sur la commune de Durbuy, \u00e0 l'Ath\u00e9n\u00e9e royal Marche-Bomal - CEFA Nord-Luxembourg","og_url":"https:\/\/cefanl.be\/index.php\/implantations\/cefa-bomal\/","og_site_name":"CEFA Nord-Luxembourg","article_publisher":"https:\/\/www.facebook.com\/CEFA.Bastogne.Bomal.Aywaille.Erezee\/","article_modified_time":"2025-09-17T12:12:18+00:00","og_image":[{"width":1024,"height":838,"url":"https:\/\/cefanl.be\/wp-content\/uploads\/2020\/04\/Logo-CEFA-Nord-Luxembourg-ARMB-Bomal-2014-1024x838.png","type":"image\/png"}],"twitter_card":"summary_large_image","twitter_misc":{"Dur\u00e9e de lecture estim\u00e9e":"3 minutes"},"schema":{"@context":"https:\/\/schema.org","@graph":[{"@type":"WebPage","@id":"https:\/\/cefanl.be\/index.php\/implantations\/cefa-bomal\/","url":"https:\/\/cefanl.be\/index.php\/implantations\/cefa-bomal\/","name":"CEFA BOMAL (Durbuy) - CEFA Nord-Luxembourg","isPartOf":{"@id":"https:\/\/cefanl.be\/#website"},"primaryImageOfPage":{"@id":"https:\/\/cefanl.be\/index.php\/implantations\/cefa-bomal\/#primaryimage"},"image":{"@id":"https:\/\/cefanl.be\/index.php\/implantations\/cefa-bomal\/#primaryimage"},"thumbnailUrl":"https:\/\/cefanl.be\/wp-content\/uploads\/2020\/04\/Logo-CEFA-Nord-Luxembourg-ARMB-Bomal-2014.png","datePublished":"2020-04-20T16:09:25+00:00","dateModified":"2025-09-17T12:12:18+00:00","description":"D\u00e9couvrez l'implantation du CEFA de Bomal sur la commune de Durbuy, \u00e0 l'Ath\u00e9n\u00e9e royal Marche-Bomal - CEFA Nord-Luxembourg","breadcrumb":{"@id":"https:\/\/cefanl.be\/index.php\/implantations\/cefa-bomal\/#breadcrumb"},"inLanguage":"fr-FR","potentialAction":[{"@type":"ReadAction","target":["https:\/\/cefanl.be\/index.php\/implantations\/cefa-bomal\/"]}]},{"@type":"ImageObject","inLanguage":"fr-FR","@id":"https:\/\/cefanl.be\/index.php\/implantations\/cefa-bomal\/#primaryimage","url":"https:\/\/cefanl.be\/wp-content\/uploads\/2020\/04\/Logo-CEFA-Nord-Luxembourg-ARMB-Bomal-2014.png","contentUrl":"https:\/\/cefanl.be\/wp-content\/uploads\/2020\/04\/Logo-CEFA-Nord-Luxembourg-ARMB-Bomal-2014.png","width":1948,"height":1595},{"@type":"BreadcrumbList","@id":"https:\/\/cefanl.be\/index.php\/implantations\/cefa-bomal\/#breadcrumb","itemListElement":[{"@type":"ListItem","position":1,"name":"Accueil","item":"https:\/\/cefanl.be\/"},{"@type":"ListItem","position":2,"name":"IMPLANTATIONS","item":"https:\/\/cefanl.be\/index.php\/implantations\/"},{"@type":"ListItem","position":3,"name":"CEFA BOMAL (Durbuy)"}]},{"@type":"WebSite","@id":"https:\/\/cefanl.be\/#website","url":"https:\/\/cefanl.be\/","name":"CEFA Nord-Luxembourg","description":"Bastogne - Bomal - Aywaille - Erez\u00e9e - Vielsalm","publisher":{"@id":"https:\/\/cefanl.be\/#organization"},"potentialAction":[{"@type":"SearchAction","target":{"@type":"EntryPoint","urlTemplate":"https:\/\/cefanl.be\/?s={search_term_string}"},"query-input":{"@type":"PropertyValueSpecification","valueRequired":true,"valueName":"search_term_string"}}],"inLanguage":"fr-FR"},{"@type":"Organization","@id":"https:\/\/cefanl.be\/#organization","name":"CEFA Nord-Luxembourg","url":"https:\/\/cefanl.be\/","logo":{"@type":"ImageObject","inLanguage":"fr-FR","@id":"https:\/\/cefanl.be\/#\/schema\/logo\/image\/","url":"https:\/\/cefanl.be\/wp-content\/uploads\/2024\/08\/cropped-Logo-CEFA-TOUS-ARBH-ARMB-ARAY-Erezee-ARMV-ICET-202.jpg","contentUrl":"https:\/\/cefanl.be\/wp-content\/uploads\/2024\/08\/cropped-Logo-CEFA-TOUS-ARBH-ARMB-ARAY-Erezee-ARMV-ICET-202.jpg","width":643,"height":526,"caption":"CEFA Nord-Luxembourg"},"image":{"@id":"https:\/\/cefanl.be\/#\/schema\/logo\/image\/"},"sameAs":["https:\/\/www.facebook.com\/CEFA.Bastogne.Bomal.Aywaille.Erezee\/"]}]}},"uagb_featured_image_src":{"full":["https:\/\/cefanl.be\/wp-content\/uploads\/2020\/04\/Logo-CEFA-Nord-Luxembourg-ARMB-Bomal-2014.png",1948,1595,false],"thumbnail":["https:\/\/cefanl.be\/wp-content\/uploads\/2020\/04\/Logo-CEFA-Nord-Luxembourg-ARMB-Bomal-2014.png",150,150,true],"medium":["https:\/\/cefanl.be\/wp-content\/uploads\/2020\/04\/Logo-CEFA-Nord-Luxembourg-ARMB-Bomal-2014.png",300,246,true],"medium_large":["https:\/\/cefanl.be\/wp-content\/uploads\/2020\/04\/Logo-CEFA-Nord-Luxembourg-ARMB-Bomal-2014.png",768,629,true],"large":["https:\/\/cefanl.be\/wp-content\/uploads\/2020\/04\/Logo-CEFA-Nord-Luxembourg-ARMB-Bomal-2014.png",1024,838,true],"etfrtb_logo":["https:\/\/cefanl.be\/wp-content\/uploads\/2020\/04\/Logo-CEFA-Nord-Luxembourg-ARMB-Bomal-2014.png",200,164,true],"1536x1536":["https:\/\/cefanl.be\/wp-content\/uploads\/2020\/04\/Logo-CEFA-Nord-Luxembourg-ARMB-Bomal-2014.png",1536,1258,true],"2048x2048":["https:\/\/cefanl.be\/wp-content\/uploads\/2020\/04\/Logo-CEFA-Nord-Luxembourg-ARMB-Bomal-2014.png",1948,1595,true],"tc-grid-full":["https:\/\/cefanl.be\/wp-content\/uploads\/2020\/04\/Logo-CEFA-Nord-Luxembourg-ARMB-Bomal-2014.png",1110,444,true],"tc-grid":["https:\/\/cefanl.be\/wp-content\/uploads\/2020\/04\/Logo-CEFA-Nord-Luxembourg-ARMB-Bomal-2014.png",570,350,true],"tc-thumb":["https:\/\/cefanl.be\/wp-content\/uploads\/2020\/04\/Logo-CEFA-Nord-Luxembourg-ARMB-Bomal-2014.png",270,250,true],"slider-full":["https:\/\/cefanl.be\/wp-content\/uploads\/2020\/04\/Logo-CEFA-Nord-Luxembourg-ARMB-Bomal-2014.png",1948,500,true],"slider":["https:\/\/cefanl.be\/wp-content\/uploads\/2020\/04\/Logo-CEFA-Nord-Luxembourg-ARMB-Bomal-2014.png",1110,500,true],"tc-sq-thumb":["https:\/\/cefanl.be\/wp-content\/uploads\/2020\/04\/Logo-CEFA-Nord-Luxembourg-ARMB-Bomal-2014.png",510,510,true],"tc-ws-thumb":["https:\/\/cefanl.be\/wp-content\/uploads\/2020\/04\/Logo-CEFA-Nord-Luxembourg-ARMB-Bomal-2014.png",1110,624,true],"tc-ws-small-thumb":["https:\/\/cefanl.be\/wp-content\/uploads\/2020\/04\/Logo-CEFA-Nord-Luxembourg-ARMB-Bomal-2014.png",528,297,true],"tc-slider-small":["https:\/\/cefanl.be\/wp-content\/uploads\/2020\/04\/Logo-CEFA-Nord-Luxembourg-ARMB-Bomal-2014.png",517,235,true]},"uagb_author_info":{"display_name":"Geoffrey Plat\u00e9us","author_link":"https:\/\/cefanl.be\/index.php\/author\/admin2186\/"},"uagb_comment_info":0,"uagb_excerpt":"C&rsquo;est sur le site de Bomal (Durbuy) de l&rsquo;Ath\u00e9n\u00e9e royal Marche &#8211; Barvaux &#8211; Bomal que notre CEFA a une antenne en tant qu&rsquo;\u00e9tablissement coop\u00e9rant. Notre CEFA vous accueille dans un cadre verdoyant. Une \u00e9cole \u00e0 taille humaine, parfaitement situ\u00e9e sur la commune de Durbuy, \u00e0 la fronti\u00e8re des Provinces de Li\u00e8ge et du Luxembourg.\u2026","jetpack_sharing_enabled":true,"_links":{"self":[{"href":"https:\/\/cefanl.be\/index.php\/wp-json\/wp\/v2\/pages\/299","targetHints":{"allow":["GET"]}}],"collection":[{"href":"https:\/\/cefanl.be\/index.php\/wp-json\/wp\/v2\/pages"}],"about":[{"href":"https:\/\/cefanl.be\/index.php\/wp-json\/wp\/v2\/types\/page"}],"author":[{"embeddable":true,"href":"https:\/\/cefanl.be\/index.php\/wp-json\/wp\/v2\/users\/1"}],"replies":[{"embeddable":true,"href":"https:\/\/cefanl.be\/index.php\/wp-json\/wp\/v2\/comments?post=299"}],"version-history":[{"count":40,"href":"https:\/\/cefanl.be\/index.php\/wp-json\/wp\/v2\/pages\/299\/revisions"}],"predecessor-version":[{"id":4484,"href":"https:\/\/cefanl.be\/index.php\/wp-json\/wp\/v2\/pages\/299\/revisions\/4484"}],"up":[{"embeddable":true,"href":"https:\/\/cefanl.be\/index.php\/wp-json\/wp\/v2\/pages\/37"}],"wp:featuredmedia":[{"embeddable":true,"href":"https:\/\/cefanl.be\/index.php\/wp-json\/wp\/v2\/media\/393"}],"wp:attachment":[{"href":"https:\/\/cefanl.be\/index.php\/wp-json\/wp\/v2\/media?parent=299"}],"curies":[{"name":"wp","href":"https:\/\/api.w.org\/{rel}","templated":true}]}}