{"id":290,"date":"2020-04-20T17:17:48","date_gmt":"2020-04-20T15:17:48","guid":{"rendered":"https:\/\/cefanl.be\/?page_id=290"},"modified":"2026-03-23T10:51:30","modified_gmt":"2026-03-23T09:51:30","slug":"installateurtrice-en-chauffage-central","status":"publish","type":"page","link":"https:\/\/cefanl.be\/index.php\/formations\/installateurtrice-en-chauffage-central\/","title":{"rendered":"Installateur(trice) en Chauffage Central"},"content":{"rendered":"\n<figure class=\"wp-block-image size-large is-resized\"><img loading=\"lazy\" decoding=\"async\" width=\"871\" height=\"249\" src=\"https:\/\/cefanl.be\/wp-content\/uploads\/2020\/04\/Installateur-Chauffage-central.png\" alt=\"\" class=\"wp-image-291\" style=\"width:969px;height:277px\" srcset=\"https:\/\/cefanl.be\/wp-content\/uploads\/2020\/04\/Installateur-Chauffage-central.png 871w, https:\/\/cefanl.be\/wp-content\/uploads\/2020\/04\/Installateur-Chauffage-central.png 300w, https:\/\/cefanl.be\/wp-content\/uploads\/2020\/04\/Installateur-Chauffage-central.png 768w\" sizes=\"auto, (max-width: 871px) 100vw, 871px\" \/><\/figure>\n\n\n\n<h3 class=\"wp-block-heading has-vivid-red-color has-text-color\">Lieux de formation<\/h3>\n\n\n\n<section class=\"wp-block-uagb-columns uagb-columns__wrap uagb-columns__background-none uagb-columns__stack-mobile uagb-columns__valign- uagb-columns__gap-10 align uagb-block-c62cac56 uagb-columns__columns-4 uagb-columns__max_width-theme\"><div class=\"uagb-columns__overlay\"><\/div><div class=\"uagb-columns__inner-wrap uagb-columns__columns-4\">\n<div class=\"wp-block-uagb-column uagb-column__wrap uagb-column__background-undefined uagb-block-57c8d98c\"><div class=\"uagb-column__overlay\"><\/div>\n<div class=\"wp-block-uagb-image uagb-block-d92350c3 wp-block-uagb-image--layout-default wp-block-uagb-image--effect-zoomin wp-block-uagb-image--align-none\"><figure class=\"wp-block-uagb-image__figure\"><a class=\"\" href=\"https:\/\/cefanl.be\/index.php\/implantations\/cefa-bastogne\/\" target=\"\" rel=\"noopener\"><img decoding=\"async\" srcset=\"https:\/\/cefanl.be\/wp-content\/uploads\/2017\/12\/cropped-Logo-CEFA-Nord-Luxembourg-ARBH-Bastogne-2012-transparent-300x246.png \" sizes=\"auto, (max-width: 480px) 150px\" src=\"https:\/\/cefanl.be\/wp-content\/uploads\/2017\/12\/cropped-Logo-CEFA-Nord-Luxembourg-ARBH-Bastogne-2012-transparent-300x246.png\" alt=\"\" class=\"uag-image-14\" width=\"300\" height=\"246\" title=\"\" loading=\"lazy\" role=\"img\"\/><\/a><figcaption class=\"uagb-image-caption\"><a href=\"https:\/\/cefanl.be\/index.php\/implantations\/cefa-bastogne\/\">BASTOGNE<\/a><\/figcaption><\/figure><\/div>\n<\/div>\n\n\n\n<div class=\"wp-block-uagb-column uagb-column__wrap uagb-column__background-undefined uagb-block-2d6ba17a\"><div class=\"uagb-column__overlay\"><\/div><\/div>\n\n\n\n<div class=\"wp-block-uagb-column uagb-column__wrap uagb-column__background-undefined uagb-block-17f09539\"><div class=\"uagb-column__overlay\"><\/div><\/div>\n\n\n\n<div class=\"wp-block-uagb-column uagb-column__wrap uagb-column__background-undefined uagb-block-de28fe81\"><div class=\"uagb-column__overlay\"><\/div><\/div>\n<\/div><\/section>\n\n\n\n<h3 class=\"wp-block-heading has-vivid-red-color has-text-color\">M\u00e9tier<\/h3>\n\n\n\n<p>L&rsquo;installateur\/L&rsquo;installatrice en chauffage central installe, r\u00e8gle, entretient et r\u00e9pare les installations en chauffage central. Il\/Elle est habitu\u00e9(e) \u00e0 installer des conduites de gaz, \u00e0 placer des radiateurs et \u00e0 raccorder des vannes thermostatiques. <\/p>\n\n\n\n<p>En outre, il\/elle est familier(\u00e8re) des appareils de r\u00e9glage modernes et s\u2019int\u00e9resse aux nouvelles technologies en la mati\u00e8re comme la domotique : ensemble des techniques de gestion automatis\u00e9e appliqu\u00e9es \u00e0 l\u2019habitation (confort, s\u00e9curit\u00e9, communication, etc.).<\/p>\n\n\n\n<div class=\"wp-block-columns is-layout-flex wp-container-core-columns-is-layout-9d6595d7 wp-block-columns-is-layout-flex\">\n<div class=\"wp-block-column is-layout-flow wp-block-column-is-layout-flow\" style=\"flex-basis:25%\"><\/div>\n\n\n\n<div class=\"wp-block-column is-layout-flow wp-block-column-is-layout-flow\" style=\"flex-basis:50%\">\n<figure class=\"wp-block-embed is-type-video is-provider-youtube wp-block-embed-youtube wp-embed-aspect-16-9 wp-has-aspect-ratio\"><div class=\"wp-block-embed__wrapper\">\n<iframe loading=\"lazy\" title=\"ETUDES POUR DEVENIR CHAUFFAGISTE\" width=\"1140\" height=\"641\" src=\"https:\/\/www.youtube.com\/embed\/ff1XqNsMUMw?feature=oembed\" frameborder=\"0\" allow=\"accelerometer; autoplay; clipboard-write; encrypted-media; gyroscope; picture-in-picture; web-share\" referrerpolicy=\"strict-origin-when-cross-origin\" allowfullscreen><\/iframe>\n<\/div><\/figure>\n<\/div>\n\n\n\n<div class=\"wp-block-column is-layout-flow wp-block-column-is-layout-flow\" style=\"flex-basis:25%\"><\/div>\n<\/div>\n\n\n\n<h3 class=\"wp-block-heading has-vivid-red-color has-text-color\">Activit\u00e9s<\/h3>\n\n\n\n<ul class=\"wp-block-list\">\n<li>Interpr\u00e9ter un plan ou un croquis<\/li>\n\n\n\n<li>Visualiser et planifier le travail et g\u00e9rer les d\u00e9lais impos\u00e9s par le planning<\/li>\n\n\n\n<li>Evaluer les quantit\u00e9s de mat\u00e9riaux et de mat\u00e9riel exig\u00e9es<\/li>\n\n\n\n<li>Pouvoir se servir de l\u2019outillage n\u00e9cessaire<\/li>\n\n\n\n<li>Conna\u00eetre et appliquer les diff\u00e9rentes m\u00e9thodes de r\u00e9alisation et d\u2019installation des raccordements, grilles d\u2019a\u00e9ration, etc.<\/li>\n\n\n\n<li>Poss\u00e9der des connaissances en \u00e9lectricit\u00e9, en domotique<\/li>\n\n\n\n<li>R\u00e9aliser un devis et \u00e9tablir une facture, g\u00e9rer son budget, organiser et pr\u00e9voir l\u2019\u00e9quipement n\u00e9cessaire sur le chantier, encadrer une \u00e9quipe (si ind\u00e9pendant)<\/li>\n\n\n\n<li>Respecter les prescriptions en mati\u00e8re de s\u00e9curit\u00e9, hygi\u00e8ne et environnement<\/li>\n<\/ul>\n\n\n\n<h3 class=\"wp-block-heading has-vivid-red-color has-text-color has-link-color wp-elements-63f9337cc54a519ae12c02eeadcf3f2e\">Grille horaire<\/h3>\n\n\n\n<figure class=\"wp-block-table has-small-font-size\"><table class=\"has-vivid-red-color has-text-color has-link-color\"><thead><tr><th class=\"has-text-align-left\" data-align=\"left\">Cours<\/th><th class=\"has-text-align-left\" data-align=\"left\">7P<\/th><\/tr><\/thead><tbody><tr><td class=\"has-text-align-left\" data-align=\"left\"><strong>FORMATION COMMUNE<\/strong><\/td><td class=\"has-text-align-left\" data-align=\"left\"><strong>5<\/strong><\/td><\/tr><tr><td class=\"has-text-align-left\" data-align=\"left\">Fran\u00e7ais<\/td><td class=\"has-text-align-left\" data-align=\"left\">3<\/td><\/tr><tr><td class=\"has-text-align-left\" data-align=\"left\">Math\u00e9matique<\/td><td class=\"has-text-align-left\" data-align=\"left\">2<\/td><\/tr><tr><td class=\"has-text-align-left\" data-align=\"left\"><strong>ACTIVIT\u00c9S COMPL\u00c9MENTAIRES<\/strong><\/td><td class=\"has-text-align-left\" data-align=\"left\"><strong>4<\/strong><\/td><\/tr><tr><td class=\"has-text-align-left\" data-align=\"left\">Connaissance de gestion<\/td><td class=\"has-text-align-left\" data-align=\"left\">4<\/td><\/tr><tr><td class=\"has-text-align-left\" data-align=\"left\"><strong>OPTION DE BASE GROUP\u00c9E<\/strong><\/td><td class=\"has-text-align-left\" data-align=\"left\"><strong>6<\/strong><\/td><\/tr><tr><td class=\"has-text-align-left\" data-align=\"left\"><strong>Installateur(trice) en chauffage central<\/strong><\/td><td class=\"has-text-align-left\" data-align=\"left\"><\/td><\/tr><tr><td class=\"has-text-align-left\" data-align=\"left\">Electricit\u00e9 et r\u00e9gulation<\/td><td class=\"has-text-align-left\" data-align=\"left\">1<\/td><\/tr><tr><td class=\"has-text-align-left\" data-align=\"left\">Technologie du chauffage<\/td><td class=\"has-text-align-left\" data-align=\"left\">1<\/td><\/tr><tr><td class=\"has-text-align-left\" data-align=\"left\">Technologie du gaz<\/td><td class=\"has-text-align-left\" data-align=\"left\">1<\/td><\/tr><tr><td class=\"has-text-align-left\" data-align=\"left\">Travaux pratiques et m\u00e9thodes<\/td><td class=\"has-text-align-left\" data-align=\"left\">3<\/td><\/tr><\/tbody><\/table><\/figure>\n\n\n\n<div class=\"wp-block-group\"><div class=\"wp-block-group__inner-container is-layout-flow wp-block-group-is-layout-flow\">\n<h3 class=\"wp-block-heading has-vivid-red-color has-text-color\">En fin de parcours, tu obtiens:<\/h3>\n\n\n\n<ul class=\"wp-block-list\">\n<li>CESS<\/li>\n\n\n\n<li>CQ7<\/li>\n\n\n\n<li>Certificat de gestion<\/li>\n<\/ul>\n<\/div><\/div>\n\n\n\n<h3 class=\"wp-block-heading has-vivid-red-color has-text-color\">Les d\u00e9bouch\u00e9s<\/h3>\n\n\n\n<ul class=\"wp-block-list\">\n<li>Entreprises g\u00e9n\u00e9rales du b\u00e2timent : gros \u0153uvre et parach\u00e8vement<\/li>\n\n\n\n<li>Entreprises de restauration et de conservation des b\u00e2timents publics<\/li>\n\n\n\n<li>Fabrication de machines et d\u2019\u00e9quipement<\/li>\n\n\n\n<li>Bureaux d\u2019\u00e9tudes de techniques sp\u00e9ciales orientation \u00ab chauffage central \u00bb<\/li>\n\n\n\n<li>Ind\u00e9pendant(e)<\/li>\n<\/ul>\n\n\n\n<p><\/p>\n\n\n\n<figure class=\"wp-block-gallery has-nested-images columns-6 is-cropped wp-block-gallery-1 is-layout-flex wp-block-gallery-is-layout-flex\">\n<figure class=\"wp-block-image size-large\"><a href=\"https:\/\/cefanl.be\/wp-content\/uploads\/2020\/08\/IMG_20180202_134335-scaled.jpg\"><img loading=\"lazy\" decoding=\"async\" width=\"768\" height=\"1024\" data-id=\"1222\" src=\"https:\/\/cefanl.be\/wp-content\/uploads\/2020\/08\/IMG_20180202_134335-768x1024.jpg\" alt=\"\" class=\"wp-image-1222\" srcset=\"https:\/\/cefanl.be\/wp-content\/uploads\/2020\/08\/IMG_20180202_134335-scaled.jpg 768w, https:\/\/cefanl.be\/wp-content\/uploads\/2020\/08\/IMG_20180202_134335-scaled.jpg 225w, https:\/\/cefanl.be\/wp-content\/uploads\/2020\/08\/IMG_20180202_134335-scaled.jpg 1152w, https:\/\/cefanl.be\/wp-content\/uploads\/2020\/08\/IMG_20180202_134335-scaled.jpg 1536w, https:\/\/cefanl.be\/wp-content\/uploads\/2020\/08\/IMG_20180202_134335-scaled.jpg 1920w\" sizes=\"auto, (max-width: 768px) 100vw, 768px\" \/><\/a><\/figure>\n\n\n\n<figure class=\"wp-block-image size-large\"><a href=\"https:\/\/cefanl.be\/wp-content\/uploads\/2020\/08\/IMG_20180202_123809-scaled.jpg\"><img loading=\"lazy\" decoding=\"async\" width=\"768\" height=\"1024\" data-id=\"1223\" src=\"https:\/\/cefanl.be\/wp-content\/uploads\/2020\/08\/IMG_20180202_123809-768x1024.jpg\" alt=\"\" class=\"wp-image-1223\" srcset=\"https:\/\/cefanl.be\/wp-content\/uploads\/2020\/08\/IMG_20180202_123809-scaled.jpg 768w, https:\/\/cefanl.be\/wp-content\/uploads\/2020\/08\/IMG_20180202_123809-scaled.jpg 225w, https:\/\/cefanl.be\/wp-content\/uploads\/2020\/08\/IMG_20180202_123809-scaled.jpg 1152w, https:\/\/cefanl.be\/wp-content\/uploads\/2020\/08\/IMG_20180202_123809-scaled.jpg 1536w, https:\/\/cefanl.be\/wp-content\/uploads\/2020\/08\/IMG_20180202_123809-scaled.jpg 1920w\" sizes=\"auto, (max-width: 768px) 100vw, 768px\" \/><\/a><\/figure>\n\n\n\n<figure class=\"wp-block-image size-large\"><a href=\"https:\/\/cefanl.be\/wp-content\/uploads\/2020\/08\/IMG_20180202_124208-scaled.jpg\"><img loading=\"lazy\" decoding=\"async\" width=\"768\" height=\"1024\" data-id=\"1224\" src=\"https:\/\/cefanl.be\/wp-content\/uploads\/2020\/08\/IMG_20180202_124208-768x1024.jpg\" alt=\"\" class=\"wp-image-1224\" srcset=\"https:\/\/cefanl.be\/wp-content\/uploads\/2020\/08\/IMG_20180202_124208-scaled.jpg 768w, https:\/\/cefanl.be\/wp-content\/uploads\/2020\/08\/IMG_20180202_124208-scaled.jpg 225w, https:\/\/cefanl.be\/wp-content\/uploads\/2020\/08\/IMG_20180202_124208-scaled.jpg 1152w, https:\/\/cefanl.be\/wp-content\/uploads\/2020\/08\/IMG_20180202_124208-scaled.jpg 1536w, https:\/\/cefanl.be\/wp-content\/uploads\/2020\/08\/IMG_20180202_124208-scaled.jpg 1920w\" sizes=\"auto, (max-width: 768px) 100vw, 768px\" \/><\/a><\/figure>\n\n\n\n<figure class=\"wp-block-image size-large\"><a href=\"https:\/\/cefanl.be\/wp-content\/uploads\/2020\/08\/IMG_20180202_124322-scaled.jpg\"><img loading=\"lazy\" decoding=\"async\" width=\"768\" height=\"1024\" data-id=\"1225\" src=\"https:\/\/cefanl.be\/wp-content\/uploads\/2020\/08\/IMG_20180202_124322-768x1024.jpg\" alt=\"\" class=\"wp-image-1225\" srcset=\"https:\/\/cefanl.be\/wp-content\/uploads\/2020\/08\/IMG_20180202_124322-scaled.jpg 768w, https:\/\/cefanl.be\/wp-content\/uploads\/2020\/08\/IMG_20180202_124322-scaled.jpg 225w, https:\/\/cefanl.be\/wp-content\/uploads\/2020\/08\/IMG_20180202_124322-scaled.jpg 1152w, https:\/\/cefanl.be\/wp-content\/uploads\/2020\/08\/IMG_20180202_124322-scaled.jpg 1536w, https:\/\/cefanl.be\/wp-content\/uploads\/2020\/08\/IMG_20180202_124322-scaled.jpg 1920w\" sizes=\"auto, (max-width: 768px) 100vw, 768px\" \/><\/a><\/figure>\n\n\n\n<figure class=\"wp-block-image size-large\"><a href=\"https:\/\/cefanl.be\/wp-content\/uploads\/2020\/08\/IMG_20180202_124411-scaled.jpg\"><img loading=\"lazy\" decoding=\"async\" width=\"768\" height=\"1024\" data-id=\"1226\" src=\"https:\/\/cefanl.be\/wp-content\/uploads\/2020\/08\/IMG_20180202_124411-768x1024.jpg\" alt=\"\" class=\"wp-image-1226\" srcset=\"https:\/\/cefanl.be\/wp-content\/uploads\/2020\/08\/IMG_20180202_124411-scaled.jpg 768w, https:\/\/cefanl.be\/wp-content\/uploads\/2020\/08\/IMG_20180202_124411-scaled.jpg 225w, https:\/\/cefanl.be\/wp-content\/uploads\/2020\/08\/IMG_20180202_124411-scaled.jpg 1152w, https:\/\/cefanl.be\/wp-content\/uploads\/2020\/08\/IMG_20180202_124411-scaled.jpg 1536w, https:\/\/cefanl.be\/wp-content\/uploads\/2020\/08\/IMG_20180202_124411-scaled.jpg 1920w\" sizes=\"auto, (max-width: 768px) 100vw, 768px\" \/><\/a><\/figure>\n\n\n\n<figure class=\"wp-block-image size-large\"><a href=\"https:\/\/cefanl.be\/wp-content\/uploads\/2020\/08\/IMG_20180202_124833-scaled.jpg\"><img loading=\"lazy\" decoding=\"async\" width=\"768\" height=\"1024\" data-id=\"1227\" src=\"https:\/\/cefanl.be\/wp-content\/uploads\/2020\/08\/IMG_20180202_124833-768x1024.jpg\" alt=\"\" class=\"wp-image-1227\" srcset=\"https:\/\/cefanl.be\/wp-content\/uploads\/2020\/08\/IMG_20180202_124833-scaled.jpg 768w, https:\/\/cefanl.be\/wp-content\/uploads\/2020\/08\/IMG_20180202_124833-scaled.jpg 225w, https:\/\/cefanl.be\/wp-content\/uploads\/2020\/08\/IMG_20180202_124833-scaled.jpg 1152w, https:\/\/cefanl.be\/wp-content\/uploads\/2020\/08\/IMG_20180202_124833-scaled.jpg 1536w, https:\/\/cefanl.be\/wp-content\/uploads\/2020\/08\/IMG_20180202_124833-scaled.jpg 1920w\" sizes=\"auto, (max-width: 768px) 100vw, 768px\" \/><\/a><\/figure>\n<\/figure>\n","protected":false},"excerpt":{"rendered":"<p>Lieux de formation M\u00e9tier L&rsquo;installateur\/L&rsquo;installatrice en chauffage central installe, r\u00e8gle, entretient et r\u00e9pare les installations en chauffage central. Il\/Elle est habitu\u00e9(e) \u00e0 installer des conduites de gaz, \u00e0 placer des radiateurs et \u00e0 raccorder des vannes thermostatiques. En outre, il\/elle est familier(\u00e8re) des appareils de r\u00e9glage modernes et s\u2019int\u00e9resse aux nouvelles technologies en la mati\u00e8re [&hellip;]<\/p>\n","protected":false},"author":1,"featured_media":0,"parent":39,"menu_order":0,"comment_status":"closed","ping_status":"closed","template":"","meta":{"_uag_custom_page_level_css":"","footnotes":""},"class_list":["post-290","page","type-page","status-publish","czr-hentry"],"yoast_head":"<!-- This site is optimized with the Yoast SEO plugin v27.3 - https:\/\/yoast.com\/product\/yoast-seo-wordpress\/ -->\n<title>Installateur(trice) en Chauffage Central - CEFA Nord-Luxembourg<\/title>\n<meta name=\"description\" content=\"Formation d&#039;installateur en chauffage central en alternance. Chauffagiste en alternance. - CEFA Nord-Luxembourg\" \/>\n<meta name=\"robots\" content=\"index, follow, max-snippet:-1, max-image-preview:large, max-video-preview:-1\" \/>\n<link rel=\"canonical\" href=\"https:\/\/cefanl.be\/index.php\/formations\/installateurtrice-en-chauffage-central\/\" \/>\n<meta property=\"og:locale\" content=\"fr_FR\" \/>\n<meta property=\"og:type\" content=\"article\" \/>\n<meta property=\"og:title\" content=\"Installateur(trice) en Chauffage Central - CEFA Nord-Luxembourg\" \/>\n<meta property=\"og:description\" content=\"Formation d&#039;installateur en chauffage central en alternance. Chauffagiste en alternance. - CEFA Nord-Luxembourg\" \/>\n<meta property=\"og:url\" content=\"https:\/\/cefanl.be\/index.php\/formations\/installateurtrice-en-chauffage-central\/\" \/>\n<meta property=\"og:site_name\" content=\"CEFA Nord-Luxembourg\" \/>\n<meta property=\"article:publisher\" content=\"https:\/\/www.facebook.com\/CEFA.Bastogne.Bomal.Aywaille.Erezee\/\" \/>\n<meta property=\"article:modified_time\" content=\"2026-03-23T09:51:30+00:00\" \/>\n<meta property=\"og:image\" content=\"https:\/\/cefanl.be\/wp-content\/uploads\/2020\/04\/Installateur-Chauffage-central.png\" \/>\n\t<meta property=\"og:image:width\" content=\"871\" \/>\n\t<meta property=\"og:image:height\" content=\"249\" \/>\n\t<meta property=\"og:image:type\" content=\"image\/png\" \/>\n<meta name=\"twitter:card\" content=\"summary_large_image\" \/>\n<meta name=\"twitter:label1\" content=\"Dur\u00e9e de lecture estim\u00e9e\" \/>\n\t<meta name=\"twitter:data1\" content=\"3 minutes\" \/>\n<script type=\"application\/ld+json\" class=\"yoast-schema-graph\">{\"@context\":\"https:\\\/\\\/schema.org\",\"@graph\":[{\"@type\":\"WebPage\",\"@id\":\"https:\\\/\\\/cefanl.be\\\/index.php\\\/formations\\\/installateurtrice-en-chauffage-central\\\/\",\"url\":\"https:\\\/\\\/cefanl.be\\\/index.php\\\/formations\\\/installateurtrice-en-chauffage-central\\\/\",\"name\":\"Installateur(trice) en Chauffage Central - CEFA Nord-Luxembourg\",\"isPartOf\":{\"@id\":\"https:\\\/\\\/cefanl.be\\\/#website\"},\"primaryImageOfPage\":{\"@id\":\"https:\\\/\\\/cefanl.be\\\/index.php\\\/formations\\\/installateurtrice-en-chauffage-central\\\/#primaryimage\"},\"image\":{\"@id\":\"https:\\\/\\\/cefanl.be\\\/index.php\\\/formations\\\/installateurtrice-en-chauffage-central\\\/#primaryimage\"},\"thumbnailUrl\":\"https:\\\/\\\/cefanl.be\\\/wp-content\\\/uploads\\\/2020\\\/04\\\/Installateur-Chauffage-central.png\",\"datePublished\":\"2020-04-20T15:17:48+00:00\",\"dateModified\":\"2026-03-23T09:51:30+00:00\",\"description\":\"Formation d'installateur en chauffage central en alternance. Chauffagiste en alternance. - CEFA Nord-Luxembourg\",\"breadcrumb\":{\"@id\":\"https:\\\/\\\/cefanl.be\\\/index.php\\\/formations\\\/installateurtrice-en-chauffage-central\\\/#breadcrumb\"},\"inLanguage\":\"fr-FR\",\"potentialAction\":[{\"@type\":\"ReadAction\",\"target\":[\"https:\\\/\\\/cefanl.be\\\/index.php\\\/formations\\\/installateurtrice-en-chauffage-central\\\/\"]}]},{\"@type\":\"ImageObject\",\"inLanguage\":\"fr-FR\",\"@id\":\"https:\\\/\\\/cefanl.be\\\/index.php\\\/formations\\\/installateurtrice-en-chauffage-central\\\/#primaryimage\",\"url\":\"https:\\\/\\\/cefanl.be\\\/wp-content\\\/uploads\\\/2020\\\/04\\\/Installateur-Chauffage-central.png\",\"contentUrl\":\"https:\\\/\\\/cefanl.be\\\/wp-content\\\/uploads\\\/2020\\\/04\\\/Installateur-Chauffage-central.png\",\"width\":871,\"height\":249},{\"@type\":\"BreadcrumbList\",\"@id\":\"https:\\\/\\\/cefanl.be\\\/index.php\\\/formations\\\/installateurtrice-en-chauffage-central\\\/#breadcrumb\",\"itemListElement\":[{\"@type\":\"ListItem\",\"position\":1,\"name\":\"Accueil\",\"item\":\"https:\\\/\\\/cefanl.be\\\/\"},{\"@type\":\"ListItem\",\"position\":2,\"name\":\"FORMATIONS CEFA\",\"item\":\"https:\\\/\\\/cefanl.be\\\/index.php\\\/formations\\\/\"},{\"@type\":\"ListItem\",\"position\":3,\"name\":\"Installateur(trice) en Chauffage Central\"}]},{\"@type\":\"WebSite\",\"@id\":\"https:\\\/\\\/cefanl.be\\\/#website\",\"url\":\"https:\\\/\\\/cefanl.be\\\/\",\"name\":\"CEFA Nord-Luxembourg\",\"description\":\"Bastogne - Bomal - Aywaille - Erez\u00e9e - Vielsalm\",\"publisher\":{\"@id\":\"https:\\\/\\\/cefanl.be\\\/#organization\"},\"potentialAction\":[{\"@type\":\"SearchAction\",\"target\":{\"@type\":\"EntryPoint\",\"urlTemplate\":\"https:\\\/\\\/cefanl.be\\\/?s={search_term_string}\"},\"query-input\":{\"@type\":\"PropertyValueSpecification\",\"valueRequired\":true,\"valueName\":\"search_term_string\"}}],\"inLanguage\":\"fr-FR\"},{\"@type\":\"Organization\",\"@id\":\"https:\\\/\\\/cefanl.be\\\/#organization\",\"name\":\"CEFA Nord-Luxembourg\",\"url\":\"https:\\\/\\\/cefanl.be\\\/\",\"logo\":{\"@type\":\"ImageObject\",\"inLanguage\":\"fr-FR\",\"@id\":\"https:\\\/\\\/cefanl.be\\\/#\\\/schema\\\/logo\\\/image\\\/\",\"url\":\"https:\\\/\\\/cefanl.be\\\/wp-content\\\/uploads\\\/2024\\\/08\\\/cropped-Logo-CEFA-TOUS-ARBH-ARMB-ARAY-Erezee-ARMV-ICET-202.jpg\",\"contentUrl\":\"https:\\\/\\\/cefanl.be\\\/wp-content\\\/uploads\\\/2024\\\/08\\\/cropped-Logo-CEFA-TOUS-ARBH-ARMB-ARAY-Erezee-ARMV-ICET-202.jpg\",\"width\":643,\"height\":526,\"caption\":\"CEFA Nord-Luxembourg\"},\"image\":{\"@id\":\"https:\\\/\\\/cefanl.be\\\/#\\\/schema\\\/logo\\\/image\\\/\"},\"sameAs\":[\"https:\\\/\\\/www.facebook.com\\\/CEFA.Bastogne.Bomal.Aywaille.Erezee\\\/\"]}]}<\/script>\n<!-- \/ Yoast SEO plugin. -->","yoast_head_json":{"title":"Installateur(trice) en Chauffage Central - CEFA Nord-Luxembourg","description":"Formation d'installateur en chauffage central en alternance. Chauffagiste en alternance. - CEFA Nord-Luxembourg","robots":{"index":"index","follow":"follow","max-snippet":"max-snippet:-1","max-image-preview":"max-image-preview:large","max-video-preview":"max-video-preview:-1"},"canonical":"https:\/\/cefanl.be\/index.php\/formations\/installateurtrice-en-chauffage-central\/","og_locale":"fr_FR","og_type":"article","og_title":"Installateur(trice) en Chauffage Central - CEFA Nord-Luxembourg","og_description":"Formation d'installateur en chauffage central en alternance. Chauffagiste en alternance. - CEFA Nord-Luxembourg","og_url":"https:\/\/cefanl.be\/index.php\/formations\/installateurtrice-en-chauffage-central\/","og_site_name":"CEFA Nord-Luxembourg","article_publisher":"https:\/\/www.facebook.com\/CEFA.Bastogne.Bomal.Aywaille.Erezee\/","article_modified_time":"2026-03-23T09:51:30+00:00","og_image":[{"width":871,"height":249,"url":"https:\/\/cefanl.be\/wp-content\/uploads\/2020\/04\/Installateur-Chauffage-central.png","type":"image\/png"}],"twitter_card":"summary_large_image","twitter_misc":{"Dur\u00e9e de lecture estim\u00e9e":"3 minutes"},"schema":{"@context":"https:\/\/schema.org","@graph":[{"@type":"WebPage","@id":"https:\/\/cefanl.be\/index.php\/formations\/installateurtrice-en-chauffage-central\/","url":"https:\/\/cefanl.be\/index.php\/formations\/installateurtrice-en-chauffage-central\/","name":"Installateur(trice) en Chauffage Central - CEFA Nord-Luxembourg","isPartOf":{"@id":"https:\/\/cefanl.be\/#website"},"primaryImageOfPage":{"@id":"https:\/\/cefanl.be\/index.php\/formations\/installateurtrice-en-chauffage-central\/#primaryimage"},"image":{"@id":"https:\/\/cefanl.be\/index.php\/formations\/installateurtrice-en-chauffage-central\/#primaryimage"},"thumbnailUrl":"https:\/\/cefanl.be\/wp-content\/uploads\/2020\/04\/Installateur-Chauffage-central.png","datePublished":"2020-04-20T15:17:48+00:00","dateModified":"2026-03-23T09:51:30+00:00","description":"Formation d'installateur en chauffage central en alternance. Chauffagiste en alternance. - CEFA Nord-Luxembourg","breadcrumb":{"@id":"https:\/\/cefanl.be\/index.php\/formations\/installateurtrice-en-chauffage-central\/#breadcrumb"},"inLanguage":"fr-FR","potentialAction":[{"@type":"ReadAction","target":["https:\/\/cefanl.be\/index.php\/formations\/installateurtrice-en-chauffage-central\/"]}]},{"@type":"ImageObject","inLanguage":"fr-FR","@id":"https:\/\/cefanl.be\/index.php\/formations\/installateurtrice-en-chauffage-central\/#primaryimage","url":"https:\/\/cefanl.be\/wp-content\/uploads\/2020\/04\/Installateur-Chauffage-central.png","contentUrl":"https:\/\/cefanl.be\/wp-content\/uploads\/2020\/04\/Installateur-Chauffage-central.png","width":871,"height":249},{"@type":"BreadcrumbList","@id":"https:\/\/cefanl.be\/index.php\/formations\/installateurtrice-en-chauffage-central\/#breadcrumb","itemListElement":[{"@type":"ListItem","position":1,"name":"Accueil","item":"https:\/\/cefanl.be\/"},{"@type":"ListItem","position":2,"name":"FORMATIONS CEFA","item":"https:\/\/cefanl.be\/index.php\/formations\/"},{"@type":"ListItem","position":3,"name":"Installateur(trice) en Chauffage Central"}]},{"@type":"WebSite","@id":"https:\/\/cefanl.be\/#website","url":"https:\/\/cefanl.be\/","name":"CEFA Nord-Luxembourg","description":"Bastogne - Bomal - Aywaille - Erez\u00e9e - Vielsalm","publisher":{"@id":"https:\/\/cefanl.be\/#organization"},"potentialAction":[{"@type":"SearchAction","target":{"@type":"EntryPoint","urlTemplate":"https:\/\/cefanl.be\/?s={search_term_string}"},"query-input":{"@type":"PropertyValueSpecification","valueRequired":true,"valueName":"search_term_string"}}],"inLanguage":"fr-FR"},{"@type":"Organization","@id":"https:\/\/cefanl.be\/#organization","name":"CEFA Nord-Luxembourg","url":"https:\/\/cefanl.be\/","logo":{"@type":"ImageObject","inLanguage":"fr-FR","@id":"https:\/\/cefanl.be\/#\/schema\/logo\/image\/","url":"https:\/\/cefanl.be\/wp-content\/uploads\/2024\/08\/cropped-Logo-CEFA-TOUS-ARBH-ARMB-ARAY-Erezee-ARMV-ICET-202.jpg","contentUrl":"https:\/\/cefanl.be\/wp-content\/uploads\/2024\/08\/cropped-Logo-CEFA-TOUS-ARBH-ARMB-ARAY-Erezee-ARMV-ICET-202.jpg","width":643,"height":526,"caption":"CEFA Nord-Luxembourg"},"image":{"@id":"https:\/\/cefanl.be\/#\/schema\/logo\/image\/"},"sameAs":["https:\/\/www.facebook.com\/CEFA.Bastogne.Bomal.Aywaille.Erezee\/"]}]}},"uagb_featured_image_src":{"full":false,"thumbnail":false,"medium":false,"medium_large":false,"large":false,"etfrtb_logo":false,"1536x1536":false,"2048x2048":false,"tc-grid-full":false,"tc-grid":false,"tc-thumb":false,"slider-full":false,"slider":false,"tc-sq-thumb":false,"tc-ws-thumb":false,"tc-ws-small-thumb":false,"tc-slider-small":false},"uagb_author_info":{"display_name":"Geoffrey Plat\u00e9us","author_link":"https:\/\/cefanl.be\/index.php\/author\/admin2186\/"},"uagb_comment_info":0,"uagb_excerpt":"Lieux de formation M\u00e9tier L&rsquo;installateur\/L&rsquo;installatrice en chauffage central installe, r\u00e8gle, entretient et r\u00e9pare les installations en chauffage central. Il\/Elle est habitu\u00e9(e) \u00e0 installer des conduites de gaz, \u00e0 placer des radiateurs et \u00e0 raccorder des vannes thermostatiques. En outre, il\/elle est familier(\u00e8re) des appareils de r\u00e9glage modernes et s\u2019int\u00e9resse aux nouvelles technologies en la mati\u00e8re\u2026","jetpack_sharing_enabled":true,"_links":{"self":[{"href":"https:\/\/cefanl.be\/index.php\/wp-json\/wp\/v2\/pages\/290","targetHints":{"allow":["GET"]}}],"collection":[{"href":"https:\/\/cefanl.be\/index.php\/wp-json\/wp\/v2\/pages"}],"about":[{"href":"https:\/\/cefanl.be\/index.php\/wp-json\/wp\/v2\/types\/page"}],"author":[{"embeddable":true,"href":"https:\/\/cefanl.be\/index.php\/wp-json\/wp\/v2\/users\/1"}],"replies":[{"embeddable":true,"href":"https:\/\/cefanl.be\/index.php\/wp-json\/wp\/v2\/comments?post=290"}],"version-history":[{"count":14,"href":"https:\/\/cefanl.be\/index.php\/wp-json\/wp\/v2\/pages\/290\/revisions"}],"predecessor-version":[{"id":5033,"href":"https:\/\/cefanl.be\/index.php\/wp-json\/wp\/v2\/pages\/290\/revisions\/5033"}],"up":[{"embeddable":true,"href":"https:\/\/cefanl.be\/index.php\/wp-json\/wp\/v2\/pages\/39"}],"wp:attachment":[{"href":"https:\/\/cefanl.be\/index.php\/wp-json\/wp\/v2\/media?parent=290"}],"curies":[{"name":"wp","href":"https:\/\/api.w.org\/{rel}","templated":true}]}}